{"id":2124,"date":"2024-12-21T09:26:30","date_gmt":"2024-12-21T09:26:30","guid":{"rendered":"https:\/\/refrigerant-wholesale.com\/product\/refrigerante-r600a\/"},"modified":"2025-03-01T23:21:17","modified_gmt":"2025-03-01T23:21:17","slug":"refrigerante-r600a","status":"publish","type":"product","link":"https:\/\/refrigerant-wholesale.com\/es\/product\/refrigerante-r600a\/","title":{"rendered":"Refrigerante R600A"},"content":{"rendered":"<h3>Refrigerante R600A al por mayor &#8211; Proveedores fiables para env\u00edos globales<\/h3>\n<p>\u00bfBuscas una fuente fiable de <strong>refrigerante<\/strong> R600A a <strong>un precio muy competitivo<\/strong>? Suministramos <strong>refrigerante R600A<\/strong> de alta calidad <strong>al por mayor<\/strong>, adaptado a tus necesidades. Tanto si trabajas en el sector de la climatizaci\u00f3n como en el de la refrigeraci\u00f3n, nuestro producto garantiza un rendimiento \u00f3ptimo con la m\u00e1xima eficacia. Adem\u00e1s, <strong>el refrigerante<\/strong> R600A <a href=\"https:\/\/en.wikipedia.org\/wiki\/Isobutane\">sustituye<\/a> <strong><a href=\"https:\/\/refrigerant-wholesale.com\/es\/product\/refrigerante-r-134a-30lbs\/\">al R134a<\/a> y al <a href=\"https:\/\/refrigerant-wholesale.com\/current-prices-of-r134a-refrigerant-and-market-trends-in-2024\/\">R12<\/a>.<\/strong><\/p>\n<p>Adem\u00e1s, con precios competitivos y env\u00edos globales, abastecemos a empresas de todo el mundo. Descubre por qu\u00e9 somos los principales <strong>proveedores de refrigerante R600A<\/strong> del mercado actual.<\/p>\n<hr \/>\n<h4>\ud83c\udf1f <strong>\u00bfPor qu\u00e9 elegir nuestro refrigerante R600A?<\/strong><\/h4>\n<p>El R600A, tambi\u00e9n conocido como isobutano, es un refrigerante ecol\u00f3gico con propiedades t\u00e9rmicas excepcionales. Es ideal para sistemas de refrigeraci\u00f3n dom\u00e9sticos y comerciales ligeros. Sin embargo, nuestro R600A cumple todas las normas internacionales de seguridad y medio ambiente, garantizando un alto <a href=\"https:\/\/www.semrush.com\/\">rendimiento<\/a> y fiabilidad.<\/p>\n<hr \/>\n<h3>\ud83d\udccb <strong>Especificaciones del producto<\/strong><\/h3>\n<table>\n<thead>\n<tr>\n<th><strong>Especificaci\u00f3n<\/strong><\/th>\n<th><strong>Detalles<\/strong><\/th>\n<\/tr>\n<\/thead>\n<tbody>\n<tr>\n<td><strong>Nombre qu\u00edmico<\/strong><\/td>\n<td>Isobutano (R600A)<\/td>\n<\/tr>\n<tr>\n<td><strong>Pureza<\/strong><\/td>\n<td>\u2265 99.8%<\/td>\n<\/tr>\n<tr>\n<td><strong>Peso molecular<\/strong><\/td>\n<td>58,12 g\/mol<\/td>\n<\/tr>\n<tr>\n<td><strong>Punto de ebullici\u00f3n<\/strong><\/td>\n<td>-11.7\u00b0C<\/td>\n<\/tr>\n<tr>\n<td><strong>Temperatura cr\u00edtica<\/strong><\/td>\n<td>134.9\u00b0C<\/td>\n<\/tr>\n<tr>\n<td><strong>Aplicaci\u00f3n<\/strong><\/td>\n<td>Frigor\u00edficos, Congeladores, Climatizadores<\/td>\n<\/tr>\n<\/tbody>\n<\/table>\n<hr \/>\n<h3>\ud83d\udce6 <strong>Opciones de embalaje<\/strong><\/h3>\n<p>Entendemos que el embalaje desempe\u00f1a un papel crucial en el mantenimiento de la calidad del producto durante el transporte. Adem\u00e1s, nuestras opciones de<strong> envasado de refrigerantes<\/strong> est\u00e1n dise\u00f1adas para ofrecer comodidad y seguridad:<\/p>\n<table>\n<thead>\n<tr>\n<th><strong>Tama\u00f1o del envase<\/strong><\/th>\n<th><strong>Tipo de cilindro<\/strong><\/th>\n<th><strong>Peso<\/strong><\/th>\n<\/tr>\n<\/thead>\n<tbody>\n<tr>\n<td>5 KG<\/td>\n<td>Cilindro recargable<\/td>\n<td>Compacto y port\u00e1til<\/td>\n<\/tr>\n<tr>\n<td>11 KG<\/td>\n<td>Cilindro rellenable<\/td>\n<td>Ideal para uso medio<\/td>\n<\/tr>\n<tr>\n<td>50 KG<\/td>\n<td>Cilindro a granel<\/td>\n<td>Perfecto para aplicaciones a gran escala<\/td>\n<\/tr>\n<\/tbody>\n<\/table>\n<p><img loading=\"lazy\" decoding=\"async\" class=\"alignnone wp-image-848\" src=\"http:\/\/refrigerant-wholesale.com\/wp-content\/uploads\/2024\/12\/R600A-400x400.webp\" alt=\"Refrigerante R600A\" width=\"285\" height=\"285\" srcset=\"https:\/\/refrigerant-wholesale.com\/wp-content\/uploads\/2024\/12\/R600A-400x400.webp 400w, https:\/\/refrigerant-wholesale.com\/wp-content\/uploads\/2024\/12\/R600A-100x100.webp 100w, https:\/\/refrigerant-wholesale.com\/wp-content\/uploads\/2024\/12\/R600A-510x510.webp 510w, https:\/\/refrigerant-wholesale.com\/wp-content\/uploads\/2024\/12\/R600A-280x280.webp 280w, https:\/\/refrigerant-wholesale.com\/wp-content\/uploads\/2024\/12\/R600A.webp 700w\" sizes=\"auto, (max-width: 285px) 100vw, 285px\" \/><\/p>\n<p>Todos los cilindros est\u00e1n equipados con v\u00e1lvulas de seguridad y son f\u00e1ciles de manejar durante el transporte.<\/p>\n<hr \/>\n<h3>\ud83c\udf0d <strong>Env\u00edos a todo el mundo<\/strong><\/h3>\n<p>Ofrecemos <strong>env\u00edos a todo el mundo<\/strong> para satisfacer las necesidades de tu empresa, est\u00e9s donde est\u00e9s. Con un sistema log\u00edstico eficaz, garantizamos una entrega puntual y segura. Desde Asia a Europa y Am\u00e9rica, lo hacemos sin problemas.<\/p>\n<hr \/>\n<h3>\u2705 <strong>Principales ventajas de comprarnos a nosotros<\/strong><\/h3>\n<ul>\n<li><strong>Soluci\u00f3n ecol\u00f3gica<\/strong>: El R600A tiene un bajo potencial de calentamiento global (PCG), lo que lo convierte en una alternativa ecol\u00f3gica.<\/li>\n<li>Eficiencia <strong>energ\u00e9tica<\/strong>: La eficiencia energ\u00e9tica superior reduce los costes operativos.<\/li>\n<li><strong>Versatilidad<\/strong>: Perfecto para aplicaciones de refrigeraci\u00f3n residenciales y comerciales.<\/li>\n<li><strong>Cadena de suministro fiable<\/strong>: Nuestra amplia red de distribuci\u00f3n garantiza un suministro ininterrumpido.<\/li>\n<\/ul>\n<hr \/>\n<h3>\ud83d\uded2 <strong>\u00a1Pide hoy tu refrigerante R600A a granel!<\/strong><\/h3>\n<p>El\u00edgenos como tus <strong>proveedores de<\/strong> confianza <strong>de refrigerante R600A<\/strong> para obtener una calidad y un servicio insuperables. Tanto si necesitas un lote peque\u00f1o como pedidos a gran escala, estamos equipados para satisfacer tus necesidades con eficacia.<\/p>\n<hr \/>\n<h4><strong>Ponte en contacto con nosotros<\/strong><\/h4>\n<p>Deja que te ayudemos a mejorar las operaciones de tu empresa con soluciones <strong>al por mayor de refrigerante R600A<\/strong> de primera calidad. \u00a1Haz clic abajo para obtener un presupuesto hoy mismo!<\/p>\n<hr \/>\n<p>&nbsp;<\/p>\n","protected":false},"excerpt":{"rendered":"<p><img loading=\"lazy\" decoding=\"async\" class=\"alignnone wp-image-437 aligncenter\" src=\"http:\/\/refrigerant-wholesale.com\/wp-content\/uploads\/2024\/03\/Screenshot-69.png\" alt=\"\" width=\"207\" height=\"50\" \/><\/p>\n<h4 style=\"text-align: center;\"><img loading=\"lazy\" decoding=\"async\" class=\"alignnone wp-image-744\" src=\"http:\/\/refrigerant-wholesale.com\/wp-content\/uploads\/2024\/07\/removal.ai_8ca2a79e-d09f-4bd1-a4fe-c4c69f1a4386_Trade-Assurance-381x400.png\" alt=\"Refrigerantes WS\" width=\"26\" height=\"27\" srcset=\"https:\/\/refrigerant-wholesale.com\/wp-content\/uploads\/2024\/07\/removal.ai_8ca2a79e-d09f-4bd1-a4fe-c4c69f1a4386_Trade-Assurance-381x400.png 381w, https:\/\/refrigerant-wholesale.com\/wp-content\/uploads\/2024\/07\/removal.ai_8ca2a79e-d09f-4bd1-a4fe-c4c69f1a4386_Trade-Assurance-100x100.png 100w, https:\/\/refrigerant-wholesale.com\/wp-content\/uploads\/2024\/07\/removal.ai_8ca2a79e-d09f-4bd1-a4fe-c4c69f1a4386_Trade-Assurance-280x280.png 280w, https:\/\/refrigerant-wholesale.com\/wp-content\/uploads\/2024\/07\/removal.ai_8ca2a79e-d09f-4bd1-a4fe-c4c69f1a4386_Trade-Assurance.png 388w\" sizes=\"auto, (max-width: 26px) 100vw, 26px\" \/>GARANT\u00cdA COMERCIAL<\/h4>\n<div class=\"gmail-textwidget gmail-custom-html-widget\">\n<h6 style=\"text-align: center;\">Env\u00edo : Entrega en todo el mundo<\/h6>\n<h6 style=\"text-align: center;\">(Se aceptan solicitudes personalizadas)<\/h6>\n<p style=\"text-align: center;\">100% VIRGEN Sellado de f\u00e1brica GARANTIZADO<\/p>\n<\/div>\n","protected":false},"featured_media":1639,"comment_status":"open","ping_status":"closed","template":"","meta":[],"product_brand":[],"product_cat":[270],"product_tag":[372,373,375,374],"class_list":{"0":"post-2124","1":"product","2":"type-product","3":"status-publish","4":"has-post-thumbnail","6":"product_cat-sin-categoria","7":"product_tag-precio-del-refrigerante-r600a","8":"product_tag-proveedor-de-refrigerante-r600a","9":"product_tag-refrigerante-r600a","10":"product_tag-venta-al-por-mayor-de-refrigerante-r600a","12":"first","13":"instock","14":"shipping-taxable","15":"product-type-simple"},"yoast_head":"<!-- This site is optimized with the Yoast SEO Premium plugin v27.0 (Yoast SEO v27.3) - https:\/\/yoast.com\/product\/yoast-seo-premium-wordpress\/ -->\n<title>Refrigerante R600A al por mayor - Proveedor fiable Env\u00edo mundial<\/title>\n<meta name=\"description\" content=\"Comprar Refrigerante R600A al por mayor con descuento en pedidos al por mayor a proveedores 100% PREMIUM de Refrigerante R600A. Env\u00edos a todo el mundo. Servicio de atenci\u00f3n al cliente 24 horas\" \/>\n<meta name=\"robots\" content=\"index, follow, max-snippet:-1, max-image-preview:large, max-video-preview:-1\" \/>\n<link rel=\"canonical\" href=\"https:\/\/refrigerant-wholesale.com\/es\/product\/refrigerante-r600a\/\" \/>\n<meta property=\"og:locale\" content=\"es_ES\" \/>\n<meta property=\"og:type\" content=\"article\" \/>\n<meta property=\"og:title\" content=\"Refrigerante R600A\" \/>\n<meta property=\"og:description\" content=\"Comprar Refrigerante R600A al por mayor con descuento en pedidos al por mayor a proveedores 100% PREMIUM de Refrigerante R600A. Env\u00edos a todo el mundo. Servicio de atenci\u00f3n al cliente 24 horas\" \/>\n<meta property=\"og:url\" content=\"https:\/\/refrigerant-wholesale.com\/es\/product\/refrigerante-r600a\/\" \/>\n<meta property=\"og:site_name\" content=\"Refrigerant Gas Wholesale\" \/>\n<meta property=\"article:publisher\" content=\"https:\/\/www.facebook.com\/refrigerantwholesale\" \/>\n<meta property=\"article:modified_time\" content=\"2025-03-01T23:21:17+00:00\" \/>\n<meta property=\"og:image\" content=\"http:\/\/refrigerant-wholesale.com\/wp-content\/uploads\/2024\/12\/Eco-Friendly-Neutral-Packed-Refrigerant-Gas-R600A.jpg\" \/>\n\t<meta property=\"og:image:width\" content=\"550\" \/>\n\t<meta property=\"og:image:height\" content=\"550\" \/>\n\t<meta property=\"og:image:type\" content=\"image\/jpeg\" \/>\n<meta name=\"twitter:card\" content=\"summary_large_image\" \/>\n<meta name=\"twitter:label1\" content=\"Tiempo de lectura\" \/>\n\t<meta name=\"twitter:data1\" content=\"3 minutos\" \/>\n<script type=\"application\/ld+json\" class=\"yoast-schema-graph\">{\"@context\":\"https:\\\/\\\/schema.org\",\"@graph\":[{\"@type\":\"WebPage\",\"@id\":\"https:\\\/\\\/refrigerant-wholesale.com\\\/es\\\/product\\\/refrigerante-r600a\\\/\",\"url\":\"https:\\\/\\\/refrigerant-wholesale.com\\\/es\\\/product\\\/refrigerante-r600a\\\/\",\"name\":\"Refrigerante R600A al por mayor - Proveedor fiable Env\u00edo mundial\",\"isPartOf\":{\"@id\":\"https:\\\/\\\/refrigerant-wholesale.com\\\/es\\\/#website\"},\"primaryImageOfPage\":{\"@id\":\"https:\\\/\\\/refrigerant-wholesale.com\\\/es\\\/product\\\/refrigerante-r600a\\\/#primaryimage\"},\"image\":{\"@id\":\"https:\\\/\\\/refrigerant-wholesale.com\\\/es\\\/product\\\/refrigerante-r600a\\\/#primaryimage\"},\"thumbnailUrl\":\"https:\\\/\\\/refrigerant-wholesale.com\\\/wp-content\\\/uploads\\\/2024\\\/12\\\/Eco-Friendly-Neutral-Packed-Refrigerant-Gas-R600A.jpg\",\"datePublished\":\"2024-12-21T09:26:30+00:00\",\"dateModified\":\"2025-03-01T23:21:17+00:00\",\"description\":\"Comprar Refrigerante R600A al por mayor con descuento en pedidos al por mayor a proveedores 100% PREMIUM de Refrigerante R600A. Env\u00edos a todo el mundo. Servicio de atenci\u00f3n al cliente 24 horas\",\"breadcrumb\":{\"@id\":\"https:\\\/\\\/refrigerant-wholesale.com\\\/es\\\/product\\\/refrigerante-r600a\\\/#breadcrumb\"},\"inLanguage\":\"es\",\"potentialAction\":[{\"@type\":\"ReadAction\",\"target\":[\"https:\\\/\\\/refrigerant-wholesale.com\\\/es\\\/product\\\/refrigerante-r600a\\\/\"]}]},{\"@type\":\"ImageObject\",\"inLanguage\":\"es\",\"@id\":\"https:\\\/\\\/refrigerant-wholesale.com\\\/es\\\/product\\\/refrigerante-r600a\\\/#primaryimage\",\"url\":\"https:\\\/\\\/refrigerant-wholesale.com\\\/wp-content\\\/uploads\\\/2024\\\/12\\\/Eco-Friendly-Neutral-Packed-Refrigerant-Gas-R600A.jpg\",\"contentUrl\":\"https:\\\/\\\/refrigerant-wholesale.com\\\/wp-content\\\/uploads\\\/2024\\\/12\\\/Eco-Friendly-Neutral-Packed-Refrigerant-Gas-R600A.jpg\",\"width\":550,\"height\":550,\"caption\":\"Refrigerante R600A al por mayor, Proveedor de R600A\"},{\"@type\":\"BreadcrumbList\",\"@id\":\"https:\\\/\\\/refrigerant-wholesale.com\\\/es\\\/product\\\/refrigerante-r600a\\\/#breadcrumb\",\"itemListElement\":[{\"@type\":\"ListItem\",\"position\":1,\"name\":\"Home\",\"item\":\"https:\\\/\\\/refrigerant-wholesale.com\\\/es\\\/\"},{\"@type\":\"ListItem\",\"position\":2,\"name\":\"Tienda\",\"item\":\"https:\\\/\\\/refrigerant-wholesale.com\\\/es\\\/tienda\\\/\"},{\"@type\":\"ListItem\",\"position\":3,\"name\":\"Refrigerante R600A\"}]},{\"@type\":\"WebSite\",\"@id\":\"https:\\\/\\\/refrigerant-wholesale.com\\\/es\\\/#website\",\"url\":\"https:\\\/\\\/refrigerant-wholesale.com\\\/es\\\/\",\"name\":\"Refrigerant Gas Wholesale\",\"description\":\"AC Gas supplier\",\"publisher\":{\"@id\":\"https:\\\/\\\/refrigerant-wholesale.com\\\/es\\\/#organization\"},\"potentialAction\":[{\"@type\":\"SearchAction\",\"target\":{\"@type\":\"EntryPoint\",\"urlTemplate\":\"https:\\\/\\\/refrigerant-wholesale.com\\\/es\\\/?s={search_term_string}\"},\"query-input\":{\"@type\":\"PropertyValueSpecification\",\"valueRequired\":true,\"valueName\":\"search_term_string\"}}],\"inLanguage\":\"es\"},{\"@type\":\"Organization\",\"@id\":\"https:\\\/\\\/refrigerant-wholesale.com\\\/es\\\/#organization\",\"name\":\"Refrigerant Gas Wholesale\",\"url\":\"https:\\\/\\\/refrigerant-wholesale.com\\\/es\\\/\",\"logo\":{\"@type\":\"ImageObject\",\"inLanguage\":\"es\",\"@id\":\"https:\\\/\\\/refrigerant-wholesale.com\\\/es\\\/#\\\/schema\\\/logo\\\/image\\\/\",\"url\":\"http:\\\/\\\/refrigerant-wholesale.com\\\/wp-content\\\/uploads\\\/2024\\\/04\\\/refrigerant-logo.png\",\"contentUrl\":\"http:\\\/\\\/refrigerant-wholesale.com\\\/wp-content\\\/uploads\\\/2024\\\/04\\\/refrigerant-logo.png\",\"width\":400,\"height\":84,\"caption\":\"Refrigerant Gas Wholesale\"},\"image\":{\"@id\":\"https:\\\/\\\/refrigerant-wholesale.com\\\/es\\\/#\\\/schema\\\/logo\\\/image\\\/\"},\"sameAs\":[\"https:\\\/\\\/www.facebook.com\\\/refrigerantwholesale\"]}]}<\/script>\n<!-- \/ Yoast SEO Premium plugin. -->","yoast_head_json":{"title":"Refrigerante R600A al por mayor - Proveedor fiable Env\u00edo mundial","description":"Comprar Refrigerante R600A al por mayor con descuento en pedidos al por mayor a proveedores 100% PREMIUM de Refrigerante R600A. Env\u00edos a todo el mundo. Servicio de atenci\u00f3n al cliente 24 horas","robots":{"index":"index","follow":"follow","max-snippet":"max-snippet:-1","max-image-preview":"max-image-preview:large","max-video-preview":"max-video-preview:-1"},"canonical":"https:\/\/refrigerant-wholesale.com\/es\/product\/refrigerante-r600a\/","og_locale":"es_ES","og_type":"article","og_title":"Refrigerante R600A","og_description":"Comprar Refrigerante R600A al por mayor con descuento en pedidos al por mayor a proveedores 100% PREMIUM de Refrigerante R600A. Env\u00edos a todo el mundo. Servicio de atenci\u00f3n al cliente 24 horas","og_url":"https:\/\/refrigerant-wholesale.com\/es\/product\/refrigerante-r600a\/","og_site_name":"Refrigerant Gas Wholesale","article_publisher":"https:\/\/www.facebook.com\/refrigerantwholesale","article_modified_time":"2025-03-01T23:21:17+00:00","og_image":[{"width":550,"height":550,"url":"http:\/\/refrigerant-wholesale.com\/wp-content\/uploads\/2024\/12\/Eco-Friendly-Neutral-Packed-Refrigerant-Gas-R600A.jpg","type":"image\/jpeg"}],"twitter_card":"summary_large_image","twitter_misc":{"Tiempo de lectura":"3 minutos"},"schema":{"@context":"https:\/\/schema.org","@graph":[{"@type":"WebPage","@id":"https:\/\/refrigerant-wholesale.com\/es\/product\/refrigerante-r600a\/","url":"https:\/\/refrigerant-wholesale.com\/es\/product\/refrigerante-r600a\/","name":"Refrigerante R600A al por mayor - Proveedor fiable Env\u00edo mundial","isPartOf":{"@id":"https:\/\/refrigerant-wholesale.com\/es\/#website"},"primaryImageOfPage":{"@id":"https:\/\/refrigerant-wholesale.com\/es\/product\/refrigerante-r600a\/#primaryimage"},"image":{"@id":"https:\/\/refrigerant-wholesale.com\/es\/product\/refrigerante-r600a\/#primaryimage"},"thumbnailUrl":"https:\/\/refrigerant-wholesale.com\/wp-content\/uploads\/2024\/12\/Eco-Friendly-Neutral-Packed-Refrigerant-Gas-R600A.jpg","datePublished":"2024-12-21T09:26:30+00:00","dateModified":"2025-03-01T23:21:17+00:00","description":"Comprar Refrigerante R600A al por mayor con descuento en pedidos al por mayor a proveedores 100% PREMIUM de Refrigerante R600A. Env\u00edos a todo el mundo. Servicio de atenci\u00f3n al cliente 24 horas","breadcrumb":{"@id":"https:\/\/refrigerant-wholesale.com\/es\/product\/refrigerante-r600a\/#breadcrumb"},"inLanguage":"es","potentialAction":[{"@type":"ReadAction","target":["https:\/\/refrigerant-wholesale.com\/es\/product\/refrigerante-r600a\/"]}]},{"@type":"ImageObject","inLanguage":"es","@id":"https:\/\/refrigerant-wholesale.com\/es\/product\/refrigerante-r600a\/#primaryimage","url":"https:\/\/refrigerant-wholesale.com\/wp-content\/uploads\/2024\/12\/Eco-Friendly-Neutral-Packed-Refrigerant-Gas-R600A.jpg","contentUrl":"https:\/\/refrigerant-wholesale.com\/wp-content\/uploads\/2024\/12\/Eco-Friendly-Neutral-Packed-Refrigerant-Gas-R600A.jpg","width":550,"height":550,"caption":"Refrigerante R600A al por mayor, Proveedor de R600A"},{"@type":"BreadcrumbList","@id":"https:\/\/refrigerant-wholesale.com\/es\/product\/refrigerante-r600a\/#breadcrumb","itemListElement":[{"@type":"ListItem","position":1,"name":"Home","item":"https:\/\/refrigerant-wholesale.com\/es\/"},{"@type":"ListItem","position":2,"name":"Tienda","item":"https:\/\/refrigerant-wholesale.com\/es\/tienda\/"},{"@type":"ListItem","position":3,"name":"Refrigerante R600A"}]},{"@type":"WebSite","@id":"https:\/\/refrigerant-wholesale.com\/es\/#website","url":"https:\/\/refrigerant-wholesale.com\/es\/","name":"Refrigerant Gas Wholesale","description":"AC Gas supplier","publisher":{"@id":"https:\/\/refrigerant-wholesale.com\/es\/#organization"},"potentialAction":[{"@type":"SearchAction","target":{"@type":"EntryPoint","urlTemplate":"https:\/\/refrigerant-wholesale.com\/es\/?s={search_term_string}"},"query-input":{"@type":"PropertyValueSpecification","valueRequired":true,"valueName":"search_term_string"}}],"inLanguage":"es"},{"@type":"Organization","@id":"https:\/\/refrigerant-wholesale.com\/es\/#organization","name":"Refrigerant Gas Wholesale","url":"https:\/\/refrigerant-wholesale.com\/es\/","logo":{"@type":"ImageObject","inLanguage":"es","@id":"https:\/\/refrigerant-wholesale.com\/es\/#\/schema\/logo\/image\/","url":"http:\/\/refrigerant-wholesale.com\/wp-content\/uploads\/2024\/04\/refrigerant-logo.png","contentUrl":"http:\/\/refrigerant-wholesale.com\/wp-content\/uploads\/2024\/04\/refrigerant-logo.png","width":400,"height":84,"caption":"Refrigerant Gas Wholesale"},"image":{"@id":"https:\/\/refrigerant-wholesale.com\/es\/#\/schema\/logo\/image\/"},"sameAs":["https:\/\/www.facebook.com\/refrigerantwholesale"]}]}},"_links":{"self":[{"href":"https:\/\/refrigerant-wholesale.com\/es\/wp-json\/wp\/v2\/product\/2124","targetHints":{"allow":["GET"]}}],"collection":[{"href":"https:\/\/refrigerant-wholesale.com\/es\/wp-json\/wp\/v2\/product"}],"about":[{"href":"https:\/\/refrigerant-wholesale.com\/es\/wp-json\/wp\/v2\/types\/product"}],"replies":[{"embeddable":true,"href":"https:\/\/refrigerant-wholesale.com\/es\/wp-json\/wp\/v2\/comments?post=2124"}],"wp:featuredmedia":[{"embeddable":true,"href":"https:\/\/refrigerant-wholesale.com\/es\/wp-json\/wp\/v2\/media\/1639"}],"wp:attachment":[{"href":"https:\/\/refrigerant-wholesale.com\/es\/wp-json\/wp\/v2\/media?parent=2124"}],"wp:term":[{"taxonomy":"product_brand","embeddable":true,"href":"https:\/\/refrigerant-wholesale.com\/es\/wp-json\/wp\/v2\/product_brand?post=2124"},{"taxonomy":"product_cat","embeddable":true,"href":"https:\/\/refrigerant-wholesale.com\/es\/wp-json\/wp\/v2\/product_cat?post=2124"},{"taxonomy":"product_tag","embeddable":true,"href":"https:\/\/refrigerant-wholesale.com\/es\/wp-json\/wp\/v2\/product_tag?post=2124"}],"curies":[{"name":"wp","href":"https:\/\/api.w.org\/{rel}","templated":true}]}}