{"id":2121,"date":"2024-10-01T19:24:10","date_gmt":"2024-10-01T19:24:10","guid":{"rendered":"https:\/\/refrigerant-wholesale.com\/product\/refrigerante-r422d\/"},"modified":"2025-03-01T23:23:14","modified_gmt":"2025-03-01T23:23:14","slug":"refrigerante-r422d","status":"publish","type":"product","link":"https:\/\/refrigerant-wholesale.com\/es\/product\/refrigerante-r422d\/","title":{"rendered":"Refrigerante R422D"},"content":{"rendered":"<p><strong>Suministro al por mayor de refrigerante R422D &#8211; De alta calidad, fiable y respetuoso con el medio ambiente<\/strong><\/p>\n<p>\u00bfBuscas un proveedor mayorista fiable de <strong>refrigerante R422D<\/strong>? \u00a1No busques m\u00e1s! Ofrecemos <strong>refrigerante R-422D<\/strong> a precios competitivos, entregado en todo el mundo. Tanto si trabajas en el sector de la climatizaci\u00f3n, como si gestionas la refrigeraci\u00f3n comercial o necesitas soluciones de refrigeraci\u00f3n eficientes, <strong>el refrigerante<\/strong> R-422D es la opci\u00f3n ecol\u00f3gica y rentable para las necesidades de tu empresa. proveedor mayorista de refrigerante R422D<\/p>\n<h3>\u00bfQu\u00e9 es el refrigerante R422D?<\/h3>\n<p><strong>El refrigerante R422D<\/strong> es una mezcla de hidrofluorocarburos (HFC) que no agota la capa de ozono, dise\u00f1ada como <strong>sustituto directo del refrigerante R22<\/strong>. Ante la creciente preocupaci\u00f3n por el impacto medioambiental, la mezcla de <strong>refrigerante R<\/strong> -422D ofrece una alternativa fiable, eficiente energ\u00e9ticamente y respetuosa con el medio ambiente, que reduce la demanda de R22. Este refrigerante se utiliza ampliamente en <strong>sistemas de aire acondicionado<\/strong>, refrigeraci\u00f3n comercial y otras aplicaciones de refrigeraci\u00f3n.<\/p>\n<p><strong>El refrigerante<\/strong> R422D est\u00e1 formulado para proporcionar un rendimiento \u00f3ptimo manteniendo la compatibilidad del sistema, lo que elimina la necesidad de costosas adaptaciones o sustituciones de equipos. Si buscas una <strong>alternativa al R22<\/strong> que equilibre rendimiento, fiabilidad y cumplimiento de la normativa medioambiental, <strong>el refrigerante<a href=\"https:\/\/www.google.com\/search?q=R-422D+refrigerant&amp;sca_esv=d0b803cd6a659de4&amp;sca_upv=1&amp;sxsrf=ADLYWILzru2bwileve_zVD5v4eA3IRhkuw%3A1727822388897&amp;source=hp&amp;ei=NHr8ZvC_NKiOxc8PnqWsoAU&amp;iflsig=AL9hbdgAAAAAZvyIRDpan9klDRTbhrv6BUD736Gplscm&amp;ved=0ahUKEwjwqeT9n-6IAxUoR_EDHZ4SC1QQ4dUDCBY&amp;uact=5&amp;oq=R-422D+refrigerant&amp;gs_lp=Egdnd3Mtd2l6IhJSLTQyMkQgcmVmcmlnZXJhbnQyBRAAGIAEMgYQABgWGB4yBhAAGBYYHjILEAAYgAQYhgMYigUyCxAAGIAEGIYDGIoFMgsQABiABBiGAxiKBTILEAAYgAQYhgMYigUyCxAAGIAEGIYDGIoFMggQABiABBiiBDIIEAAYgAQYogRI7m9QAFjvYnABeACQAQCYAXmgAXmqAQMwLjG4AQPIAQD4AQL4AQGYAgKgAogBqAIKwgIHECMYJxjqApgDC5IHAzEuMaAHsgY&amp;sclient=gws-wiz\">R422D<\/a><\/strong> es la elecci\u00f3n ideal.<\/p>\n<h3>Ventajas del refrigerante R422D<\/h3>\n<p>Al elegir <strong>refrigerante R422D<\/strong> a granel, obtienes varias ventajas, entre ellas<\/p>\n<ul>\n<li><strong>Soluci\u00f3n respetuosa con el medio ambiente<\/strong>: <strong>El refrigerante R-422D<\/strong> tiene un potencial de agotamiento de la capa de ozono (PAO) cero, lo que lo convierte en una opci\u00f3n excelente para las empresas preocupadas por el medio ambiente.<\/li>\n<li><strong>Facilidad de uso<\/strong>: Este refrigerante sirve como <strong>sustituto directo <a href=\"https:\/\/refrigerant-wholesale.com\/es\/product\/refron-gas-refrigerante-r22-136kg\/\">del R22<\/a><\/strong>, lo que significa que funciona con los equipos existentes, reduciendo los costes de instalaci\u00f3n.<\/li>\n<li><strong>Rentabilidad<\/strong>: Comprar <strong>refrigerante R-422D<\/strong> al por mayor te ahorra dinero tanto en costes de producto como operativos. Nuestras opciones de suministro al por mayor te garantizan el mejor valor por tu compra.<\/li>\n<li><strong>Amplia gama de aplicaciones<\/strong>: Adecuado para una gran variedad de <strong>sistemas de calefacci\u00f3n, ventilaci\u00f3n y aire acondicionado<\/strong>, unidades de refrigeraci\u00f3n comercial y otros sistemas de refrigeraci\u00f3n, <strong>el refrigerante R-422D<\/strong> ofrece un uso vers\u00e1til en industrias de todo el mundo.<\/li>\n<\/ul>\n<h3>\u00bfPor qu\u00e9 elegirnos como proveedor mayorista de refrigerante R-422D?<\/h3>\n<p>Nos comprometemos a proporcionar a nuestros clientes <strong>refrigerante R-422D<\/strong> de la m\u00e1xima calidad, garantizando al mismo tiempo una entrega r\u00e1pida, fiable y en todo el mundo. He aqu\u00ed por qu\u00e9 elegirnos para tu suministro al por mayor es la mejor decisi\u00f3n:<\/p>\n<ul>\n<li><strong>Distribuci\u00f3n mundial<\/strong>: Enviamos <strong>refrigerante R-422D<\/strong> a clientes de todo el mundo, garantizando una entrega puntual sea cual sea tu ubicaci\u00f3n.<\/li>\n<li><strong>Precios competitivos<\/strong>: Como proveedor mayorista l\u00edder, ofrecemos <strong>precios competitivos<\/strong> en pedidos al por mayor de <strong>refrigerante R-422D<\/strong> para ayudarte a optimizar los costes de tu negocio.<\/li>\n<li><strong>Atenci\u00f3n al cliente<\/strong>: Nuestro experto equipo de atenci\u00f3n al cliente est\u00e1 a tu disposici\u00f3n para responder a cualquier pregunta sobre <strong>el refrigerante R-422D<\/strong>, gui\u00e1ndote en cada paso del proceso de compra.<\/li>\n<li><strong>Productos de alta calidad<\/strong>: Nuestro <strong>refrigerante R-422D<\/strong> cumple todas las normas y reglamentos del sector, garantizando la seguridad y eficacia de tus sistemas.<\/li>\n<\/ul>\n<h3>Pide hoy refrigerante R422D a granel<\/h3>\n<p>Si buscas un <strong>proveedor mayorista de refrigerante R-422D<\/strong> fiable y de confianza, no busques m\u00e1s. Ponte en contacto con nosotros hoy mismo para obtener un presupuesto y aprovechar nuestra red de distribuci\u00f3n mundial. Aseg\u00farate de que tu negocio funciona sin problemas con la soluci\u00f3n de refrigerante m\u00e1s eficiente, ecol\u00f3gica y rentable del mercado.<\/p>\n","protected":false},"excerpt":{"rendered":"<p><img loading=\"lazy\" decoding=\"async\" class=\"alignnone wp-image-437 aligncenter\" src=\"http:\/\/refrigerant-wholesale.com\/wp-content\/uploads\/2024\/03\/Screenshot-69.png\" alt=\"\" width=\"207\" height=\"50\" \/><\/p>\n<h4 style=\"text-align: center;\"><img loading=\"lazy\" decoding=\"async\" class=\"alignnone wp-image-744\" src=\"http:\/\/refrigerant-wholesale.com\/wp-content\/uploads\/2024\/07\/removal.ai_8ca2a79e-d09f-4bd1-a4fe-c4c69f1a4386_Trade-Assurance-381x400.png\" alt=\"Refrigerantes WS\" width=\"26\" height=\"27\" srcset=\"https:\/\/refrigerant-wholesale.com\/wp-content\/uploads\/2024\/07\/removal.ai_8ca2a79e-d09f-4bd1-a4fe-c4c69f1a4386_Trade-Assurance-381x400.png 381w, https:\/\/refrigerant-wholesale.com\/wp-content\/uploads\/2024\/07\/removal.ai_8ca2a79e-d09f-4bd1-a4fe-c4c69f1a4386_Trade-Assurance-100x100.png 100w, https:\/\/refrigerant-wholesale.com\/wp-content\/uploads\/2024\/07\/removal.ai_8ca2a79e-d09f-4bd1-a4fe-c4c69f1a4386_Trade-Assurance-280x280.png 280w, https:\/\/refrigerant-wholesale.com\/wp-content\/uploads\/2024\/07\/removal.ai_8ca2a79e-d09f-4bd1-a4fe-c4c69f1a4386_Trade-Assurance.png 388w\" sizes=\"auto, (max-width: 26px) 100vw, 26px\" \/>GARANT\u00cdA COMERCIAL<\/h4>\n<div class=\"gmail-textwidget gmail-custom-html-widget\">\n<h6 style=\"text-align: center;\">Env\u00edo : Entrega en todo el mundo<\/h6>\n<h6 style=\"text-align: center;\">(Se aceptan solicitudes personalizadas)<\/h6>\n<p style=\"text-align: center;\">100% VIRGEN Sellado de f\u00e1brica GARANTIZADO<\/p>\n<\/div>\n","protected":false},"featured_media":1627,"comment_status":"open","ping_status":"closed","template":"","meta":[],"product_brand":[],"product_cat":[270],"product_tag":[],"class_list":{"0":"post-2121","1":"product","2":"type-product","3":"status-publish","4":"has-post-thumbnail","6":"product_cat-sin-categoria","8":"first","9":"instock","10":"shipping-taxable","11":"product-type-simple"},"yoast_head":"<!-- This site is optimized with the Yoast SEO Premium plugin v27.0 (Yoast SEO v27.3) - https:\/\/yoast.com\/product\/yoast-seo-premium-wordpress\/ -->\n<title>Refrigerante R422D | Proveedor al por mayor de Refrigerante R422<\/title>\n<meta name=\"description\" content=\"Refrigerante R22 de recambio, Refrigerante R-422D, Proveedor mundial de refrigerantes. Mayorista de refrigerante R422D, mayorista de refrigerante R422D\" \/>\n<meta name=\"robots\" content=\"index, follow, max-snippet:-1, max-image-preview:large, max-video-preview:-1\" \/>\n<link rel=\"canonical\" href=\"https:\/\/refrigerant-wholesale.com\/es\/product\/refrigerante-r422d\/\" \/>\n<meta property=\"og:locale\" content=\"es_ES\" \/>\n<meta property=\"og:type\" content=\"article\" \/>\n<meta property=\"og:title\" content=\"Refrigerante R422D\" \/>\n<meta property=\"og:description\" content=\"Refrigerante R22 de recambio, Refrigerante R-422D, Proveedor mundial de refrigerantes. Mayorista de refrigerante R422D, mayorista de refrigerante R422D\" \/>\n<meta property=\"og:url\" content=\"https:\/\/refrigerant-wholesale.com\/es\/product\/refrigerante-r422d\/\" \/>\n<meta property=\"og:site_name\" content=\"Refrigerant Gas Wholesale\" \/>\n<meta property=\"article:publisher\" content=\"https:\/\/www.facebook.com\/refrigerantwholesale\" \/>\n<meta property=\"article:modified_time\" content=\"2025-03-01T23:23:14+00:00\" \/>\n<meta property=\"og:image\" content=\"http:\/\/refrigerant-wholesale.com\/wp-content\/uploads\/2024\/10\/R422D-Refrigerant.webp\" \/>\n\t<meta property=\"og:image:width\" content=\"823\" \/>\n\t<meta property=\"og:image:height\" content=\"1097\" \/>\n\t<meta property=\"og:image:type\" content=\"image\/webp\" \/>\n<meta name=\"twitter:card\" content=\"summary_large_image\" \/>\n<meta name=\"twitter:label1\" content=\"Tiempo de lectura\" \/>\n\t<meta name=\"twitter:data1\" content=\"3 minutos\" \/>\n<script type=\"application\/ld+json\" class=\"yoast-schema-graph\">{\"@context\":\"https:\\\/\\\/schema.org\",\"@graph\":[{\"@type\":\"WebPage\",\"@id\":\"https:\\\/\\\/refrigerant-wholesale.com\\\/es\\\/product\\\/refrigerante-r422d\\\/\",\"url\":\"https:\\\/\\\/refrigerant-wholesale.com\\\/es\\\/product\\\/refrigerante-r422d\\\/\",\"name\":\"Refrigerante R422D | Proveedor al por mayor de Refrigerante R422\",\"isPartOf\":{\"@id\":\"https:\\\/\\\/refrigerant-wholesale.com\\\/es\\\/#website\"},\"primaryImageOfPage\":{\"@id\":\"https:\\\/\\\/refrigerant-wholesale.com\\\/es\\\/product\\\/refrigerante-r422d\\\/#primaryimage\"},\"image\":{\"@id\":\"https:\\\/\\\/refrigerant-wholesale.com\\\/es\\\/product\\\/refrigerante-r422d\\\/#primaryimage\"},\"thumbnailUrl\":\"https:\\\/\\\/refrigerant-wholesale.com\\\/wp-content\\\/uploads\\\/2024\\\/10\\\/R422D-Refrigerant.webp\",\"datePublished\":\"2024-10-01T19:24:10+00:00\",\"dateModified\":\"2025-03-01T23:23:14+00:00\",\"description\":\"Refrigerante R22 de recambio, Refrigerante R-422D, Proveedor mundial de refrigerantes. Mayorista de refrigerante R422D, mayorista de refrigerante R422D\",\"breadcrumb\":{\"@id\":\"https:\\\/\\\/refrigerant-wholesale.com\\\/es\\\/product\\\/refrigerante-r422d\\\/#breadcrumb\"},\"inLanguage\":\"es\",\"potentialAction\":[{\"@type\":\"ReadAction\",\"target\":[\"https:\\\/\\\/refrigerant-wholesale.com\\\/es\\\/product\\\/refrigerante-r422d\\\/\"]}]},{\"@type\":\"ImageObject\",\"inLanguage\":\"es\",\"@id\":\"https:\\\/\\\/refrigerant-wholesale.com\\\/es\\\/product\\\/refrigerante-r422d\\\/#primaryimage\",\"url\":\"https:\\\/\\\/refrigerant-wholesale.com\\\/wp-content\\\/uploads\\\/2024\\\/10\\\/R422D-Refrigerant.webp\",\"contentUrl\":\"https:\\\/\\\/refrigerant-wholesale.com\\\/wp-content\\\/uploads\\\/2024\\\/10\\\/R422D-Refrigerant.webp\",\"width\":823,\"height\":1097,\"caption\":\"Refrigerante R422D\"},{\"@type\":\"BreadcrumbList\",\"@id\":\"https:\\\/\\\/refrigerant-wholesale.com\\\/es\\\/product\\\/refrigerante-r422d\\\/#breadcrumb\",\"itemListElement\":[{\"@type\":\"ListItem\",\"position\":1,\"name\":\"Home\",\"item\":\"https:\\\/\\\/refrigerant-wholesale.com\\\/es\\\/\"},{\"@type\":\"ListItem\",\"position\":2,\"name\":\"Tienda\",\"item\":\"https:\\\/\\\/refrigerant-wholesale.com\\\/es\\\/tienda\\\/\"},{\"@type\":\"ListItem\",\"position\":3,\"name\":\"Refrigerante R422D\"}]},{\"@type\":\"WebSite\",\"@id\":\"https:\\\/\\\/refrigerant-wholesale.com\\\/es\\\/#website\",\"url\":\"https:\\\/\\\/refrigerant-wholesale.com\\\/es\\\/\",\"name\":\"Refrigerant Gas Wholesale\",\"description\":\"AC Gas supplier\",\"publisher\":{\"@id\":\"https:\\\/\\\/refrigerant-wholesale.com\\\/es\\\/#organization\"},\"potentialAction\":[{\"@type\":\"SearchAction\",\"target\":{\"@type\":\"EntryPoint\",\"urlTemplate\":\"https:\\\/\\\/refrigerant-wholesale.com\\\/es\\\/?s={search_term_string}\"},\"query-input\":{\"@type\":\"PropertyValueSpecification\",\"valueRequired\":true,\"valueName\":\"search_term_string\"}}],\"inLanguage\":\"es\"},{\"@type\":\"Organization\",\"@id\":\"https:\\\/\\\/refrigerant-wholesale.com\\\/es\\\/#organization\",\"name\":\"Refrigerant Gas Wholesale\",\"url\":\"https:\\\/\\\/refrigerant-wholesale.com\\\/es\\\/\",\"logo\":{\"@type\":\"ImageObject\",\"inLanguage\":\"es\",\"@id\":\"https:\\\/\\\/refrigerant-wholesale.com\\\/es\\\/#\\\/schema\\\/logo\\\/image\\\/\",\"url\":\"http:\\\/\\\/refrigerant-wholesale.com\\\/wp-content\\\/uploads\\\/2024\\\/04\\\/refrigerant-logo.png\",\"contentUrl\":\"http:\\\/\\\/refrigerant-wholesale.com\\\/wp-content\\\/uploads\\\/2024\\\/04\\\/refrigerant-logo.png\",\"width\":400,\"height\":84,\"caption\":\"Refrigerant Gas Wholesale\"},\"image\":{\"@id\":\"https:\\\/\\\/refrigerant-wholesale.com\\\/es\\\/#\\\/schema\\\/logo\\\/image\\\/\"},\"sameAs\":[\"https:\\\/\\\/www.facebook.com\\\/refrigerantwholesale\"]}]}<\/script>\n<!-- \/ Yoast SEO Premium plugin. -->","yoast_head_json":{"title":"Refrigerante R422D | Proveedor al por mayor de Refrigerante R422","description":"Refrigerante R22 de recambio, Refrigerante R-422D, Proveedor mundial de refrigerantes. Mayorista de refrigerante R422D, mayorista de refrigerante R422D","robots":{"index":"index","follow":"follow","max-snippet":"max-snippet:-1","max-image-preview":"max-image-preview:large","max-video-preview":"max-video-preview:-1"},"canonical":"https:\/\/refrigerant-wholesale.com\/es\/product\/refrigerante-r422d\/","og_locale":"es_ES","og_type":"article","og_title":"Refrigerante R422D","og_description":"Refrigerante R22 de recambio, Refrigerante R-422D, Proveedor mundial de refrigerantes. Mayorista de refrigerante R422D, mayorista de refrigerante R422D","og_url":"https:\/\/refrigerant-wholesale.com\/es\/product\/refrigerante-r422d\/","og_site_name":"Refrigerant Gas Wholesale","article_publisher":"https:\/\/www.facebook.com\/refrigerantwholesale","article_modified_time":"2025-03-01T23:23:14+00:00","og_image":[{"width":823,"height":1097,"url":"http:\/\/refrigerant-wholesale.com\/wp-content\/uploads\/2024\/10\/R422D-Refrigerant.webp","type":"image\/webp"}],"twitter_card":"summary_large_image","twitter_misc":{"Tiempo de lectura":"3 minutos"},"schema":{"@context":"https:\/\/schema.org","@graph":[{"@type":"WebPage","@id":"https:\/\/refrigerant-wholesale.com\/es\/product\/refrigerante-r422d\/","url":"https:\/\/refrigerant-wholesale.com\/es\/product\/refrigerante-r422d\/","name":"Refrigerante R422D | Proveedor al por mayor de Refrigerante R422","isPartOf":{"@id":"https:\/\/refrigerant-wholesale.com\/es\/#website"},"primaryImageOfPage":{"@id":"https:\/\/refrigerant-wholesale.com\/es\/product\/refrigerante-r422d\/#primaryimage"},"image":{"@id":"https:\/\/refrigerant-wholesale.com\/es\/product\/refrigerante-r422d\/#primaryimage"},"thumbnailUrl":"https:\/\/refrigerant-wholesale.com\/wp-content\/uploads\/2024\/10\/R422D-Refrigerant.webp","datePublished":"2024-10-01T19:24:10+00:00","dateModified":"2025-03-01T23:23:14+00:00","description":"Refrigerante R22 de recambio, Refrigerante R-422D, Proveedor mundial de refrigerantes. Mayorista de refrigerante R422D, mayorista de refrigerante R422D","breadcrumb":{"@id":"https:\/\/refrigerant-wholesale.com\/es\/product\/refrigerante-r422d\/#breadcrumb"},"inLanguage":"es","potentialAction":[{"@type":"ReadAction","target":["https:\/\/refrigerant-wholesale.com\/es\/product\/refrigerante-r422d\/"]}]},{"@type":"ImageObject","inLanguage":"es","@id":"https:\/\/refrigerant-wholesale.com\/es\/product\/refrigerante-r422d\/#primaryimage","url":"https:\/\/refrigerant-wholesale.com\/wp-content\/uploads\/2024\/10\/R422D-Refrigerant.webp","contentUrl":"https:\/\/refrigerant-wholesale.com\/wp-content\/uploads\/2024\/10\/R422D-Refrigerant.webp","width":823,"height":1097,"caption":"Refrigerante R422D"},{"@type":"BreadcrumbList","@id":"https:\/\/refrigerant-wholesale.com\/es\/product\/refrigerante-r422d\/#breadcrumb","itemListElement":[{"@type":"ListItem","position":1,"name":"Home","item":"https:\/\/refrigerant-wholesale.com\/es\/"},{"@type":"ListItem","position":2,"name":"Tienda","item":"https:\/\/refrigerant-wholesale.com\/es\/tienda\/"},{"@type":"ListItem","position":3,"name":"Refrigerante R422D"}]},{"@type":"WebSite","@id":"https:\/\/refrigerant-wholesale.com\/es\/#website","url":"https:\/\/refrigerant-wholesale.com\/es\/","name":"Refrigerant Gas Wholesale","description":"AC Gas supplier","publisher":{"@id":"https:\/\/refrigerant-wholesale.com\/es\/#organization"},"potentialAction":[{"@type":"SearchAction","target":{"@type":"EntryPoint","urlTemplate":"https:\/\/refrigerant-wholesale.com\/es\/?s={search_term_string}"},"query-input":{"@type":"PropertyValueSpecification","valueRequired":true,"valueName":"search_term_string"}}],"inLanguage":"es"},{"@type":"Organization","@id":"https:\/\/refrigerant-wholesale.com\/es\/#organization","name":"Refrigerant Gas Wholesale","url":"https:\/\/refrigerant-wholesale.com\/es\/","logo":{"@type":"ImageObject","inLanguage":"es","@id":"https:\/\/refrigerant-wholesale.com\/es\/#\/schema\/logo\/image\/","url":"http:\/\/refrigerant-wholesale.com\/wp-content\/uploads\/2024\/04\/refrigerant-logo.png","contentUrl":"http:\/\/refrigerant-wholesale.com\/wp-content\/uploads\/2024\/04\/refrigerant-logo.png","width":400,"height":84,"caption":"Refrigerant Gas Wholesale"},"image":{"@id":"https:\/\/refrigerant-wholesale.com\/es\/#\/schema\/logo\/image\/"},"sameAs":["https:\/\/www.facebook.com\/refrigerantwholesale"]}]}},"_links":{"self":[{"href":"https:\/\/refrigerant-wholesale.com\/es\/wp-json\/wp\/v2\/product\/2121","targetHints":{"allow":["GET"]}}],"collection":[{"href":"https:\/\/refrigerant-wholesale.com\/es\/wp-json\/wp\/v2\/product"}],"about":[{"href":"https:\/\/refrigerant-wholesale.com\/es\/wp-json\/wp\/v2\/types\/product"}],"replies":[{"embeddable":true,"href":"https:\/\/refrigerant-wholesale.com\/es\/wp-json\/wp\/v2\/comments?post=2121"}],"wp:featuredmedia":[{"embeddable":true,"href":"https:\/\/refrigerant-wholesale.com\/es\/wp-json\/wp\/v2\/media\/1627"}],"wp:attachment":[{"href":"https:\/\/refrigerant-wholesale.com\/es\/wp-json\/wp\/v2\/media?parent=2121"}],"wp:term":[{"taxonomy":"product_brand","embeddable":true,"href":"https:\/\/refrigerant-wholesale.com\/es\/wp-json\/wp\/v2\/product_brand?post=2121"},{"taxonomy":"product_cat","embeddable":true,"href":"https:\/\/refrigerant-wholesale.com\/es\/wp-json\/wp\/v2\/product_cat?post=2121"},{"taxonomy":"product_tag","embeddable":true,"href":"https:\/\/refrigerant-wholesale.com\/es\/wp-json\/wp\/v2\/product_tag?post=2121"}],"curies":[{"name":"wp","href":"https:\/\/api.w.org\/{rel}","templated":true}]}}