{"id":2118,"date":"2024-10-01T19:25:59","date_gmt":"2024-10-01T19:25:59","guid":{"rendered":"https:\/\/refrigerant-wholesale.com\/product\/refrigerante-r32\/"},"modified":"2025-03-01T23:22:10","modified_gmt":"2025-03-01T23:22:10","slug":"refrigerante-r32","status":"publish","type":"product","link":"https:\/\/refrigerant-wholesale.com\/es\/product\/refrigerante-r32\/","title":{"rendered":"Refrigerante R32"},"content":{"rendered":"<p><strong>Refrigerante R32 para suministro al por mayor &#8211; Tu soluci\u00f3n global para una refrigeraci\u00f3n respetuosa con el medio ambiente<\/strong><\/p>\n<p>\u00bfBuscas un proveedor fiable de <strong>refrigerante R32<\/strong> para tu empresa? Ofrecemos refrigerante R32 al por mayor para su distribuci\u00f3n en todo el mundo, garantiz\u00e1ndote el acceso a este refrigerante <strong>eficiente energ\u00e9ticamente<\/strong> y <strong>respetuoso con el medio ambiente<\/strong> a precios competitivos. Tanto si trabajas en el sector <strong>de la climatizaci\u00f3n<\/strong>, como si reparas aparatos de aire acondicionado o gestionas sistemas de refrigeraci\u00f3n a gran escala, nuestro refrigerante R32 es la soluci\u00f3n perfecta para tus necesidades de refrigeraci\u00f3n.<\/p>\n<h3>\u00bfQu\u00e9 es el refrigerante R32?<\/h3>\n<p>El refrigerante R-32, tambi\u00e9n conocido como <strong>difluorometano<\/strong>, es un gas refrigerante de nueva generaci\u00f3n muy utilizado en los <strong>sistemas<\/strong> modernos <strong>de<\/strong> <strong>aire acondicionado<\/strong> y <strong>refrigeraci\u00f3n<\/strong>. Tiene un <strong>potencial de calentamiento global (PCG)<\/strong> inferior al de los refrigerantes tradicionales como el <a href=\"https:\/\/refrigerant-wholesale.com\/product-category\/tipos\/r410a-refrigerant\/\"><strong>R410A<\/strong><\/a> y est\u00e1 dise\u00f1ado para mejorar la eficiencia energ\u00e9tica de los sistemas de refrigeraci\u00f3n al tiempo que reduce el impacto medioambiental. Al elegir el R32, contribuyes a un <strong>futuro<\/strong> m\u00e1s <strong>sostenible<\/strong> sin comprometer el rendimiento.<\/p>\n<h3>Ventajas del refrigerante R-32<\/h3>\n<ol>\n<li><strong>Respetuoso con el medio ambiente<\/strong>: El R32 tiene un GWP de 675, significativamente menor que el R410A, que tiene un GWP de 2.088. Esto lo convierte en una opci\u00f3n m\u00e1s <strong>respetuosa con el medio ambiente<\/strong> para reducir tu huella de carbono.<\/li>\n<li><strong>Mayor eficiencia energ\u00e9tica<\/strong>: El refrigerante R32 ofrece una mejor conductividad t\u00e9rmica, lo que hace que los aparatos de aire acondicionado y los frigor\u00edficos sean m\u00e1s eficientes energ\u00e9ticamente y rentables.<\/li>\n<li><strong>F\u00e1cil de manejar<\/strong>: El R32 funciona a presiones m\u00e1s bajas que algunas alternativas, lo que simplifica la instalaci\u00f3n, el mantenimiento y la manipulaci\u00f3n.<\/li>\n<li>Cumplimiento <strong>de la normativa medioambiental<\/strong>: Muchos pa\u00edses est\u00e1n eliminando progresivamente los refrigerantes de alto PCA, por lo que el R32 es una opci\u00f3n ideal para las empresas que desean cumplir la normativa en evoluci\u00f3n.<\/li>\n<\/ol>\n<h3>\u00bfPor qu\u00e9 comprarnos refrigerante R32?<\/h3>\n<p>Estamos especializados en el <strong>suministro al por mayor de refrigerante R32<\/strong> a clientes de todo el mundo. Con una amplia red de socios log\u00edsticos, podemos garantizar entregas r\u00e1pidas y seguras en cualquier lugar, tanto si est\u00e1s en <strong>Norteam\u00e9rica<\/strong>, <strong>Europa<\/strong>, <strong>Asia<\/strong> o m\u00e1s all\u00e1. Nuestro refrigerante R32 cumple todas las normas internacionales de calidad y seguridad, garantizando que recibas el producto de mayor calidad para tus necesidades de refrigeraci\u00f3n.<\/p>\n<ul>\n<li><strong>Pedidos al por mayor y precios competitivos<\/strong>: Ofrecemos precios competitivos en pedidos al por mayor, lo que te permite minimizar los costes y maximizar los beneficios.<\/li>\n<li><strong>Distribuci\u00f3n mundial<\/strong>: Somos un <strong>proveedor mayorista de refrigerante R-32<\/strong> de confianza con un historial probado de env\u00edos a clientes de todo el mundo.<\/li>\n<li><strong>Atenci\u00f3n al cliente dedicada<\/strong>: Nuestro experimentado equipo est\u00e1 disponible 24 horas al d\u00eda, 7 d\u00edas a la semana, para ayudarte con tu pedido, asistencia t\u00e9cnica o cualquier consulta sobre el producto.<\/li>\n<\/ul>\n<h3>Ponte en contacto hoy mismo<\/h3>\n<p>Si buscas refrigerante R-32 asequible y de alta calidad, no busques m\u00e1s. Nuestro suministro al por mayor de R32 garantiza que tu empresa pueda funcionar eficientemente al tiempo que contribuye a los esfuerzos mundiales para reducir los gases de efecto invernadero. Para obtener m\u00e1s informaci\u00f3n o hacer un pedido, ponte en contacto con nosotros hoy mismo. <strong>As\u00f3ciate con nosotros<\/strong> para obtener el mejor refrigerante R-32 del mercado, con entrega garantizada en todo el mundo y precios inmejorables.<\/p>\n","protected":false},"excerpt":{"rendered":"<p><img loading=\"lazy\" decoding=\"async\" class=\"alignnone wp-image-437 aligncenter\" src=\"http:\/\/refrigerant-wholesale.com\/wp-content\/uploads\/2024\/03\/Screenshot-69.png\" alt=\"\" width=\"207\" height=\"50\" \/><\/p>\n<h4 style=\"text-align: center;\"><img loading=\"lazy\" decoding=\"async\" class=\"alignnone wp-image-744\" src=\"http:\/\/refrigerant-wholesale.com\/wp-content\/uploads\/2024\/07\/removal.ai_8ca2a79e-d09f-4bd1-a4fe-c4c69f1a4386_Trade-Assurance-381x400.png\" alt=\"Refrigerantes WS\" width=\"26\" height=\"27\" srcset=\"https:\/\/refrigerant-wholesale.com\/wp-content\/uploads\/2024\/07\/removal.ai_8ca2a79e-d09f-4bd1-a4fe-c4c69f1a4386_Trade-Assurance-381x400.png 381w, https:\/\/refrigerant-wholesale.com\/wp-content\/uploads\/2024\/07\/removal.ai_8ca2a79e-d09f-4bd1-a4fe-c4c69f1a4386_Trade-Assurance-100x100.png 100w, https:\/\/refrigerant-wholesale.com\/wp-content\/uploads\/2024\/07\/removal.ai_8ca2a79e-d09f-4bd1-a4fe-c4c69f1a4386_Trade-Assurance-280x280.png 280w, https:\/\/refrigerant-wholesale.com\/wp-content\/uploads\/2024\/07\/removal.ai_8ca2a79e-d09f-4bd1-a4fe-c4c69f1a4386_Trade-Assurance.png 388w\" sizes=\"auto, (max-width: 26px) 100vw, 26px\" \/>GARANT\u00cdA COMERCIAL<\/h4>\n<div class=\"gmail-textwidget gmail-custom-html-widget\">\n<h6 style=\"text-align: center;\">Env\u00edo : Entrega en todo el mundo<\/h6>\n<h6 style=\"text-align: center;\">(Se aceptan solicitudes personalizadas)<\/h6>\n<p style=\"text-align: center;\">100% VIRGEN Sellado de f\u00e1brica GARANTIZADO<\/p>\n<\/div>\n","protected":false},"featured_media":1630,"comment_status":"open","ping_status":"closed","template":"","meta":[],"product_brand":[],"product_cat":[270,357],"product_tag":[361,360,359,358],"class_list":{"0":"post-2118","1":"product","2":"type-product","3":"status-publish","4":"has-post-thumbnail","6":"product_cat-sin-categoria","7":"product_cat-tipos","8":"product_tag-precio-del-refrigerante-r32","9":"product_tag-proveedores-de-refrigerante-r32","10":"product_tag-refrigerante-r32","11":"product_tag-refrigerante-r32-al-por-mayor","13":"first","14":"instock","15":"shipping-taxable","16":"product-type-simple"},"yoast_head":"<!-- This site is optimized with the Yoast SEO Premium plugin v27.0 (Yoast SEO v27.3) - https:\/\/yoast.com\/product\/yoast-seo-premium-wordpress\/ -->\n<title>Refrigerante R32 para suministro al por mayor | WS Refrigerantes<\/title>\n<meta name=\"description\" content=\"Refrigerante R32 para suministro al por mayor. venta al por mayor de refrigerante R32, Comprar refrigerante R32, proveedor de refrigerante R32\" \/>\n<meta name=\"robots\" content=\"index, follow, max-snippet:-1, max-image-preview:large, max-video-preview:-1\" \/>\n<link rel=\"canonical\" href=\"https:\/\/refrigerant-wholesale.com\/es\/product\/refrigerante-r32\/\" \/>\n<meta property=\"og:locale\" content=\"es_ES\" \/>\n<meta property=\"og:type\" content=\"article\" \/>\n<meta property=\"og:title\" content=\"Refrigerante R32\" \/>\n<meta property=\"og:description\" content=\"Refrigerante R32 para suministro al por mayor. venta al por mayor de refrigerante R32, Comprar refrigerante R32, proveedor de refrigerante R32\" \/>\n<meta property=\"og:url\" content=\"https:\/\/refrigerant-wholesale.com\/es\/product\/refrigerante-r32\/\" \/>\n<meta property=\"og:site_name\" content=\"Refrigerant Gas Wholesale\" \/>\n<meta property=\"article:publisher\" content=\"https:\/\/www.facebook.com\/refrigerantwholesale\" \/>\n<meta property=\"article:modified_time\" content=\"2025-03-01T23:22:10+00:00\" \/>\n<meta property=\"og:image\" content=\"http:\/\/refrigerant-wholesale.com\/wp-content\/uploads\/2024\/10\/R32-Refrigerant.webp\" \/>\n\t<meta property=\"og:image:width\" content=\"823\" \/>\n\t<meta property=\"og:image:height\" content=\"950\" \/>\n\t<meta property=\"og:image:type\" content=\"image\/webp\" \/>\n<meta name=\"twitter:card\" content=\"summary_large_image\" \/>\n<meta name=\"twitter:label1\" content=\"Tiempo de lectura\" \/>\n\t<meta name=\"twitter:data1\" content=\"3 minutos\" \/>\n<script type=\"application\/ld+json\" class=\"yoast-schema-graph\">{\"@context\":\"https:\\\/\\\/schema.org\",\"@graph\":[{\"@type\":\"WebPage\",\"@id\":\"https:\\\/\\\/refrigerant-wholesale.com\\\/es\\\/product\\\/refrigerante-r32\\\/\",\"url\":\"https:\\\/\\\/refrigerant-wholesale.com\\\/es\\\/product\\\/refrigerante-r32\\\/\",\"name\":\"Refrigerante R32 para suministro al por mayor | WS Refrigerantes\",\"isPartOf\":{\"@id\":\"https:\\\/\\\/refrigerant-wholesale.com\\\/es\\\/#website\"},\"primaryImageOfPage\":{\"@id\":\"https:\\\/\\\/refrigerant-wholesale.com\\\/es\\\/product\\\/refrigerante-r32\\\/#primaryimage\"},\"image\":{\"@id\":\"https:\\\/\\\/refrigerant-wholesale.com\\\/es\\\/product\\\/refrigerante-r32\\\/#primaryimage\"},\"thumbnailUrl\":\"https:\\\/\\\/refrigerant-wholesale.com\\\/wp-content\\\/uploads\\\/2024\\\/10\\\/R32-Refrigerant.webp\",\"datePublished\":\"2024-10-01T19:25:59+00:00\",\"dateModified\":\"2025-03-01T23:22:10+00:00\",\"description\":\"Refrigerante R32 para suministro al por mayor. venta al por mayor de refrigerante R32, Comprar refrigerante R32, proveedor de refrigerante R32\",\"breadcrumb\":{\"@id\":\"https:\\\/\\\/refrigerant-wholesale.com\\\/es\\\/product\\\/refrigerante-r32\\\/#breadcrumb\"},\"inLanguage\":\"es\",\"potentialAction\":[{\"@type\":\"ReadAction\",\"target\":[\"https:\\\/\\\/refrigerant-wholesale.com\\\/es\\\/product\\\/refrigerante-r32\\\/\"]}]},{\"@type\":\"ImageObject\",\"inLanguage\":\"es\",\"@id\":\"https:\\\/\\\/refrigerant-wholesale.com\\\/es\\\/product\\\/refrigerante-r32\\\/#primaryimage\",\"url\":\"https:\\\/\\\/refrigerant-wholesale.com\\\/wp-content\\\/uploads\\\/2024\\\/10\\\/R32-Refrigerant.webp\",\"contentUrl\":\"https:\\\/\\\/refrigerant-wholesale.com\\\/wp-content\\\/uploads\\\/2024\\\/10\\\/R32-Refrigerant.webp\",\"width\":823,\"height\":950,\"caption\":\"Refrigerante R32\"},{\"@type\":\"BreadcrumbList\",\"@id\":\"https:\\\/\\\/refrigerant-wholesale.com\\\/es\\\/product\\\/refrigerante-r32\\\/#breadcrumb\",\"itemListElement\":[{\"@type\":\"ListItem\",\"position\":1,\"name\":\"Home\",\"item\":\"https:\\\/\\\/refrigerant-wholesale.com\\\/es\\\/\"},{\"@type\":\"ListItem\",\"position\":2,\"name\":\"Tienda\",\"item\":\"https:\\\/\\\/refrigerant-wholesale.com\\\/es\\\/tienda\\\/\"},{\"@type\":\"ListItem\",\"position\":3,\"name\":\"Refrigerante R32\"}]},{\"@type\":\"WebSite\",\"@id\":\"https:\\\/\\\/refrigerant-wholesale.com\\\/es\\\/#website\",\"url\":\"https:\\\/\\\/refrigerant-wholesale.com\\\/es\\\/\",\"name\":\"Refrigerant Gas Wholesale\",\"description\":\"AC Gas supplier\",\"publisher\":{\"@id\":\"https:\\\/\\\/refrigerant-wholesale.com\\\/es\\\/#organization\"},\"potentialAction\":[{\"@type\":\"SearchAction\",\"target\":{\"@type\":\"EntryPoint\",\"urlTemplate\":\"https:\\\/\\\/refrigerant-wholesale.com\\\/es\\\/?s={search_term_string}\"},\"query-input\":{\"@type\":\"PropertyValueSpecification\",\"valueRequired\":true,\"valueName\":\"search_term_string\"}}],\"inLanguage\":\"es\"},{\"@type\":\"Organization\",\"@id\":\"https:\\\/\\\/refrigerant-wholesale.com\\\/es\\\/#organization\",\"name\":\"Refrigerant Gas Wholesale\",\"url\":\"https:\\\/\\\/refrigerant-wholesale.com\\\/es\\\/\",\"logo\":{\"@type\":\"ImageObject\",\"inLanguage\":\"es\",\"@id\":\"https:\\\/\\\/refrigerant-wholesale.com\\\/es\\\/#\\\/schema\\\/logo\\\/image\\\/\",\"url\":\"http:\\\/\\\/refrigerant-wholesale.com\\\/wp-content\\\/uploads\\\/2024\\\/04\\\/refrigerant-logo.png\",\"contentUrl\":\"http:\\\/\\\/refrigerant-wholesale.com\\\/wp-content\\\/uploads\\\/2024\\\/04\\\/refrigerant-logo.png\",\"width\":400,\"height\":84,\"caption\":\"Refrigerant Gas Wholesale\"},\"image\":{\"@id\":\"https:\\\/\\\/refrigerant-wholesale.com\\\/es\\\/#\\\/schema\\\/logo\\\/image\\\/\"},\"sameAs\":[\"https:\\\/\\\/www.facebook.com\\\/refrigerantwholesale\"]}]}<\/script>\n<!-- \/ Yoast SEO Premium plugin. -->","yoast_head_json":{"title":"Refrigerante R32 para suministro al por mayor | WS Refrigerantes","description":"Refrigerante R32 para suministro al por mayor. venta al por mayor de refrigerante R32, Comprar refrigerante R32, proveedor de refrigerante R32","robots":{"index":"index","follow":"follow","max-snippet":"max-snippet:-1","max-image-preview":"max-image-preview:large","max-video-preview":"max-video-preview:-1"},"canonical":"https:\/\/refrigerant-wholesale.com\/es\/product\/refrigerante-r32\/","og_locale":"es_ES","og_type":"article","og_title":"Refrigerante R32","og_description":"Refrigerante R32 para suministro al por mayor. venta al por mayor de refrigerante R32, Comprar refrigerante R32, proveedor de refrigerante R32","og_url":"https:\/\/refrigerant-wholesale.com\/es\/product\/refrigerante-r32\/","og_site_name":"Refrigerant Gas Wholesale","article_publisher":"https:\/\/www.facebook.com\/refrigerantwholesale","article_modified_time":"2025-03-01T23:22:10+00:00","og_image":[{"width":823,"height":950,"url":"http:\/\/refrigerant-wholesale.com\/wp-content\/uploads\/2024\/10\/R32-Refrigerant.webp","type":"image\/webp"}],"twitter_card":"summary_large_image","twitter_misc":{"Tiempo de lectura":"3 minutos"},"schema":{"@context":"https:\/\/schema.org","@graph":[{"@type":"WebPage","@id":"https:\/\/refrigerant-wholesale.com\/es\/product\/refrigerante-r32\/","url":"https:\/\/refrigerant-wholesale.com\/es\/product\/refrigerante-r32\/","name":"Refrigerante R32 para suministro al por mayor | WS Refrigerantes","isPartOf":{"@id":"https:\/\/refrigerant-wholesale.com\/es\/#website"},"primaryImageOfPage":{"@id":"https:\/\/refrigerant-wholesale.com\/es\/product\/refrigerante-r32\/#primaryimage"},"image":{"@id":"https:\/\/refrigerant-wholesale.com\/es\/product\/refrigerante-r32\/#primaryimage"},"thumbnailUrl":"https:\/\/refrigerant-wholesale.com\/wp-content\/uploads\/2024\/10\/R32-Refrigerant.webp","datePublished":"2024-10-01T19:25:59+00:00","dateModified":"2025-03-01T23:22:10+00:00","description":"Refrigerante R32 para suministro al por mayor. venta al por mayor de refrigerante R32, Comprar refrigerante R32, proveedor de refrigerante R32","breadcrumb":{"@id":"https:\/\/refrigerant-wholesale.com\/es\/product\/refrigerante-r32\/#breadcrumb"},"inLanguage":"es","potentialAction":[{"@type":"ReadAction","target":["https:\/\/refrigerant-wholesale.com\/es\/product\/refrigerante-r32\/"]}]},{"@type":"ImageObject","inLanguage":"es","@id":"https:\/\/refrigerant-wholesale.com\/es\/product\/refrigerante-r32\/#primaryimage","url":"https:\/\/refrigerant-wholesale.com\/wp-content\/uploads\/2024\/10\/R32-Refrigerant.webp","contentUrl":"https:\/\/refrigerant-wholesale.com\/wp-content\/uploads\/2024\/10\/R32-Refrigerant.webp","width":823,"height":950,"caption":"Refrigerante R32"},{"@type":"BreadcrumbList","@id":"https:\/\/refrigerant-wholesale.com\/es\/product\/refrigerante-r32\/#breadcrumb","itemListElement":[{"@type":"ListItem","position":1,"name":"Home","item":"https:\/\/refrigerant-wholesale.com\/es\/"},{"@type":"ListItem","position":2,"name":"Tienda","item":"https:\/\/refrigerant-wholesale.com\/es\/tienda\/"},{"@type":"ListItem","position":3,"name":"Refrigerante R32"}]},{"@type":"WebSite","@id":"https:\/\/refrigerant-wholesale.com\/es\/#website","url":"https:\/\/refrigerant-wholesale.com\/es\/","name":"Refrigerant Gas Wholesale","description":"AC Gas supplier","publisher":{"@id":"https:\/\/refrigerant-wholesale.com\/es\/#organization"},"potentialAction":[{"@type":"SearchAction","target":{"@type":"EntryPoint","urlTemplate":"https:\/\/refrigerant-wholesale.com\/es\/?s={search_term_string}"},"query-input":{"@type":"PropertyValueSpecification","valueRequired":true,"valueName":"search_term_string"}}],"inLanguage":"es"},{"@type":"Organization","@id":"https:\/\/refrigerant-wholesale.com\/es\/#organization","name":"Refrigerant Gas Wholesale","url":"https:\/\/refrigerant-wholesale.com\/es\/","logo":{"@type":"ImageObject","inLanguage":"es","@id":"https:\/\/refrigerant-wholesale.com\/es\/#\/schema\/logo\/image\/","url":"http:\/\/refrigerant-wholesale.com\/wp-content\/uploads\/2024\/04\/refrigerant-logo.png","contentUrl":"http:\/\/refrigerant-wholesale.com\/wp-content\/uploads\/2024\/04\/refrigerant-logo.png","width":400,"height":84,"caption":"Refrigerant Gas Wholesale"},"image":{"@id":"https:\/\/refrigerant-wholesale.com\/es\/#\/schema\/logo\/image\/"},"sameAs":["https:\/\/www.facebook.com\/refrigerantwholesale"]}]}},"_links":{"self":[{"href":"https:\/\/refrigerant-wholesale.com\/es\/wp-json\/wp\/v2\/product\/2118","targetHints":{"allow":["GET"]}}],"collection":[{"href":"https:\/\/refrigerant-wholesale.com\/es\/wp-json\/wp\/v2\/product"}],"about":[{"href":"https:\/\/refrigerant-wholesale.com\/es\/wp-json\/wp\/v2\/types\/product"}],"replies":[{"embeddable":true,"href":"https:\/\/refrigerant-wholesale.com\/es\/wp-json\/wp\/v2\/comments?post=2118"}],"wp:featuredmedia":[{"embeddable":true,"href":"https:\/\/refrigerant-wholesale.com\/es\/wp-json\/wp\/v2\/media\/1630"}],"wp:attachment":[{"href":"https:\/\/refrigerant-wholesale.com\/es\/wp-json\/wp\/v2\/media?parent=2118"}],"wp:term":[{"taxonomy":"product_brand","embeddable":true,"href":"https:\/\/refrigerant-wholesale.com\/es\/wp-json\/wp\/v2\/product_brand?post=2118"},{"taxonomy":"product_cat","embeddable":true,"href":"https:\/\/refrigerant-wholesale.com\/es\/wp-json\/wp\/v2\/product_cat?post=2118"},{"taxonomy":"product_tag","embeddable":true,"href":"https:\/\/refrigerant-wholesale.com\/es\/wp-json\/wp\/v2\/product_tag?post=2118"}],"curies":[{"name":"wp","href":"https:\/\/api.w.org\/{rel}","templated":true}]}}