{"id":2115,"date":"2024-10-01T19:12:42","date_gmt":"2024-10-01T19:12:42","guid":{"rendered":"https:\/\/refrigerant-wholesale.com\/product\/refrigerante-r438a\/"},"modified":"2025-03-01T23:23:57","modified_gmt":"2025-03-01T23:23:57","slug":"refrigerante-r438a","status":"publish","type":"product","link":"https:\/\/refrigerant-wholesale.com\/es\/product\/refrigerante-r438a\/","title":{"rendered":"Refrigerante R438A"},"content":{"rendered":"<h3><strong>Suministro al por mayor de refrigerante R438A &#8211; Entrega mundial<\/strong><\/h3>\n<p>\u00bfBuscas un refrigerante fiable y ecol\u00f3gico que ofrezca alta eficiencia y rendimiento? Estamos orgullosos de ofrecer <strong>refrigerante R438A<\/strong> a granel, con opciones de entrega global para satisfacer tus necesidades industriales y comerciales. Como uno de los principales proveedores, nos aseguramos de que cada env\u00edo cumpla las normas m\u00e1s estrictas de calidad y responsabilidad medioambiental. Tanto si est\u00e1s reequipando sistemas R22 como dise\u00f1ando nuevas aplicaciones de refrigeraci\u00f3n, el refrigerante R438A al por mayor es la mejor soluci\u00f3n para tus necesidades <a href=\"https:\/\/refrigerant-wholesale.com\/es\/\">de climatizaci\u00f3n<\/a>.<\/p>\n<h2><strong>Refrigerante R438A de m\u00e1xima calidad para sustituir al R22<\/strong><\/h2>\n<p>El refrigerante R438A, tambi\u00e9n conocido como <strong>Freon\u2122 MO99<\/strong>, es un vers\u00e1til sustituto del <strong>refrigerante R22<\/strong> que no agota la capa de ozono. Es compatible con los sistemas nuevos y existentes basados en aceite mineral y sint\u00e9tico, lo que lo convierte en una opci\u00f3n sin complicaciones para las reconversiones. Con la eliminaci\u00f3n progresiva del R22, el R438A es la elecci\u00f3n inteligente para quienes desean un sustituto eficaz y rentable que cumpla las normas medioambientales. <strong>Compra R438A al por mayor<\/strong> hoy mismo y disfruta de precios competitivos en pedidos al por mayor para entrega inmediata.<\/p>\n<h3><strong>Refrigerante al por mayor con alcance mundial<\/strong><\/h3>\n<p>Con una red de almacenes y distribuidores, ofrecemos <strong>suministro de refrigerante <a href=\"https:\/\/www.google.com\/search?q=R438A+Refrigerant+&amp;sca_esv=ae835b5694662882&amp;biw=1463&amp;bih=662&amp;sxsrf=ADLYWIKfCwQQBXYXrv85eGVz8oDODcNmvA%3A1728867356237&amp;ei=HGwMZ8aRDsvyxc8Pi9ivsAs&amp;ved=0ahUKEwjGj4fl1IyJAxVLefEDHQvsC7YQ4dUDCA8&amp;uact=5&amp;oq=R438A+Refrigerant+&amp;gs_lp=Egxnd3Mtd2l6LXNlcnAiElI0MzhBIFJlZnJpZ2VyYW50IDIEECMYJzILEAAYgAQYkQIYigUyChAAGIAEGBQYhwIyCxAAGIAEGJECGIoFMgUQABiABDIFEAAYgAQyBRAAGIAEMgUQABiABDIFEAAYgAQyBRAAGIAESNINUJcIWJcIcAF4AZABAJgBmQGgAZkBqgEDMC4xuAEDyAEA-AEBmAICoAKnAcICChAAGLADGNYEGEeYAwCIBgGQBgiSBwMxLjGgB4QH&amp;sclient=gws-wiz-serp\">R438A<\/a> en todo el mundo<\/strong>. Nuestro env\u00edo r\u00e1pido y seguro garantiza que tu refrigerante te llegue en las mejores condiciones, est\u00e9s donde est\u00e9s. Tanto si necesitas un solo pal\u00e9 como varios contenedores, estamos equipados para gestionar pedidos a gran escala para que tu negocio funcione sin problemas. De Europa a Asia, de Norteam\u00e9rica a \u00c1frica, nos aseguramos de que tus <strong>pedidos de refrigerante a granel<\/strong> se entreguen siempre a tiempo.<\/p>\n<h2><strong>Pide hoy refrigerante R438A a granel<\/strong><\/h2>\n<p>\u00bfEst\u00e1s listo para abastecerte de <strong>refrigerante R438A<\/strong>? Ponte en contacto con nosotros para obtener las mejores tarifas al por mayor y opciones de env\u00edo global. Ofrecemos atenci\u00f3n al cliente 24 horas al d\u00eda, 7 d\u00edas a la semana, para garantizar que tu pedido se procese sin problemas y se env\u00ede r\u00e1pidamente. Aseg\u00farate de que tus sistemas funcionen con la m\u00e1xima eficiencia y cumplan las normas medioambientales mundiales con nuestro <strong>refrigerante R-438A<\/strong> de alta calidad. Ponte en contacto hoy mismo para solicitar un presupuesto gratuito y d\u00e9janos satisfacer tus necesidades <strong>de suministro de refrigerante<\/strong> con rapidez y fiabilidad.<\/p>\n","protected":false},"excerpt":{"rendered":"<p><img loading=\"lazy\" decoding=\"async\" class=\"alignnone wp-image-437 aligncenter\" src=\"http:\/\/refrigerant-wholesale.com\/wp-content\/uploads\/2024\/03\/Screenshot-69.png\" alt=\"\" width=\"207\" height=\"50\" \/><\/p>\n<h4 style=\"text-align: center;\"><img loading=\"lazy\" decoding=\"async\" class=\"alignnone wp-image-744\" src=\"http:\/\/refrigerant-wholesale.com\/wp-content\/uploads\/2024\/07\/removal.ai_8ca2a79e-d09f-4bd1-a4fe-c4c69f1a4386_Trade-Assurance-381x400.png\" alt=\"Refrigerantes WS\" width=\"26\" height=\"27\" srcset=\"https:\/\/refrigerant-wholesale.com\/wp-content\/uploads\/2024\/07\/removal.ai_8ca2a79e-d09f-4bd1-a4fe-c4c69f1a4386_Trade-Assurance-381x400.png 381w, https:\/\/refrigerant-wholesale.com\/wp-content\/uploads\/2024\/07\/removal.ai_8ca2a79e-d09f-4bd1-a4fe-c4c69f1a4386_Trade-Assurance-100x100.png 100w, https:\/\/refrigerant-wholesale.com\/wp-content\/uploads\/2024\/07\/removal.ai_8ca2a79e-d09f-4bd1-a4fe-c4c69f1a4386_Trade-Assurance-280x280.png 280w, https:\/\/refrigerant-wholesale.com\/wp-content\/uploads\/2024\/07\/removal.ai_8ca2a79e-d09f-4bd1-a4fe-c4c69f1a4386_Trade-Assurance.png 388w\" sizes=\"auto, (max-width: 26px) 100vw, 26px\" \/>GARANT\u00cdA COMERCIAL<\/h4>\n<div class=\"gmail-textwidget gmail-custom-html-widget\">\n<h6 style=\"text-align: center;\">Env\u00edo : Entrega en todo el mundo<\/h6>\n<h6 style=\"text-align: center;\">(Se aceptan solicitudes personalizadas)<\/h6>\n<p style=\"text-align: center;\">100% VIRGEN Sellado de f\u00e1brica GARANTIZADO<\/p>\n<\/div>\n","protected":false},"featured_media":1624,"comment_status":"open","ping_status":"closed","template":"","meta":[],"product_brand":[],"product_cat":[270],"product_tag":[],"class_list":{"0":"post-2115","1":"product","2":"type-product","3":"status-publish","4":"has-post-thumbnail","6":"product_cat-sin-categoria","8":"first","9":"instock","10":"shipping-taxable","11":"product-type-simple"},"yoast_head":"<!-- This site is optimized with the Yoast SEO Premium plugin v27.0 (Yoast SEO v27.3) - https:\/\/yoast.com\/product\/yoast-seo-premium-wordpress\/ -->\n<title>Refrigerante R438A | Comprar R438A | Refrigerantes WS<\/title>\n<meta name=\"description\" content=\"Refrigerante R438A, Freon\u2122 MO99, Sustituci\u00f3n R22, Comprar R438A al por mayor, Proveedor de Refrigerante R-438A, Mayorista de Refrigerante R438A.\" \/>\n<meta name=\"robots\" content=\"index, follow, max-snippet:-1, max-image-preview:large, max-video-preview:-1\" \/>\n<link rel=\"canonical\" href=\"https:\/\/refrigerant-wholesale.com\/es\/product\/refrigerante-r438a\/\" \/>\n<meta property=\"og:locale\" content=\"es_ES\" \/>\n<meta property=\"og:type\" content=\"article\" \/>\n<meta property=\"og:title\" content=\"Refrigerante R438A\" \/>\n<meta property=\"og:description\" content=\"Refrigerante R438A, Freon\u2122 MO99, Sustituci\u00f3n R22, Comprar R438A al por mayor, Proveedor de Refrigerante R-438A, Mayorista de Refrigerante R438A.\" \/>\n<meta property=\"og:url\" content=\"https:\/\/refrigerant-wholesale.com\/es\/product\/refrigerante-r438a\/\" \/>\n<meta property=\"og:site_name\" content=\"Refrigerant Gas Wholesale\" \/>\n<meta property=\"article:publisher\" content=\"https:\/\/www.facebook.com\/refrigerantwholesale\" \/>\n<meta property=\"article:modified_time\" content=\"2025-03-01T23:23:57+00:00\" \/>\n<meta property=\"og:image\" content=\"http:\/\/refrigerant-wholesale.com\/wp-content\/uploads\/2024\/10\/R438A-Refrigerant.webp\" \/>\n\t<meta property=\"og:image:width\" content=\"752\" \/>\n\t<meta property=\"og:image:height\" content=\"656\" \/>\n\t<meta property=\"og:image:type\" content=\"image\/webp\" \/>\n<meta name=\"twitter:card\" content=\"summary_large_image\" \/>\n<meta name=\"twitter:label1\" content=\"Tiempo de lectura\" \/>\n\t<meta name=\"twitter:data1\" content=\"2 minutos\" \/>\n<script type=\"application\/ld+json\" class=\"yoast-schema-graph\">{\"@context\":\"https:\\\/\\\/schema.org\",\"@graph\":[{\"@type\":\"WebPage\",\"@id\":\"https:\\\/\\\/refrigerant-wholesale.com\\\/es\\\/product\\\/refrigerante-r438a\\\/\",\"url\":\"https:\\\/\\\/refrigerant-wholesale.com\\\/es\\\/product\\\/refrigerante-r438a\\\/\",\"name\":\"Refrigerante R438A | Comprar R438A | Refrigerantes WS\",\"isPartOf\":{\"@id\":\"https:\\\/\\\/refrigerant-wholesale.com\\\/es\\\/#website\"},\"primaryImageOfPage\":{\"@id\":\"https:\\\/\\\/refrigerant-wholesale.com\\\/es\\\/product\\\/refrigerante-r438a\\\/#primaryimage\"},\"image\":{\"@id\":\"https:\\\/\\\/refrigerant-wholesale.com\\\/es\\\/product\\\/refrigerante-r438a\\\/#primaryimage\"},\"thumbnailUrl\":\"https:\\\/\\\/refrigerant-wholesale.com\\\/wp-content\\\/uploads\\\/2024\\\/10\\\/R438A-Refrigerant.webp\",\"datePublished\":\"2024-10-01T19:12:42+00:00\",\"dateModified\":\"2025-03-01T23:23:57+00:00\",\"description\":\"Refrigerante R438A, Freon\u2122 MO99, Sustituci\u00f3n R22, Comprar R438A al por mayor, Proveedor de Refrigerante R-438A, Mayorista de Refrigerante R438A.\",\"breadcrumb\":{\"@id\":\"https:\\\/\\\/refrigerant-wholesale.com\\\/es\\\/product\\\/refrigerante-r438a\\\/#breadcrumb\"},\"inLanguage\":\"es\",\"potentialAction\":[{\"@type\":\"ReadAction\",\"target\":[\"https:\\\/\\\/refrigerant-wholesale.com\\\/es\\\/product\\\/refrigerante-r438a\\\/\"]}]},{\"@type\":\"ImageObject\",\"inLanguage\":\"es\",\"@id\":\"https:\\\/\\\/refrigerant-wholesale.com\\\/es\\\/product\\\/refrigerante-r438a\\\/#primaryimage\",\"url\":\"https:\\\/\\\/refrigerant-wholesale.com\\\/wp-content\\\/uploads\\\/2024\\\/10\\\/R438A-Refrigerant.webp\",\"contentUrl\":\"https:\\\/\\\/refrigerant-wholesale.com\\\/wp-content\\\/uploads\\\/2024\\\/10\\\/R438A-Refrigerant.webp\",\"width\":752,\"height\":656,\"caption\":\"Refrigerante R438A\"},{\"@type\":\"BreadcrumbList\",\"@id\":\"https:\\\/\\\/refrigerant-wholesale.com\\\/es\\\/product\\\/refrigerante-r438a\\\/#breadcrumb\",\"itemListElement\":[{\"@type\":\"ListItem\",\"position\":1,\"name\":\"Home\",\"item\":\"https:\\\/\\\/refrigerant-wholesale.com\\\/es\\\/\"},{\"@type\":\"ListItem\",\"position\":2,\"name\":\"Tienda\",\"item\":\"https:\\\/\\\/refrigerant-wholesale.com\\\/es\\\/tienda\\\/\"},{\"@type\":\"ListItem\",\"position\":3,\"name\":\"Refrigerante R438A\"}]},{\"@type\":\"WebSite\",\"@id\":\"https:\\\/\\\/refrigerant-wholesale.com\\\/es\\\/#website\",\"url\":\"https:\\\/\\\/refrigerant-wholesale.com\\\/es\\\/\",\"name\":\"Refrigerant Gas Wholesale\",\"description\":\"AC Gas supplier\",\"publisher\":{\"@id\":\"https:\\\/\\\/refrigerant-wholesale.com\\\/es\\\/#organization\"},\"potentialAction\":[{\"@type\":\"SearchAction\",\"target\":{\"@type\":\"EntryPoint\",\"urlTemplate\":\"https:\\\/\\\/refrigerant-wholesale.com\\\/es\\\/?s={search_term_string}\"},\"query-input\":{\"@type\":\"PropertyValueSpecification\",\"valueRequired\":true,\"valueName\":\"search_term_string\"}}],\"inLanguage\":\"es\"},{\"@type\":\"Organization\",\"@id\":\"https:\\\/\\\/refrigerant-wholesale.com\\\/es\\\/#organization\",\"name\":\"Refrigerant Gas Wholesale\",\"url\":\"https:\\\/\\\/refrigerant-wholesale.com\\\/es\\\/\",\"logo\":{\"@type\":\"ImageObject\",\"inLanguage\":\"es\",\"@id\":\"https:\\\/\\\/refrigerant-wholesale.com\\\/es\\\/#\\\/schema\\\/logo\\\/image\\\/\",\"url\":\"http:\\\/\\\/refrigerant-wholesale.com\\\/wp-content\\\/uploads\\\/2024\\\/04\\\/refrigerant-logo.png\",\"contentUrl\":\"http:\\\/\\\/refrigerant-wholesale.com\\\/wp-content\\\/uploads\\\/2024\\\/04\\\/refrigerant-logo.png\",\"width\":400,\"height\":84,\"caption\":\"Refrigerant Gas Wholesale\"},\"image\":{\"@id\":\"https:\\\/\\\/refrigerant-wholesale.com\\\/es\\\/#\\\/schema\\\/logo\\\/image\\\/\"},\"sameAs\":[\"https:\\\/\\\/www.facebook.com\\\/refrigerantwholesale\"]}]}<\/script>\n<!-- \/ Yoast SEO Premium plugin. -->","yoast_head_json":{"title":"Refrigerante R438A | Comprar R438A | Refrigerantes WS","description":"Refrigerante R438A, Freon\u2122 MO99, Sustituci\u00f3n R22, Comprar R438A al por mayor, Proveedor de Refrigerante R-438A, Mayorista de Refrigerante R438A.","robots":{"index":"index","follow":"follow","max-snippet":"max-snippet:-1","max-image-preview":"max-image-preview:large","max-video-preview":"max-video-preview:-1"},"canonical":"https:\/\/refrigerant-wholesale.com\/es\/product\/refrigerante-r438a\/","og_locale":"es_ES","og_type":"article","og_title":"Refrigerante R438A","og_description":"Refrigerante R438A, Freon\u2122 MO99, Sustituci\u00f3n R22, Comprar R438A al por mayor, Proveedor de Refrigerante R-438A, Mayorista de Refrigerante R438A.","og_url":"https:\/\/refrigerant-wholesale.com\/es\/product\/refrigerante-r438a\/","og_site_name":"Refrigerant Gas Wholesale","article_publisher":"https:\/\/www.facebook.com\/refrigerantwholesale","article_modified_time":"2025-03-01T23:23:57+00:00","og_image":[{"width":752,"height":656,"url":"http:\/\/refrigerant-wholesale.com\/wp-content\/uploads\/2024\/10\/R438A-Refrigerant.webp","type":"image\/webp"}],"twitter_card":"summary_large_image","twitter_misc":{"Tiempo de lectura":"2 minutos"},"schema":{"@context":"https:\/\/schema.org","@graph":[{"@type":"WebPage","@id":"https:\/\/refrigerant-wholesale.com\/es\/product\/refrigerante-r438a\/","url":"https:\/\/refrigerant-wholesale.com\/es\/product\/refrigerante-r438a\/","name":"Refrigerante R438A | Comprar R438A | Refrigerantes WS","isPartOf":{"@id":"https:\/\/refrigerant-wholesale.com\/es\/#website"},"primaryImageOfPage":{"@id":"https:\/\/refrigerant-wholesale.com\/es\/product\/refrigerante-r438a\/#primaryimage"},"image":{"@id":"https:\/\/refrigerant-wholesale.com\/es\/product\/refrigerante-r438a\/#primaryimage"},"thumbnailUrl":"https:\/\/refrigerant-wholesale.com\/wp-content\/uploads\/2024\/10\/R438A-Refrigerant.webp","datePublished":"2024-10-01T19:12:42+00:00","dateModified":"2025-03-01T23:23:57+00:00","description":"Refrigerante R438A, Freon\u2122 MO99, Sustituci\u00f3n R22, Comprar R438A al por mayor, Proveedor de Refrigerante R-438A, Mayorista de Refrigerante R438A.","breadcrumb":{"@id":"https:\/\/refrigerant-wholesale.com\/es\/product\/refrigerante-r438a\/#breadcrumb"},"inLanguage":"es","potentialAction":[{"@type":"ReadAction","target":["https:\/\/refrigerant-wholesale.com\/es\/product\/refrigerante-r438a\/"]}]},{"@type":"ImageObject","inLanguage":"es","@id":"https:\/\/refrigerant-wholesale.com\/es\/product\/refrigerante-r438a\/#primaryimage","url":"https:\/\/refrigerant-wholesale.com\/wp-content\/uploads\/2024\/10\/R438A-Refrigerant.webp","contentUrl":"https:\/\/refrigerant-wholesale.com\/wp-content\/uploads\/2024\/10\/R438A-Refrigerant.webp","width":752,"height":656,"caption":"Refrigerante R438A"},{"@type":"BreadcrumbList","@id":"https:\/\/refrigerant-wholesale.com\/es\/product\/refrigerante-r438a\/#breadcrumb","itemListElement":[{"@type":"ListItem","position":1,"name":"Home","item":"https:\/\/refrigerant-wholesale.com\/es\/"},{"@type":"ListItem","position":2,"name":"Tienda","item":"https:\/\/refrigerant-wholesale.com\/es\/tienda\/"},{"@type":"ListItem","position":3,"name":"Refrigerante R438A"}]},{"@type":"WebSite","@id":"https:\/\/refrigerant-wholesale.com\/es\/#website","url":"https:\/\/refrigerant-wholesale.com\/es\/","name":"Refrigerant Gas Wholesale","description":"AC Gas supplier","publisher":{"@id":"https:\/\/refrigerant-wholesale.com\/es\/#organization"},"potentialAction":[{"@type":"SearchAction","target":{"@type":"EntryPoint","urlTemplate":"https:\/\/refrigerant-wholesale.com\/es\/?s={search_term_string}"},"query-input":{"@type":"PropertyValueSpecification","valueRequired":true,"valueName":"search_term_string"}}],"inLanguage":"es"},{"@type":"Organization","@id":"https:\/\/refrigerant-wholesale.com\/es\/#organization","name":"Refrigerant Gas Wholesale","url":"https:\/\/refrigerant-wholesale.com\/es\/","logo":{"@type":"ImageObject","inLanguage":"es","@id":"https:\/\/refrigerant-wholesale.com\/es\/#\/schema\/logo\/image\/","url":"http:\/\/refrigerant-wholesale.com\/wp-content\/uploads\/2024\/04\/refrigerant-logo.png","contentUrl":"http:\/\/refrigerant-wholesale.com\/wp-content\/uploads\/2024\/04\/refrigerant-logo.png","width":400,"height":84,"caption":"Refrigerant Gas Wholesale"},"image":{"@id":"https:\/\/refrigerant-wholesale.com\/es\/#\/schema\/logo\/image\/"},"sameAs":["https:\/\/www.facebook.com\/refrigerantwholesale"]}]}},"_links":{"self":[{"href":"https:\/\/refrigerant-wholesale.com\/es\/wp-json\/wp\/v2\/product\/2115","targetHints":{"allow":["GET"]}}],"collection":[{"href":"https:\/\/refrigerant-wholesale.com\/es\/wp-json\/wp\/v2\/product"}],"about":[{"href":"https:\/\/refrigerant-wholesale.com\/es\/wp-json\/wp\/v2\/types\/product"}],"replies":[{"embeddable":true,"href":"https:\/\/refrigerant-wholesale.com\/es\/wp-json\/wp\/v2\/comments?post=2115"}],"wp:featuredmedia":[{"embeddable":true,"href":"https:\/\/refrigerant-wholesale.com\/es\/wp-json\/wp\/v2\/media\/1624"}],"wp:attachment":[{"href":"https:\/\/refrigerant-wholesale.com\/es\/wp-json\/wp\/v2\/media?parent=2115"}],"wp:term":[{"taxonomy":"product_brand","embeddable":true,"href":"https:\/\/refrigerant-wholesale.com\/es\/wp-json\/wp\/v2\/product_brand?post=2115"},{"taxonomy":"product_cat","embeddable":true,"href":"https:\/\/refrigerant-wholesale.com\/es\/wp-json\/wp\/v2\/product_cat?post=2115"},{"taxonomy":"product_tag","embeddable":true,"href":"https:\/\/refrigerant-wholesale.com\/es\/wp-json\/wp\/v2\/product_tag?post=2115"}],"curies":[{"name":"wp","href":"https:\/\/api.w.org\/{rel}","templated":true}]}}