{"id":2109,"date":"2024-10-01T19:08:43","date_gmt":"2024-10-01T19:08:43","guid":{"rendered":"https:\/\/refrigerant-wholesale.com\/product\/refrigerante-r422b\/"},"modified":"2025-03-01T20:36:16","modified_gmt":"2025-03-01T20:36:16","slug":"refrigerante-r422b","status":"publish","type":"product","link":"https:\/\/refrigerant-wholesale.com\/es\/product\/refrigerante-r422b\/","title":{"rendered":"Refrigerante R422B"},"content":{"rendered":"<p><strong>Suministro al por mayor de refrigerante R-422B\/NU-22 &#8211; Tu fuente mundial de soluciones fiables de refrigeraci\u00f3n<\/strong><\/p>\n<p>\u00bfBuscas un proveedor de confianza de <strong>refrigerante R-422B\/NU-22<\/strong> para necesidades industriales o a gran escala? \u00a1No busques m\u00e1s! Ofrecemos suministro al por mayor de refrigerante R-422B\/NU-22, el sustituto ideal del R-22 en sistemas de aire acondicionado y refrigeraci\u00f3n. Como opci\u00f3n vers\u00e1til y respetuosa con el medio ambiente, el R-422B ofrece un rendimiento excepcional a la vez que cumple los requisitos normativos sobre el agotamiento de la capa de ozono y el potencial de calentamiento global.   <\/p>\n<h3><strong>Comprar refrigerante R-422B\/NU-22 a granel para distribuci\u00f3n mundial<\/strong><\/h3>\n<p>Nuestro refrigerante R-422B\/NU-22 est\u00e1 disponible para su <strong>distribuci\u00f3n en todo el mundo<\/strong> con un env\u00edo r\u00e1pido y fiable para satisfacer tus demandas urgentes. Tanto si gestionas una gran instalaci\u00f3n comercial como una empresa de servicios de climatizaci\u00f3n, te beneficiar\u00e1s de nuestros precios competitivos en las compras al por mayor. Garantizamos una cadena de suministro sin fisuras, suministrando R-422B en diversas cantidades -desde pal\u00e9s a contenedores- para que nunca tengas que preocuparte por la escasez.  <\/p>\n<h3><strong>Sustituci\u00f3n ecol\u00f3gica del R-22: Reduce el impacto medioambiental<\/strong><\/h3>\n<p>Como alternativa ecol\u00f3gica, el refrigerante R-422B\/NU-22 reduce significativamente tu huella de carbono. Este <strong>sustituto directo del R-22<\/strong> funciona eficazmente en los equipos existentes sin necesidad de costosas modificaciones, lo que lo convierte en una opci\u00f3n popular tanto para modernizaciones como para nuevas instalaciones. Es perfecto para quienes pretenden cumplir la normativa medioambiental internacional, incluido el <strong>Protocolo de Montreal<\/strong> y otras normas mundiales de sostenibilidad.  <\/p>\n<h3><strong>Ventajas de elegir R-422B\/NU-22 para aire acondicionado y refrigeraci\u00f3n<\/strong><\/h3>\n<p>El R-422B ofrece una eficiencia energ\u00e9tica superior, una capacidad de refrigeraci\u00f3n excelente y compatibilidad con lubricantes minerales, alquilbenc\u00e9nicos y sint\u00e9ticos. Esto garantiza <strong>una integraci\u00f3n perfecta<\/strong> con una amplia gama de sistemas, desde unidades residenciales de calefacci\u00f3n, ventilaci\u00f3n y aire acondicionado hasta instalaciones de refrigeraci\u00f3n industrial a gran escala. Maximiza el rendimiento y minimiza el tiempo de inactividad optando por un refrigerante en el que conf\u00edan los profesionales del sector de todo el mundo.  <\/p>\n<h3><strong>As\u00f3ciate con nosotros para el suministro mayorista de refrigerantes<\/strong><\/h3>\n<p>El\u00edgenos como tu socio de confianza para el <strong>suministro al por mayor de refrigerante R-422B\/NU-22<\/strong>. Con nuestro enfoque en la calidad, la asequibilidad y la sostenibilidad, garantizamos que tus sistemas de refrigeraci\u00f3n funcionen con la m\u00e1xima eficiencia. Ponte en contacto con nosotros hoy mismo para obtener un presupuesto personalizado y aprovecha nuestra red de distribuci\u00f3n mundial para realizar entregas r\u00e1pidas y fiables. <strong>Refrigerante R-422B: \u00a1la<\/strong>soluci\u00f3n perfecta para tus necesidades de climatizaci\u00f3n y refrigeraci\u00f3n!  <\/p>\n","protected":false},"excerpt":{"rendered":"<p><img loading=\"lazy\" decoding=\"async\" class=\"alignnone wp-image-437 aligncenter\" src=\"http:\/\/refrigerant-wholesale.com\/wp-content\/uploads\/2024\/03\/Screenshot-69.png\" alt=\"\" width=\"207\" height=\"50\"><\/p>\n<h4 style=\"text-align: center;\"><img loading=\"lazy\" decoding=\"async\" class=\"alignnone wp-image-744\" src=\"http:\/\/refrigerant-wholesale.com\/wp-content\/uploads\/2024\/07\/removal.ai_8ca2a79e-d09f-4bd1-a4fe-c4c69f1a4386_Trade-Assurance-381x400.png\" alt=\"Refrigerantes WS\" width=\"26\" height=\"27\" srcset=\"https:\/\/refrigerant-wholesale.com\/wp-content\/uploads\/2024\/07\/removal.ai_8ca2a79e-d09f-4bd1-a4fe-c4c69f1a4386_Trade-Assurance-381x400.png 381w, https:\/\/refrigerant-wholesale.com\/wp-content\/uploads\/2024\/07\/removal.ai_8ca2a79e-d09f-4bd1-a4fe-c4c69f1a4386_Trade-Assurance-100x100.png 100w, https:\/\/refrigerant-wholesale.com\/wp-content\/uploads\/2024\/07\/removal.ai_8ca2a79e-d09f-4bd1-a4fe-c4c69f1a4386_Trade-Assurance-280x280.png 280w, https:\/\/refrigerant-wholesale.com\/wp-content\/uploads\/2024\/07\/removal.ai_8ca2a79e-d09f-4bd1-a4fe-c4c69f1a4386_Trade-Assurance.png 388w\" sizes=\"auto, (max-width: 26px) 100vw, 26px\" \/>GARANT\u00cdA COMERCIAL<\/h4>\n<div class=\"gmail-textwidget gmail-custom-html-widget\">\n<h6 style=\"text-align: center;\">Env\u00edo : Entrega en todo el mundo<\/h6>\n<h6 style=\"text-align: center;\">(Se aceptan solicitudes personalizadas)<\/h6>\n<p style=\"text-align: center;\">100% VIRGEN Sellado de f\u00e1brica GARANTIZADO<\/p>\n<\/div>\n","protected":false},"featured_media":1618,"comment_status":"open","ping_status":"closed","template":"","meta":[],"product_brand":[],"product_cat":[270],"product_tag":[],"class_list":{"0":"post-2109","1":"product","2":"type-product","3":"status-publish","4":"has-post-thumbnail","6":"product_cat-sin-categoria","8":"first","9":"instock","10":"shipping-taxable","11":"product-type-simple"},"yoast_head":"<!-- This site is optimized with the Yoast SEO Premium plugin v27.0 (Yoast SEO v27.3) - https:\/\/yoast.com\/product\/yoast-seo-premium-wordpress\/ -->\n<title>Refrigerante R422B - Refrigerant Gas Wholesale<\/title>\n<meta name=\"robots\" content=\"index, follow, max-snippet:-1, max-image-preview:large, max-video-preview:-1\" \/>\n<link rel=\"canonical\" href=\"https:\/\/refrigerant-wholesale.com\/es\/product\/refrigerante-r422b\/\" \/>\n<meta property=\"og:locale\" content=\"es_ES\" \/>\n<meta property=\"og:type\" content=\"article\" \/>\n<meta property=\"og:title\" content=\"Refrigerante R422B\" \/>\n<meta property=\"og:description\" content=\"GARANT\u00cdA COMERCIAL Env\u00edo : Entrega en todo el mundo (Se aceptan solicitudes personalizadas) 100% VIRGEN Sellado de f\u00e1brica GARANTIZADO\" \/>\n<meta property=\"og:url\" content=\"https:\/\/refrigerant-wholesale.com\/es\/product\/refrigerante-r422b\/\" \/>\n<meta property=\"og:site_name\" content=\"Refrigerant Gas Wholesale\" \/>\n<meta property=\"article:publisher\" content=\"https:\/\/www.facebook.com\/refrigerantwholesale\" \/>\n<meta property=\"article:modified_time\" content=\"2025-03-01T20:36:16+00:00\" \/>\n<meta property=\"og:image\" content=\"http:\/\/refrigerant-wholesale.com\/wp-content\/uploads\/2024\/10\/R422B-Refrigerant.webp\" \/>\n\t<meta property=\"og:image:width\" content=\"823\" \/>\n\t<meta property=\"og:image:height\" content=\"823\" \/>\n\t<meta property=\"og:image:type\" content=\"image\/webp\" \/>\n<meta name=\"twitter:card\" content=\"summary_large_image\" \/>\n<meta name=\"twitter:label1\" content=\"Tiempo de lectura\" \/>\n\t<meta name=\"twitter:data1\" content=\"2 minutos\" \/>\n<script type=\"application\/ld+json\" class=\"yoast-schema-graph\">{\"@context\":\"https:\\\/\\\/schema.org\",\"@graph\":[{\"@type\":\"WebPage\",\"@id\":\"https:\\\/\\\/refrigerant-wholesale.com\\\/es\\\/product\\\/refrigerante-r422b\\\/\",\"url\":\"https:\\\/\\\/refrigerant-wholesale.com\\\/es\\\/product\\\/refrigerante-r422b\\\/\",\"name\":\"Refrigerante R422B - Refrigerant Gas Wholesale\",\"isPartOf\":{\"@id\":\"https:\\\/\\\/refrigerant-wholesale.com\\\/es\\\/#website\"},\"primaryImageOfPage\":{\"@id\":\"https:\\\/\\\/refrigerant-wholesale.com\\\/es\\\/product\\\/refrigerante-r422b\\\/#primaryimage\"},\"image\":{\"@id\":\"https:\\\/\\\/refrigerant-wholesale.com\\\/es\\\/product\\\/refrigerante-r422b\\\/#primaryimage\"},\"thumbnailUrl\":\"https:\\\/\\\/refrigerant-wholesale.com\\\/wp-content\\\/uploads\\\/2024\\\/10\\\/R422B-Refrigerant.webp\",\"datePublished\":\"2024-10-01T19:08:43+00:00\",\"dateModified\":\"2025-03-01T20:36:16+00:00\",\"breadcrumb\":{\"@id\":\"https:\\\/\\\/refrigerant-wholesale.com\\\/es\\\/product\\\/refrigerante-r422b\\\/#breadcrumb\"},\"inLanguage\":\"es\",\"potentialAction\":[{\"@type\":\"ReadAction\",\"target\":[\"https:\\\/\\\/refrigerant-wholesale.com\\\/es\\\/product\\\/refrigerante-r422b\\\/\"]}]},{\"@type\":\"ImageObject\",\"inLanguage\":\"es\",\"@id\":\"https:\\\/\\\/refrigerant-wholesale.com\\\/es\\\/product\\\/refrigerante-r422b\\\/#primaryimage\",\"url\":\"https:\\\/\\\/refrigerant-wholesale.com\\\/wp-content\\\/uploads\\\/2024\\\/10\\\/R422B-Refrigerant.webp\",\"contentUrl\":\"https:\\\/\\\/refrigerant-wholesale.com\\\/wp-content\\\/uploads\\\/2024\\\/10\\\/R422B-Refrigerant.webp\",\"width\":823,\"height\":823},{\"@type\":\"BreadcrumbList\",\"@id\":\"https:\\\/\\\/refrigerant-wholesale.com\\\/es\\\/product\\\/refrigerante-r422b\\\/#breadcrumb\",\"itemListElement\":[{\"@type\":\"ListItem\",\"position\":1,\"name\":\"Home\",\"item\":\"https:\\\/\\\/refrigerant-wholesale.com\\\/es\\\/\"},{\"@type\":\"ListItem\",\"position\":2,\"name\":\"Tienda\",\"item\":\"https:\\\/\\\/refrigerant-wholesale.com\\\/es\\\/tienda\\\/\"},{\"@type\":\"ListItem\",\"position\":3,\"name\":\"Refrigerante R422B\"}]},{\"@type\":\"WebSite\",\"@id\":\"https:\\\/\\\/refrigerant-wholesale.com\\\/es\\\/#website\",\"url\":\"https:\\\/\\\/refrigerant-wholesale.com\\\/es\\\/\",\"name\":\"Refrigerant Gas Wholesale\",\"description\":\"AC Gas supplier\",\"publisher\":{\"@id\":\"https:\\\/\\\/refrigerant-wholesale.com\\\/es\\\/#organization\"},\"potentialAction\":[{\"@type\":\"SearchAction\",\"target\":{\"@type\":\"EntryPoint\",\"urlTemplate\":\"https:\\\/\\\/refrigerant-wholesale.com\\\/es\\\/?s={search_term_string}\"},\"query-input\":{\"@type\":\"PropertyValueSpecification\",\"valueRequired\":true,\"valueName\":\"search_term_string\"}}],\"inLanguage\":\"es\"},{\"@type\":\"Organization\",\"@id\":\"https:\\\/\\\/refrigerant-wholesale.com\\\/es\\\/#organization\",\"name\":\"Refrigerant Gas Wholesale\",\"url\":\"https:\\\/\\\/refrigerant-wholesale.com\\\/es\\\/\",\"logo\":{\"@type\":\"ImageObject\",\"inLanguage\":\"es\",\"@id\":\"https:\\\/\\\/refrigerant-wholesale.com\\\/es\\\/#\\\/schema\\\/logo\\\/image\\\/\",\"url\":\"http:\\\/\\\/refrigerant-wholesale.com\\\/wp-content\\\/uploads\\\/2024\\\/04\\\/refrigerant-logo.png\",\"contentUrl\":\"http:\\\/\\\/refrigerant-wholesale.com\\\/wp-content\\\/uploads\\\/2024\\\/04\\\/refrigerant-logo.png\",\"width\":400,\"height\":84,\"caption\":\"Refrigerant Gas Wholesale\"},\"image\":{\"@id\":\"https:\\\/\\\/refrigerant-wholesale.com\\\/es\\\/#\\\/schema\\\/logo\\\/image\\\/\"},\"sameAs\":[\"https:\\\/\\\/www.facebook.com\\\/refrigerantwholesale\"]}]}<\/script>\n<!-- \/ Yoast SEO Premium plugin. -->","yoast_head_json":{"title":"Refrigerante R422B - Refrigerant Gas Wholesale","robots":{"index":"index","follow":"follow","max-snippet":"max-snippet:-1","max-image-preview":"max-image-preview:large","max-video-preview":"max-video-preview:-1"},"canonical":"https:\/\/refrigerant-wholesale.com\/es\/product\/refrigerante-r422b\/","og_locale":"es_ES","og_type":"article","og_title":"Refrigerante R422B","og_description":"GARANT\u00cdA COMERCIAL Env\u00edo : Entrega en todo el mundo (Se aceptan solicitudes personalizadas) 100% VIRGEN Sellado de f\u00e1brica GARANTIZADO","og_url":"https:\/\/refrigerant-wholesale.com\/es\/product\/refrigerante-r422b\/","og_site_name":"Refrigerant Gas Wholesale","article_publisher":"https:\/\/www.facebook.com\/refrigerantwholesale","article_modified_time":"2025-03-01T20:36:16+00:00","og_image":[{"width":823,"height":823,"url":"http:\/\/refrigerant-wholesale.com\/wp-content\/uploads\/2024\/10\/R422B-Refrigerant.webp","type":"image\/webp"}],"twitter_card":"summary_large_image","twitter_misc":{"Tiempo de lectura":"2 minutos"},"schema":{"@context":"https:\/\/schema.org","@graph":[{"@type":"WebPage","@id":"https:\/\/refrigerant-wholesale.com\/es\/product\/refrigerante-r422b\/","url":"https:\/\/refrigerant-wholesale.com\/es\/product\/refrigerante-r422b\/","name":"Refrigerante R422B - Refrigerant Gas Wholesale","isPartOf":{"@id":"https:\/\/refrigerant-wholesale.com\/es\/#website"},"primaryImageOfPage":{"@id":"https:\/\/refrigerant-wholesale.com\/es\/product\/refrigerante-r422b\/#primaryimage"},"image":{"@id":"https:\/\/refrigerant-wholesale.com\/es\/product\/refrigerante-r422b\/#primaryimage"},"thumbnailUrl":"https:\/\/refrigerant-wholesale.com\/wp-content\/uploads\/2024\/10\/R422B-Refrigerant.webp","datePublished":"2024-10-01T19:08:43+00:00","dateModified":"2025-03-01T20:36:16+00:00","breadcrumb":{"@id":"https:\/\/refrigerant-wholesale.com\/es\/product\/refrigerante-r422b\/#breadcrumb"},"inLanguage":"es","potentialAction":[{"@type":"ReadAction","target":["https:\/\/refrigerant-wholesale.com\/es\/product\/refrigerante-r422b\/"]}]},{"@type":"ImageObject","inLanguage":"es","@id":"https:\/\/refrigerant-wholesale.com\/es\/product\/refrigerante-r422b\/#primaryimage","url":"https:\/\/refrigerant-wholesale.com\/wp-content\/uploads\/2024\/10\/R422B-Refrigerant.webp","contentUrl":"https:\/\/refrigerant-wholesale.com\/wp-content\/uploads\/2024\/10\/R422B-Refrigerant.webp","width":823,"height":823},{"@type":"BreadcrumbList","@id":"https:\/\/refrigerant-wholesale.com\/es\/product\/refrigerante-r422b\/#breadcrumb","itemListElement":[{"@type":"ListItem","position":1,"name":"Home","item":"https:\/\/refrigerant-wholesale.com\/es\/"},{"@type":"ListItem","position":2,"name":"Tienda","item":"https:\/\/refrigerant-wholesale.com\/es\/tienda\/"},{"@type":"ListItem","position":3,"name":"Refrigerante R422B"}]},{"@type":"WebSite","@id":"https:\/\/refrigerant-wholesale.com\/es\/#website","url":"https:\/\/refrigerant-wholesale.com\/es\/","name":"Refrigerant Gas Wholesale","description":"AC Gas supplier","publisher":{"@id":"https:\/\/refrigerant-wholesale.com\/es\/#organization"},"potentialAction":[{"@type":"SearchAction","target":{"@type":"EntryPoint","urlTemplate":"https:\/\/refrigerant-wholesale.com\/es\/?s={search_term_string}"},"query-input":{"@type":"PropertyValueSpecification","valueRequired":true,"valueName":"search_term_string"}}],"inLanguage":"es"},{"@type":"Organization","@id":"https:\/\/refrigerant-wholesale.com\/es\/#organization","name":"Refrigerant Gas Wholesale","url":"https:\/\/refrigerant-wholesale.com\/es\/","logo":{"@type":"ImageObject","inLanguage":"es","@id":"https:\/\/refrigerant-wholesale.com\/es\/#\/schema\/logo\/image\/","url":"http:\/\/refrigerant-wholesale.com\/wp-content\/uploads\/2024\/04\/refrigerant-logo.png","contentUrl":"http:\/\/refrigerant-wholesale.com\/wp-content\/uploads\/2024\/04\/refrigerant-logo.png","width":400,"height":84,"caption":"Refrigerant Gas Wholesale"},"image":{"@id":"https:\/\/refrigerant-wholesale.com\/es\/#\/schema\/logo\/image\/"},"sameAs":["https:\/\/www.facebook.com\/refrigerantwholesale"]}]}},"_links":{"self":[{"href":"https:\/\/refrigerant-wholesale.com\/es\/wp-json\/wp\/v2\/product\/2109","targetHints":{"allow":["GET"]}}],"collection":[{"href":"https:\/\/refrigerant-wholesale.com\/es\/wp-json\/wp\/v2\/product"}],"about":[{"href":"https:\/\/refrigerant-wholesale.com\/es\/wp-json\/wp\/v2\/types\/product"}],"replies":[{"embeddable":true,"href":"https:\/\/refrigerant-wholesale.com\/es\/wp-json\/wp\/v2\/comments?post=2109"}],"wp:featuredmedia":[{"embeddable":true,"href":"https:\/\/refrigerant-wholesale.com\/es\/wp-json\/wp\/v2\/media\/1618"}],"wp:attachment":[{"href":"https:\/\/refrigerant-wholesale.com\/es\/wp-json\/wp\/v2\/media?parent=2109"}],"wp:term":[{"taxonomy":"product_brand","embeddable":true,"href":"https:\/\/refrigerant-wholesale.com\/es\/wp-json\/wp\/v2\/product_brand?post=2109"},{"taxonomy":"product_cat","embeddable":true,"href":"https:\/\/refrigerant-wholesale.com\/es\/wp-json\/wp\/v2\/product_cat?post=2109"},{"taxonomy":"product_tag","embeddable":true,"href":"https:\/\/refrigerant-wholesale.com\/es\/wp-json\/wp\/v2\/product_tag?post=2109"}],"curies":[{"name":"wp","href":"https:\/\/api.w.org\/{rel}","templated":true}]}}