{"id":2108,"date":"2024-09-26T10:03:22","date_gmt":"2024-09-26T10:03:22","guid":{"rendered":"https:\/\/refrigerant-wholesale.com\/product\/refrigerante-r401a\/"},"modified":"2025-03-01T23:25:28","modified_gmt":"2025-03-01T23:25:28","slug":"refrigerante-r401a","status":"publish","type":"product","link":"https:\/\/refrigerant-wholesale.com\/es\/product\/refrigerante-r401a\/","title":{"rendered":"Refrigerante R401A"},"content":{"rendered":"<h2><strong>Suministro al por mayor de refrigerante R401A &#8211; Distribuci\u00f3n mundial<\/strong><\/h2>\n<p>\u00bfNecesitas <strong>refrigerante R<\/strong> 401A para tus sistemas <a href=\"https:\/\/refrigerant-wholesale.com\/es\/\">de calefacci\u00f3n, ventilaci\u00f3n y aire acondicionado<\/a>? Somos un proveedor l\u00edder y de confianza de <strong>refrigerante R401A<\/strong> de alta calidad que ofrece servicios de venta al por mayor a clientes de todo el mundo. Como proveedor de refrigerante de primer nivel, suministramos cantidades a granel de R401A, garantiz\u00e1ndote un suministro fiable y constante para todas tus necesidades de refrigeraci\u00f3n.<\/p>\n<h3>\u00bfPor qu\u00e9 elegir nuestro refrigerante R-401A?<\/h3>\n<p>El R401A es un <strong>refrigerante a base de HCFC<\/strong> muy extendido que se suele utilizar en sistemas <a href=\"https:\/\/refrigerant-wholesale.com\/es\/product\/media-paleta-r22-20-bombonas\/\">R-12<\/a> reconvertidos para aplicaciones de aire acondicionado y refrigeraci\u00f3n. Ofrece un rendimiento de refrigeraci\u00f3n eficaz con una eficiencia mejorada, lo que lo convierte en una gran opci\u00f3n para los sistemas antiguos que requieren una conversi\u00f3n de refrigerante. Nuestro <strong>refrigerante R-401A<\/strong> se fabrica de acuerdo con las normas industriales m\u00e1s exigentes, lo que garantiza el m\u00e1ximo rendimiento y fiabilidad a largo plazo.<\/p>\n<p>Las principales ventajas son:<\/p>\n<ul>\n<li><strong>Alto rendimiento<\/strong>: Refrigeraci\u00f3n eficiente y fiable para sistemas de climatizaci\u00f3n comerciales, industriales y residenciales.<\/li>\n<li><strong>M\u00e1s seguro para el medio ambiente<\/strong>: El R401A tiene un potencial de agotamiento de la capa de ozono (PAO) inferior al de refrigerantes tradicionales como el R12.<\/li>\n<li><strong>Rentable<\/strong>: La transici\u00f3n de los sistemas antiguos al <a href=\"https:\/\/www.alibaba.com\/trade\/search?spm=a2700.galleryofferlist.the-new-header_fy23_pc_search_bar.searchButton&amp;tab=all&amp;SearchText=refrigerants+401a\">R401A<\/a> puede reducir los costes operativos generales.<\/li>\n<li><strong>Disponibilidad a granel<\/strong>: Realizamos env\u00edos al por mayor para contratistas, proveedores y empresas que necesiten entregas regulares de refrigerante de gran volumen.<\/li>\n<\/ul>\n<h3>Suministro mayorista global<\/h3>\n<p>Atendemos a profesionales de la climatizaci\u00f3n, empresas y distribuidores de todo el mundo, proporcionando <strong>refrigerante R401A<\/strong> a granel a precios competitivos. No importa d\u00f3nde est\u00e9 ubicada tu empresa, te garantizamos una entrega r\u00e1pida y segura con opciones de env\u00edo internacional. Tanto si se trata de una sola sede como de varias, tenemos capacidad para satisfacer tus necesidades.<\/p>\n<h3>\u00bfPor qu\u00e9 asociarse con nosotros?<\/h3>\n<ul>\n<li><strong>Env\u00edos a todo el mundo<\/strong>: Entrega mundial r\u00e1pida y fiable para garantizar que tu cadena de suministro se mantiene ininterrumpida.<\/li>\n<li><strong>Precios competitivos<\/strong>: Precios al por mayor para grandes pedidos.<\/li>\n<li><strong>Calidad certificada<\/strong>: S\u00f3lo suministramos refrigerantes que cumplen o superan las normas industriales de seguridad y rendimiento.<\/li>\n<\/ul>\n<p>Para obtener m\u00e1s informaci\u00f3n sobre c\u00f3mo puedes asegurarte un suministro constante de <strong>refrigerante R-401A<\/strong> para tu empresa, ponte en contacto con nosotros hoy mismo. Haz crecer tu negocio de calefacci\u00f3n, ventilaci\u00f3n y aire acondicionado con un socio de confianza en refrigerantes, comprometido a prestar un servicio excepcional en todo el mundo.<\/p>\n<p>\u00a1<strong>Ponte en contacto con nosotros<\/strong> para pedidos de <strong>refrigerante R401A<\/strong> a granel!<\/p>\n","protected":false},"excerpt":{"rendered":"<p><img loading=\"lazy\" decoding=\"async\" class=\"aligncenter wp-image-437\" src=\"http:\/\/refrigerant-wholesale.com\/wp-content\/uploads\/2024\/03\/Screenshot-69.png\" alt=\"Refrigerante WS\" width=\"207\" height=\"50\" \/><\/p>\n<h4 style=\"text-align: center;\"><img loading=\"lazy\" decoding=\"async\" class=\"alignnone wp-image-744\" src=\"http:\/\/refrigerant-wholesale.com\/wp-content\/uploads\/2024\/07\/removal.ai_8ca2a79e-d09f-4bd1-a4fe-c4c69f1a4386_Trade-Assurance-381x400.png\" alt=\"Refrigerantes WS\" width=\"24\" height=\"25\" srcset=\"https:\/\/refrigerant-wholesale.com\/wp-content\/uploads\/2024\/07\/removal.ai_8ca2a79e-d09f-4bd1-a4fe-c4c69f1a4386_Trade-Assurance-381x400.png 381w, https:\/\/refrigerant-wholesale.com\/wp-content\/uploads\/2024\/07\/removal.ai_8ca2a79e-d09f-4bd1-a4fe-c4c69f1a4386_Trade-Assurance-100x100.png 100w, https:\/\/refrigerant-wholesale.com\/wp-content\/uploads\/2024\/07\/removal.ai_8ca2a79e-d09f-4bd1-a4fe-c4c69f1a4386_Trade-Assurance-280x280.png 280w, https:\/\/refrigerant-wholesale.com\/wp-content\/uploads\/2024\/07\/removal.ai_8ca2a79e-d09f-4bd1-a4fe-c4c69f1a4386_Trade-Assurance.png 388w\" sizes=\"auto, (max-width: 24px) 100vw, 24px\" \/>GARANT\u00cdA COMERCIAL<\/h4>\n<div class=\"gmail-textwidget gmail-custom-html-widget\">\n<h6 style=\"text-align: center;\">Env\u00edo : Entrega en todo el mundo<\/h6>\n<h6 style=\"text-align: center;\">(Se aceptan solicitudes personalizadas)<\/h6>\n<p style=\"text-align: center;\">100% VIRGEN Sellado de f\u00e1brica GARANTIZADO<\/p>\n<p style=\"text-align: center;\"><a class=\"button primary is-green is-small\"  >\n    <span>Descargar la ficha de datos de seguridad<\/span>\n  <\/a>\n\n<\/div>\n","protected":false},"featured_media":1606,"comment_status":"open","ping_status":"closed","template":"","meta":[],"product_brand":[],"product_cat":[270],"product_tag":[],"class_list":{"0":"post-2108","1":"product","2":"type-product","3":"status-publish","4":"has-post-thumbnail","6":"product_cat-sin-categoria","8":"first","9":"instock","10":"shipping-taxable","11":"product-type-simple"},"yoast_head":"<!-- This site is optimized with the Yoast SEO Premium plugin v27.0 (Yoast SEO v27.3) - https:\/\/yoast.com\/product\/yoast-seo-premium-wordpress\/ -->\n<title>Suministro al por mayor de refrigerante R401A - WS Refrigerant<\/title>\n<meta name=\"description\" content=\"Comprar Refrigerante R401A al por mayor con descuento en pedidos al por mayor de 100% PREMIUM Proveedor de Refrigerante R401A. Env\u00edos a todo el mundo.\" \/>\n<meta name=\"robots\" content=\"index, follow, max-snippet:-1, max-image-preview:large, max-video-preview:-1\" \/>\n<link rel=\"canonical\" href=\"https:\/\/refrigerant-wholesale.com\/es\/product\/refrigerante-r401a\/\" \/>\n<meta property=\"og:locale\" content=\"es_ES\" \/>\n<meta property=\"og:type\" content=\"article\" \/>\n<meta property=\"og:title\" content=\"Refrigerante R401A\" \/>\n<meta property=\"og:description\" content=\"Comprar Refrigerante R401A al por mayor con descuento en pedidos al por mayor de 100% PREMIUM Proveedor de Refrigerante R401A. Env\u00edos a todo el mundo.\" \/>\n<meta property=\"og:url\" content=\"https:\/\/refrigerant-wholesale.com\/es\/product\/refrigerante-r401a\/\" \/>\n<meta property=\"og:site_name\" content=\"Refrigerant Gas Wholesale\" \/>\n<meta property=\"article:publisher\" content=\"https:\/\/www.facebook.com\/refrigerantwholesale\" \/>\n<meta property=\"article:modified_time\" content=\"2025-03-01T23:25:28+00:00\" \/>\n<meta property=\"og:image\" content=\"http:\/\/refrigerant-wholesale.com\/wp-content\/uploads\/2024\/09\/R-401A-Refrigerant.jpg\" \/>\n\t<meta property=\"og:image:width\" content=\"879\" \/>\n\t<meta property=\"og:image:height\" content=\"659\" \/>\n\t<meta property=\"og:image:type\" content=\"image\/jpeg\" \/>\n<meta name=\"twitter:card\" content=\"summary_large_image\" \/>\n<meta name=\"twitter:label1\" content=\"Tiempo de lectura\" \/>\n\t<meta name=\"twitter:data1\" content=\"3 minutos\" \/>\n<script type=\"application\/ld+json\" class=\"yoast-schema-graph\">{\"@context\":\"https:\\\/\\\/schema.org\",\"@graph\":[{\"@type\":\"WebPage\",\"@id\":\"https:\\\/\\\/refrigerant-wholesale.com\\\/es\\\/product\\\/refrigerante-r401a\\\/\",\"url\":\"https:\\\/\\\/refrigerant-wholesale.com\\\/es\\\/product\\\/refrigerante-r401a\\\/\",\"name\":\"Suministro al por mayor de refrigerante R401A - WS Refrigerant\",\"isPartOf\":{\"@id\":\"https:\\\/\\\/refrigerant-wholesale.com\\\/es\\\/#website\"},\"primaryImageOfPage\":{\"@id\":\"https:\\\/\\\/refrigerant-wholesale.com\\\/es\\\/product\\\/refrigerante-r401a\\\/#primaryimage\"},\"image\":{\"@id\":\"https:\\\/\\\/refrigerant-wholesale.com\\\/es\\\/product\\\/refrigerante-r401a\\\/#primaryimage\"},\"thumbnailUrl\":\"https:\\\/\\\/refrigerant-wholesale.com\\\/wp-content\\\/uploads\\\/2024\\\/09\\\/R-401A-Refrigerant.jpg\",\"datePublished\":\"2024-09-26T10:03:22+00:00\",\"dateModified\":\"2025-03-01T23:25:28+00:00\",\"description\":\"Comprar Refrigerante R401A al por mayor con descuento en pedidos al por mayor de 100% PREMIUM Proveedor de Refrigerante R401A. Env\u00edos a todo el mundo.\",\"breadcrumb\":{\"@id\":\"https:\\\/\\\/refrigerant-wholesale.com\\\/es\\\/product\\\/refrigerante-r401a\\\/#breadcrumb\"},\"inLanguage\":\"es\",\"potentialAction\":[{\"@type\":\"ReadAction\",\"target\":[\"https:\\\/\\\/refrigerant-wholesale.com\\\/es\\\/product\\\/refrigerante-r401a\\\/\"]}]},{\"@type\":\"ImageObject\",\"inLanguage\":\"es\",\"@id\":\"https:\\\/\\\/refrigerant-wholesale.com\\\/es\\\/product\\\/refrigerante-r401a\\\/#primaryimage\",\"url\":\"https:\\\/\\\/refrigerant-wholesale.com\\\/wp-content\\\/uploads\\\/2024\\\/09\\\/R-401A-Refrigerant.jpg\",\"contentUrl\":\"https:\\\/\\\/refrigerant-wholesale.com\\\/wp-content\\\/uploads\\\/2024\\\/09\\\/R-401A-Refrigerant.jpg\",\"width\":879,\"height\":659,\"caption\":\"Refrigerante 401a, Refrigerante R401A al por mayor\"},{\"@type\":\"BreadcrumbList\",\"@id\":\"https:\\\/\\\/refrigerant-wholesale.com\\\/es\\\/product\\\/refrigerante-r401a\\\/#breadcrumb\",\"itemListElement\":[{\"@type\":\"ListItem\",\"position\":1,\"name\":\"Home\",\"item\":\"https:\\\/\\\/refrigerant-wholesale.com\\\/es\\\/\"},{\"@type\":\"ListItem\",\"position\":2,\"name\":\"Tienda\",\"item\":\"https:\\\/\\\/refrigerant-wholesale.com\\\/es\\\/tienda\\\/\"},{\"@type\":\"ListItem\",\"position\":3,\"name\":\"Refrigerante R401A\"}]},{\"@type\":\"WebSite\",\"@id\":\"https:\\\/\\\/refrigerant-wholesale.com\\\/es\\\/#website\",\"url\":\"https:\\\/\\\/refrigerant-wholesale.com\\\/es\\\/\",\"name\":\"Refrigerant Gas Wholesale\",\"description\":\"AC Gas supplier\",\"publisher\":{\"@id\":\"https:\\\/\\\/refrigerant-wholesale.com\\\/es\\\/#organization\"},\"potentialAction\":[{\"@type\":\"SearchAction\",\"target\":{\"@type\":\"EntryPoint\",\"urlTemplate\":\"https:\\\/\\\/refrigerant-wholesale.com\\\/es\\\/?s={search_term_string}\"},\"query-input\":{\"@type\":\"PropertyValueSpecification\",\"valueRequired\":true,\"valueName\":\"search_term_string\"}}],\"inLanguage\":\"es\"},{\"@type\":\"Organization\",\"@id\":\"https:\\\/\\\/refrigerant-wholesale.com\\\/es\\\/#organization\",\"name\":\"Refrigerant Gas Wholesale\",\"url\":\"https:\\\/\\\/refrigerant-wholesale.com\\\/es\\\/\",\"logo\":{\"@type\":\"ImageObject\",\"inLanguage\":\"es\",\"@id\":\"https:\\\/\\\/refrigerant-wholesale.com\\\/es\\\/#\\\/schema\\\/logo\\\/image\\\/\",\"url\":\"http:\\\/\\\/refrigerant-wholesale.com\\\/wp-content\\\/uploads\\\/2024\\\/04\\\/refrigerant-logo.png\",\"contentUrl\":\"http:\\\/\\\/refrigerant-wholesale.com\\\/wp-content\\\/uploads\\\/2024\\\/04\\\/refrigerant-logo.png\",\"width\":400,\"height\":84,\"caption\":\"Refrigerant Gas Wholesale\"},\"image\":{\"@id\":\"https:\\\/\\\/refrigerant-wholesale.com\\\/es\\\/#\\\/schema\\\/logo\\\/image\\\/\"},\"sameAs\":[\"https:\\\/\\\/www.facebook.com\\\/refrigerantwholesale\"]}]}<\/script>\n<!-- \/ Yoast SEO Premium plugin. -->","yoast_head_json":{"title":"Suministro al por mayor de refrigerante R401A - WS Refrigerant","description":"Comprar Refrigerante R401A al por mayor con descuento en pedidos al por mayor de 100% PREMIUM Proveedor de Refrigerante R401A. Env\u00edos a todo el mundo.","robots":{"index":"index","follow":"follow","max-snippet":"max-snippet:-1","max-image-preview":"max-image-preview:large","max-video-preview":"max-video-preview:-1"},"canonical":"https:\/\/refrigerant-wholesale.com\/es\/product\/refrigerante-r401a\/","og_locale":"es_ES","og_type":"article","og_title":"Refrigerante R401A","og_description":"Comprar Refrigerante R401A al por mayor con descuento en pedidos al por mayor de 100% PREMIUM Proveedor de Refrigerante R401A. Env\u00edos a todo el mundo.","og_url":"https:\/\/refrigerant-wholesale.com\/es\/product\/refrigerante-r401a\/","og_site_name":"Refrigerant Gas Wholesale","article_publisher":"https:\/\/www.facebook.com\/refrigerantwholesale","article_modified_time":"2025-03-01T23:25:28+00:00","og_image":[{"width":879,"height":659,"url":"http:\/\/refrigerant-wholesale.com\/wp-content\/uploads\/2024\/09\/R-401A-Refrigerant.jpg","type":"image\/jpeg"}],"twitter_card":"summary_large_image","twitter_misc":{"Tiempo de lectura":"3 minutos"},"schema":{"@context":"https:\/\/schema.org","@graph":[{"@type":"WebPage","@id":"https:\/\/refrigerant-wholesale.com\/es\/product\/refrigerante-r401a\/","url":"https:\/\/refrigerant-wholesale.com\/es\/product\/refrigerante-r401a\/","name":"Suministro al por mayor de refrigerante R401A - WS Refrigerant","isPartOf":{"@id":"https:\/\/refrigerant-wholesale.com\/es\/#website"},"primaryImageOfPage":{"@id":"https:\/\/refrigerant-wholesale.com\/es\/product\/refrigerante-r401a\/#primaryimage"},"image":{"@id":"https:\/\/refrigerant-wholesale.com\/es\/product\/refrigerante-r401a\/#primaryimage"},"thumbnailUrl":"https:\/\/refrigerant-wholesale.com\/wp-content\/uploads\/2024\/09\/R-401A-Refrigerant.jpg","datePublished":"2024-09-26T10:03:22+00:00","dateModified":"2025-03-01T23:25:28+00:00","description":"Comprar Refrigerante R401A al por mayor con descuento en pedidos al por mayor de 100% PREMIUM Proveedor de Refrigerante R401A. Env\u00edos a todo el mundo.","breadcrumb":{"@id":"https:\/\/refrigerant-wholesale.com\/es\/product\/refrigerante-r401a\/#breadcrumb"},"inLanguage":"es","potentialAction":[{"@type":"ReadAction","target":["https:\/\/refrigerant-wholesale.com\/es\/product\/refrigerante-r401a\/"]}]},{"@type":"ImageObject","inLanguage":"es","@id":"https:\/\/refrigerant-wholesale.com\/es\/product\/refrigerante-r401a\/#primaryimage","url":"https:\/\/refrigerant-wholesale.com\/wp-content\/uploads\/2024\/09\/R-401A-Refrigerant.jpg","contentUrl":"https:\/\/refrigerant-wholesale.com\/wp-content\/uploads\/2024\/09\/R-401A-Refrigerant.jpg","width":879,"height":659,"caption":"Refrigerante 401a, Refrigerante R401A al por mayor"},{"@type":"BreadcrumbList","@id":"https:\/\/refrigerant-wholesale.com\/es\/product\/refrigerante-r401a\/#breadcrumb","itemListElement":[{"@type":"ListItem","position":1,"name":"Home","item":"https:\/\/refrigerant-wholesale.com\/es\/"},{"@type":"ListItem","position":2,"name":"Tienda","item":"https:\/\/refrigerant-wholesale.com\/es\/tienda\/"},{"@type":"ListItem","position":3,"name":"Refrigerante R401A"}]},{"@type":"WebSite","@id":"https:\/\/refrigerant-wholesale.com\/es\/#website","url":"https:\/\/refrigerant-wholesale.com\/es\/","name":"Refrigerant Gas Wholesale","description":"AC Gas supplier","publisher":{"@id":"https:\/\/refrigerant-wholesale.com\/es\/#organization"},"potentialAction":[{"@type":"SearchAction","target":{"@type":"EntryPoint","urlTemplate":"https:\/\/refrigerant-wholesale.com\/es\/?s={search_term_string}"},"query-input":{"@type":"PropertyValueSpecification","valueRequired":true,"valueName":"search_term_string"}}],"inLanguage":"es"},{"@type":"Organization","@id":"https:\/\/refrigerant-wholesale.com\/es\/#organization","name":"Refrigerant Gas Wholesale","url":"https:\/\/refrigerant-wholesale.com\/es\/","logo":{"@type":"ImageObject","inLanguage":"es","@id":"https:\/\/refrigerant-wholesale.com\/es\/#\/schema\/logo\/image\/","url":"http:\/\/refrigerant-wholesale.com\/wp-content\/uploads\/2024\/04\/refrigerant-logo.png","contentUrl":"http:\/\/refrigerant-wholesale.com\/wp-content\/uploads\/2024\/04\/refrigerant-logo.png","width":400,"height":84,"caption":"Refrigerant Gas Wholesale"},"image":{"@id":"https:\/\/refrigerant-wholesale.com\/es\/#\/schema\/logo\/image\/"},"sameAs":["https:\/\/www.facebook.com\/refrigerantwholesale"]}]}},"_links":{"self":[{"href":"https:\/\/refrigerant-wholesale.com\/es\/wp-json\/wp\/v2\/product\/2108","targetHints":{"allow":["GET"]}}],"collection":[{"href":"https:\/\/refrigerant-wholesale.com\/es\/wp-json\/wp\/v2\/product"}],"about":[{"href":"https:\/\/refrigerant-wholesale.com\/es\/wp-json\/wp\/v2\/types\/product"}],"replies":[{"embeddable":true,"href":"https:\/\/refrigerant-wholesale.com\/es\/wp-json\/wp\/v2\/comments?post=2108"}],"wp:featuredmedia":[{"embeddable":true,"href":"https:\/\/refrigerant-wholesale.com\/es\/wp-json\/wp\/v2\/media\/1606"}],"wp:attachment":[{"href":"https:\/\/refrigerant-wholesale.com\/es\/wp-json\/wp\/v2\/media?parent=2108"}],"wp:term":[{"taxonomy":"product_brand","embeddable":true,"href":"https:\/\/refrigerant-wholesale.com\/es\/wp-json\/wp\/v2\/product_brand?post=2108"},{"taxonomy":"product_cat","embeddable":true,"href":"https:\/\/refrigerant-wholesale.com\/es\/wp-json\/wp\/v2\/product_cat?post=2108"},{"taxonomy":"product_tag","embeddable":true,"href":"https:\/\/refrigerant-wholesale.com\/es\/wp-json\/wp\/v2\/product_tag?post=2108"}],"curies":[{"name":"wp","href":"https:\/\/api.w.org\/{rel}","templated":true}]}}