{"id":2107,"date":"2024-07-13T23:55:53","date_gmt":"2024-07-13T23:55:53","guid":{"rendered":"https:\/\/refrigerant-wholesale.com\/product\/media-paleta-r-407c-20-cilindros\/"},"modified":"2025-03-01T20:36:15","modified_gmt":"2025-03-01T20:36:15","slug":"media-paleta-r-407c-20-cilindros","status":"publish","type":"product","link":"https:\/\/refrigerant-wholesale.com\/es\/product\/media-paleta-r-407c-20-cilindros\/","title":{"rendered":"Media paleta R-407C (20 cilindros)"},"content":{"rendered":"<h3>Proveedor de Refrigerante R407c: Precios al por mayor, Env\u00edos a todo el mundo<\/h3>\n<p>\u00bfBuscas <strong>refrigerante R407c<\/strong> de alta calidad Precios al por mayor para proveedores? \u00a1Lo tenemos! El R407c es un refrigerante de hidrofluorocarbono (HFC) de alta calidad que se utiliza en sistemas de aire acondicionado y refrigeraci\u00f3n. Su excepcional rendimiento frigor\u00edfico lo convierte en el sustituto ideal del R22, tanto en aplicaciones comerciales como residenciales.   <\/p>\n<h4>Caracter\u00edsticas principales <a href=\"https:\/\/refrigerant-wholesale.com\/es\/?post_type=product&#038;p=2105\">del refrigerante R407c<\/a><\/h4>\n<ul>\n<li><strong>Respetuoso con el medio ambiente<\/strong>: Dise\u00f1ado con bajo potencial de agotamiento de la capa de ozono (PAO).<\/li>\n<li><strong>Rendimiento eficiente<\/strong>: La alta eficiencia energ\u00e9tica garantiza una mejor producci\u00f3n de fr\u00edo.<\/li>\n<li><strong>Compatibilidad<\/strong>: Funciona sin problemas en sistemas dise\u00f1ados para R22 tras la adaptaci\u00f3n adecuada.<\/li>\n<\/ul>\n<hr>\n<h3>Especificaciones t\u00e9cnicas<\/h3>\n<table>\n<thead>\n<tr>\n<th><strong>Especificaci\u00f3n<\/strong><\/th>\n<th><strong>Detalles<\/strong><\/th>\n<\/tr>\n<\/thead>\n<tbody>\n<tr>\n<td><strong>Composici\u00f3n qu\u00edmica<\/strong><\/td>\n<td>Mezcla R32\/R125\/R134a<\/td>\n<\/tr>\n<tr>\n<td><strong>Punto de ebullici\u00f3n<\/strong><\/td>\n<td>-43.6\u00b0C<\/td>\n<\/tr>\n<tr>\n<td><strong>ODP<\/strong><\/td>\n<td>0<\/td>\n<\/tr>\n<tr>\n<td><strong>GWP (Potencial de Calentamiento Global)<\/strong><\/td>\n<td>1774<\/td>\n<\/tr>\n<tr>\n<td><strong>Aplicaciones<\/strong><\/td>\n<td>Acondicionadores de aire, enfriadoras<\/td>\n<\/tr>\n<\/tbody>\n<\/table>\n<hr>\n<h4>Opciones de embalaje<\/h4>\n<p>Para satisfacer las diversas necesidades de las empresas, ofrecemos <strong>opciones<\/strong> flexibles <strong>de envasado<\/strong> para el refrigerante R407c: <\/p>\n<ul>\n<li><strong>Cilindros desechables<\/strong>: 11,3 kg y 9 kg para necesidades a menor escala.<\/li>\n<li><strong>Cilindros rellenables<\/strong>: 926L para uso comercial a granel.<\/li>\n<li><strong>Dep\u00f3sitos ISO<\/strong>: Disponibles para grandes necesidades industriales.<\/li>\n<\/ul>\n<p>Cada paquete est\u00e1 bien cerrado para evitar fugas y garantizar un transporte seguro.<\/p>\n<hr>\n<h3>\u00bfPor qu\u00e9 elegirnos como <a href=\"https:\/\/www.alibaba.com\/trade\/search?spm=a2700.product_home_newuser.home_new_user_first_screen_fy23_pc_search_bar.keydown__Enter&amp;tab=all&amp;SearchText=refrigerants\">proveedor de<\/a> R407c?<\/h3>\n<ul>\n<li><strong>Precios al por mayor competitivos<\/strong>: Consigue el mejor valor para tu negocio.<\/li>\n<li><strong>Calidad fiable<\/strong>: Los productos cumplen todas las normas internacionales.<\/li>\n<li><strong>Env\u00edos a todo el mundo<\/strong>: Env\u00edo r\u00e1pido y seguro a tu ubicaci\u00f3n.<\/li>\n<\/ul>\n<hr>\n<h4>Haz tu pedido<\/h4>\n<p>Con nuestro amplio inventario, garantizamos la disponibilidad y el env\u00edo r\u00e1pido. Haz tu pedido hoy para garantizar un funcionamiento ininterrumpido. <\/p>\n<p>Nuestro equipo est\u00e1 preparado para ayudarte con las compras a granel y las necesidades de envasado a medida. \u00a1Ponte en contacto con nosotros ahora para obtener <a href=\"https:\/\/azscosmetiks.com\/\">presupuestos<\/a> competitivos sobre el <strong>refrigerante R407c<\/strong>! <\/p>\n","protected":false},"excerpt":{"rendered":"<p><img loading=\"lazy\" decoding=\"async\" class=\"alignnone wp-image-437 aligncenter\" src=\"http:\/\/refrigerant-wholesale.com\/wp-content\/uploads\/2024\/03\/Screenshot-69.png\" alt=\"\" width=\"207\" height=\"50\"><\/p>\n<h4 style=\"text-align: center;\"><img loading=\"lazy\" decoding=\"async\" class=\"alignnone wp-image-744\" src=\"http:\/\/refrigerant-wholesale.com\/wp-content\/uploads\/2024\/07\/removal.ai_8ca2a79e-d09f-4bd1-a4fe-c4c69f1a4386_Trade-Assurance-381x400.png\" alt=\"Refrigerantes WS\" width=\"22\" height=\"23\" srcset=\"https:\/\/refrigerant-wholesale.com\/wp-content\/uploads\/2024\/07\/removal.ai_8ca2a79e-d09f-4bd1-a4fe-c4c69f1a4386_Trade-Assurance-381x400.png 381w, https:\/\/refrigerant-wholesale.com\/wp-content\/uploads\/2024\/07\/removal.ai_8ca2a79e-d09f-4bd1-a4fe-c4c69f1a4386_Trade-Assurance-100x100.png 100w, https:\/\/refrigerant-wholesale.com\/wp-content\/uploads\/2024\/07\/removal.ai_8ca2a79e-d09f-4bd1-a4fe-c4c69f1a4386_Trade-Assurance-280x280.png 280w, https:\/\/refrigerant-wholesale.com\/wp-content\/uploads\/2024\/07\/removal.ai_8ca2a79e-d09f-4bd1-a4fe-c4c69f1a4386_Trade-Assurance.png 388w\" sizes=\"auto, (max-width: 22px) 100vw, 22px\" \/>GARANT\u00cdA COMERCIAL<\/h4>\n<div class=\"gmail-textwidget gmail-custom-html-widget\">\n<h6 style=\"text-align: center;\">Env\u00edo : Entrega en todo el mundo<\/h6>\n<h6 style=\"text-align: center;\">(Se aceptan solicitudes personalizadas)<\/h6>\n<p style=\"text-align: center;\">100% VIRGEN Sellado de f\u00e1brica GARANTIZADO<\/p>\n<p style=\"text-align: center;\"><a href=\"http:\/\/refrigerant-wholesale.com\/wp-content\/uploads\/2024\/07\/SDS-R134a.pdf\" target=\"_self\" class=\"button primary is-green is-small\"  >\n    <span>Descargar la ficha de datos de seguridad<\/span>\n  <\/a>\n\n<\/div>\n","protected":false},"featured_media":1570,"comment_status":"open","ping_status":"closed","template":"","meta":[],"product_brand":[],"product_cat":[336,270],"product_tag":[348,346,347,337,339],"class_list":{"0":"post-2107","1":"product","2":"type-product","3":"status-publish","4":"has-post-thumbnail","6":"product_cat-r407c-es","7":"product_cat-sin-categoria","8":"product_tag-precio-del-refrigerante-r407c","9":"product_tag-proveedor-de-refrigerante-r407c","10":"product_tag-r-407c-es","11":"product_tag-refrigerante-r407c","12":"product_tag-venta-al-por-mayor-de-refrigerante-r407c","14":"first","15":"instock","16":"shipping-taxable","17":"product-type-simple"},"yoast_head":"<!-- This site is optimized with the Yoast SEO Premium plugin v27.0 (Yoast SEO v27.3) - https:\/\/yoast.com\/product\/yoast-seo-premium-wordpress\/ -->\n<title>Proveedor de refrigerante R407c Precio al por mayor | WS Refrigerante<\/title>\n<meta name=\"description\" content=\"R407c Refrigerante Proveedor, 100% VIRGEN Sellado de F\u00e1brica Calidad del producto GARANTIZADA con Env\u00edo a Todo el Mundo. Grandes descuentos.\" \/>\n<meta name=\"robots\" content=\"index, follow, max-snippet:-1, max-image-preview:large, max-video-preview:-1\" \/>\n<link rel=\"canonical\" href=\"https:\/\/refrigerant-wholesale.com\/es\/product\/media-paleta-r-407c-20-cilindros\/\" \/>\n<meta property=\"og:locale\" content=\"es_ES\" \/>\n<meta property=\"og:type\" content=\"article\" \/>\n<meta property=\"og:title\" content=\"Media paleta R-407C (20 cilindros)\" \/>\n<meta property=\"og:description\" content=\"R407c Refrigerante Proveedor, 100% VIRGEN Sellado de F\u00e1brica Calidad del producto GARANTIZADA con Env\u00edo a Todo el Mundo. Grandes descuentos.\" \/>\n<meta property=\"og:url\" content=\"https:\/\/refrigerant-wholesale.com\/es\/product\/media-paleta-r-407c-20-cilindros\/\" \/>\n<meta property=\"og:site_name\" content=\"Refrigerant Gas Wholesale\" \/>\n<meta property=\"article:publisher\" content=\"https:\/\/www.facebook.com\/refrigerantwholesale\" \/>\n<meta property=\"article:modified_time\" content=\"2025-03-01T20:36:15+00:00\" \/>\n<meta property=\"og:image\" content=\"http:\/\/refrigerant-wholesale.com\/wp-content\/uploads\/2024\/07\/407C-20.jpg\" \/>\n\t<meta property=\"og:image:width\" content=\"1000\" \/>\n\t<meta property=\"og:image:height\" content=\"1000\" \/>\n\t<meta property=\"og:image:type\" content=\"image\/jpeg\" \/>\n<meta name=\"twitter:card\" content=\"summary_large_image\" \/>\n<meta name=\"twitter:label1\" content=\"Tiempo de lectura\" \/>\n\t<meta name=\"twitter:data1\" content=\"2 minutos\" \/>\n<script type=\"application\/ld+json\" class=\"yoast-schema-graph\">{\"@context\":\"https:\\\/\\\/schema.org\",\"@graph\":[{\"@type\":\"WebPage\",\"@id\":\"https:\\\/\\\/refrigerant-wholesale.com\\\/es\\\/product\\\/media-paleta-r-407c-20-cilindros\\\/\",\"url\":\"https:\\\/\\\/refrigerant-wholesale.com\\\/es\\\/product\\\/media-paleta-r-407c-20-cilindros\\\/\",\"name\":\"Proveedor de refrigerante R407c Precio al por mayor | WS Refrigerante\",\"isPartOf\":{\"@id\":\"https:\\\/\\\/refrigerant-wholesale.com\\\/es\\\/#website\"},\"primaryImageOfPage\":{\"@id\":\"https:\\\/\\\/refrigerant-wholesale.com\\\/es\\\/product\\\/media-paleta-r-407c-20-cilindros\\\/#primaryimage\"},\"image\":{\"@id\":\"https:\\\/\\\/refrigerant-wholesale.com\\\/es\\\/product\\\/media-paleta-r-407c-20-cilindros\\\/#primaryimage\"},\"thumbnailUrl\":\"https:\\\/\\\/refrigerant-wholesale.com\\\/wp-content\\\/uploads\\\/2024\\\/07\\\/407C-20.jpg\",\"datePublished\":\"2024-07-13T23:55:53+00:00\",\"dateModified\":\"2025-03-01T20:36:15+00:00\",\"description\":\"R407c Refrigerante Proveedor, 100% VIRGEN Sellado de F\u00e1brica Calidad del producto GARANTIZADA con Env\u00edo a Todo el Mundo. Grandes descuentos.\",\"breadcrumb\":{\"@id\":\"https:\\\/\\\/refrigerant-wholesale.com\\\/es\\\/product\\\/media-paleta-r-407c-20-cilindros\\\/#breadcrumb\"},\"inLanguage\":\"es\",\"potentialAction\":[{\"@type\":\"ReadAction\",\"target\":[\"https:\\\/\\\/refrigerant-wholesale.com\\\/es\\\/product\\\/media-paleta-r-407c-20-cilindros\\\/\"]}]},{\"@type\":\"ImageObject\",\"inLanguage\":\"es\",\"@id\":\"https:\\\/\\\/refrigerant-wholesale.com\\\/es\\\/product\\\/media-paleta-r-407c-20-cilindros\\\/#primaryimage\",\"url\":\"https:\\\/\\\/refrigerant-wholesale.com\\\/wp-content\\\/uploads\\\/2024\\\/07\\\/407C-20.jpg\",\"contentUrl\":\"https:\\\/\\\/refrigerant-wholesale.com\\\/wp-content\\\/uploads\\\/2024\\\/07\\\/407C-20.jpg\",\"width\":1000,\"height\":1000,\"caption\":\"Proveedor de refrigerante R407c, Refrigerante R407c, R407c, Refrigerante R407c, fre\u00f3n R 407c\"},{\"@type\":\"BreadcrumbList\",\"@id\":\"https:\\\/\\\/refrigerant-wholesale.com\\\/es\\\/product\\\/media-paleta-r-407c-20-cilindros\\\/#breadcrumb\",\"itemListElement\":[{\"@type\":\"ListItem\",\"position\":1,\"name\":\"Home\",\"item\":\"https:\\\/\\\/refrigerant-wholesale.com\\\/es\\\/\"},{\"@type\":\"ListItem\",\"position\":2,\"name\":\"Tienda\",\"item\":\"https:\\\/\\\/refrigerant-wholesale.com\\\/es\\\/tienda\\\/\"},{\"@type\":\"ListItem\",\"position\":3,\"name\":\"Media paleta R-407C (20 cilindros)\"}]},{\"@type\":\"WebSite\",\"@id\":\"https:\\\/\\\/refrigerant-wholesale.com\\\/es\\\/#website\",\"url\":\"https:\\\/\\\/refrigerant-wholesale.com\\\/es\\\/\",\"name\":\"Refrigerant Gas Wholesale\",\"description\":\"AC Gas supplier\",\"publisher\":{\"@id\":\"https:\\\/\\\/refrigerant-wholesale.com\\\/es\\\/#organization\"},\"potentialAction\":[{\"@type\":\"SearchAction\",\"target\":{\"@type\":\"EntryPoint\",\"urlTemplate\":\"https:\\\/\\\/refrigerant-wholesale.com\\\/es\\\/?s={search_term_string}\"},\"query-input\":{\"@type\":\"PropertyValueSpecification\",\"valueRequired\":true,\"valueName\":\"search_term_string\"}}],\"inLanguage\":\"es\"},{\"@type\":\"Organization\",\"@id\":\"https:\\\/\\\/refrigerant-wholesale.com\\\/es\\\/#organization\",\"name\":\"Refrigerant Gas Wholesale\",\"url\":\"https:\\\/\\\/refrigerant-wholesale.com\\\/es\\\/\",\"logo\":{\"@type\":\"ImageObject\",\"inLanguage\":\"es\",\"@id\":\"https:\\\/\\\/refrigerant-wholesale.com\\\/es\\\/#\\\/schema\\\/logo\\\/image\\\/\",\"url\":\"http:\\\/\\\/refrigerant-wholesale.com\\\/wp-content\\\/uploads\\\/2024\\\/04\\\/refrigerant-logo.png\",\"contentUrl\":\"http:\\\/\\\/refrigerant-wholesale.com\\\/wp-content\\\/uploads\\\/2024\\\/04\\\/refrigerant-logo.png\",\"width\":400,\"height\":84,\"caption\":\"Refrigerant Gas Wholesale\"},\"image\":{\"@id\":\"https:\\\/\\\/refrigerant-wholesale.com\\\/es\\\/#\\\/schema\\\/logo\\\/image\\\/\"},\"sameAs\":[\"https:\\\/\\\/www.facebook.com\\\/refrigerantwholesale\"]}]}<\/script>\n<!-- \/ Yoast SEO Premium plugin. -->","yoast_head_json":{"title":"Proveedor de refrigerante R407c Precio al por mayor | WS Refrigerante","description":"R407c Refrigerante Proveedor, 100% VIRGEN Sellado de F\u00e1brica Calidad del producto GARANTIZADA con Env\u00edo a Todo el Mundo. Grandes descuentos.","robots":{"index":"index","follow":"follow","max-snippet":"max-snippet:-1","max-image-preview":"max-image-preview:large","max-video-preview":"max-video-preview:-1"},"canonical":"https:\/\/refrigerant-wholesale.com\/es\/product\/media-paleta-r-407c-20-cilindros\/","og_locale":"es_ES","og_type":"article","og_title":"Media paleta R-407C (20 cilindros)","og_description":"R407c Refrigerante Proveedor, 100% VIRGEN Sellado de F\u00e1brica Calidad del producto GARANTIZADA con Env\u00edo a Todo el Mundo. Grandes descuentos.","og_url":"https:\/\/refrigerant-wholesale.com\/es\/product\/media-paleta-r-407c-20-cilindros\/","og_site_name":"Refrigerant Gas Wholesale","article_publisher":"https:\/\/www.facebook.com\/refrigerantwholesale","article_modified_time":"2025-03-01T20:36:15+00:00","og_image":[{"width":1000,"height":1000,"url":"http:\/\/refrigerant-wholesale.com\/wp-content\/uploads\/2024\/07\/407C-20.jpg","type":"image\/jpeg"}],"twitter_card":"summary_large_image","twitter_misc":{"Tiempo de lectura":"2 minutos"},"schema":{"@context":"https:\/\/schema.org","@graph":[{"@type":"WebPage","@id":"https:\/\/refrigerant-wholesale.com\/es\/product\/media-paleta-r-407c-20-cilindros\/","url":"https:\/\/refrigerant-wholesale.com\/es\/product\/media-paleta-r-407c-20-cilindros\/","name":"Proveedor de refrigerante R407c Precio al por mayor | WS Refrigerante","isPartOf":{"@id":"https:\/\/refrigerant-wholesale.com\/es\/#website"},"primaryImageOfPage":{"@id":"https:\/\/refrigerant-wholesale.com\/es\/product\/media-paleta-r-407c-20-cilindros\/#primaryimage"},"image":{"@id":"https:\/\/refrigerant-wholesale.com\/es\/product\/media-paleta-r-407c-20-cilindros\/#primaryimage"},"thumbnailUrl":"https:\/\/refrigerant-wholesale.com\/wp-content\/uploads\/2024\/07\/407C-20.jpg","datePublished":"2024-07-13T23:55:53+00:00","dateModified":"2025-03-01T20:36:15+00:00","description":"R407c Refrigerante Proveedor, 100% VIRGEN Sellado de F\u00e1brica Calidad del producto GARANTIZADA con Env\u00edo a Todo el Mundo. Grandes descuentos.","breadcrumb":{"@id":"https:\/\/refrigerant-wholesale.com\/es\/product\/media-paleta-r-407c-20-cilindros\/#breadcrumb"},"inLanguage":"es","potentialAction":[{"@type":"ReadAction","target":["https:\/\/refrigerant-wholesale.com\/es\/product\/media-paleta-r-407c-20-cilindros\/"]}]},{"@type":"ImageObject","inLanguage":"es","@id":"https:\/\/refrigerant-wholesale.com\/es\/product\/media-paleta-r-407c-20-cilindros\/#primaryimage","url":"https:\/\/refrigerant-wholesale.com\/wp-content\/uploads\/2024\/07\/407C-20.jpg","contentUrl":"https:\/\/refrigerant-wholesale.com\/wp-content\/uploads\/2024\/07\/407C-20.jpg","width":1000,"height":1000,"caption":"Proveedor de refrigerante R407c, Refrigerante R407c, R407c, Refrigerante R407c, fre\u00f3n R 407c"},{"@type":"BreadcrumbList","@id":"https:\/\/refrigerant-wholesale.com\/es\/product\/media-paleta-r-407c-20-cilindros\/#breadcrumb","itemListElement":[{"@type":"ListItem","position":1,"name":"Home","item":"https:\/\/refrigerant-wholesale.com\/es\/"},{"@type":"ListItem","position":2,"name":"Tienda","item":"https:\/\/refrigerant-wholesale.com\/es\/tienda\/"},{"@type":"ListItem","position":3,"name":"Media paleta R-407C (20 cilindros)"}]},{"@type":"WebSite","@id":"https:\/\/refrigerant-wholesale.com\/es\/#website","url":"https:\/\/refrigerant-wholesale.com\/es\/","name":"Refrigerant Gas Wholesale","description":"AC Gas supplier","publisher":{"@id":"https:\/\/refrigerant-wholesale.com\/es\/#organization"},"potentialAction":[{"@type":"SearchAction","target":{"@type":"EntryPoint","urlTemplate":"https:\/\/refrigerant-wholesale.com\/es\/?s={search_term_string}"},"query-input":{"@type":"PropertyValueSpecification","valueRequired":true,"valueName":"search_term_string"}}],"inLanguage":"es"},{"@type":"Organization","@id":"https:\/\/refrigerant-wholesale.com\/es\/#organization","name":"Refrigerant Gas Wholesale","url":"https:\/\/refrigerant-wholesale.com\/es\/","logo":{"@type":"ImageObject","inLanguage":"es","@id":"https:\/\/refrigerant-wholesale.com\/es\/#\/schema\/logo\/image\/","url":"http:\/\/refrigerant-wholesale.com\/wp-content\/uploads\/2024\/04\/refrigerant-logo.png","contentUrl":"http:\/\/refrigerant-wholesale.com\/wp-content\/uploads\/2024\/04\/refrigerant-logo.png","width":400,"height":84,"caption":"Refrigerant Gas Wholesale"},"image":{"@id":"https:\/\/refrigerant-wholesale.com\/es\/#\/schema\/logo\/image\/"},"sameAs":["https:\/\/www.facebook.com\/refrigerantwholesale"]}]}},"_links":{"self":[{"href":"https:\/\/refrigerant-wholesale.com\/es\/wp-json\/wp\/v2\/product\/2107","targetHints":{"allow":["GET"]}}],"collection":[{"href":"https:\/\/refrigerant-wholesale.com\/es\/wp-json\/wp\/v2\/product"}],"about":[{"href":"https:\/\/refrigerant-wholesale.com\/es\/wp-json\/wp\/v2\/types\/product"}],"replies":[{"embeddable":true,"href":"https:\/\/refrigerant-wholesale.com\/es\/wp-json\/wp\/v2\/comments?post=2107"}],"wp:featuredmedia":[{"embeddable":true,"href":"https:\/\/refrigerant-wholesale.com\/es\/wp-json\/wp\/v2\/media\/1570"}],"wp:attachment":[{"href":"https:\/\/refrigerant-wholesale.com\/es\/wp-json\/wp\/v2\/media?parent=2107"}],"wp:term":[{"taxonomy":"product_brand","embeddable":true,"href":"https:\/\/refrigerant-wholesale.com\/es\/wp-json\/wp\/v2\/product_brand?post=2107"},{"taxonomy":"product_cat","embeddable":true,"href":"https:\/\/refrigerant-wholesale.com\/es\/wp-json\/wp\/v2\/product_cat?post=2107"},{"taxonomy":"product_tag","embeddable":true,"href":"https:\/\/refrigerant-wholesale.com\/es\/wp-json\/wp\/v2\/product_tag?post=2107"}],"curies":[{"name":"wp","href":"https:\/\/api.w.org\/{rel}","templated":true}]}}