{"id":2105,"date":"2024-07-13T23:51:21","date_gmt":"2024-07-13T23:51:21","guid":{"rendered":"https:\/\/refrigerant-wholesale.com\/product\/pale-completo-r-407c-40-cilindros\/"},"modified":"2025-03-01T23:27:19","modified_gmt":"2025-03-01T23:27:19","slug":"pale-completo-r-407c-40-cilindros","status":"publish","type":"product","link":"https:\/\/refrigerant-wholesale.com\/es\/product\/pale-completo-r-407c-40-cilindros\/","title":{"rendered":"Pal\u00e9 completo R-407C (40 cilindros)"},"content":{"rendered":"<h3><strong>Mayorista de Refrigerante R-407C: Tu mejor fuente de calidad, precio y disponibilidad<\/strong><\/h3>\n<p>\u00bfBuscas un proveedor fiable de <strong>refrigerante R-407C<\/strong> a precio de mayorista? \u00a1No busques m\u00e1s! Nuestro refrigerante ecol\u00f3gico de alta calidad es ideal para sistemas de aire acondicionado, refrigeraci\u00f3n y <a href=\"https:\/\/refrigerant-wholesale.com\/es\/\">calefacci\u00f3n, ventilaci\u00f3n y aire acondicionado<\/a>. Como distribuidor mayorista de confianza, ofrecemos <strong>refrigerante R-407C a granel<\/strong> con precios competitivos, garantizando que obtienes el mejor valor por tu inversi\u00f3n.<\/p>\n<h3>\u00bfPor qu\u00e9 elegir el refrigerante R-407C?<\/h3>\n<p>El R-407C es un refrigerante ampliamente utilizado que no agota la capa de ozono, lo que lo convierte en una alternativa excelente al R-22, que se est\u00e1 eliminando gradualmente. Es una mezcla de hidrofluorocarburos (HFC) formulada espec\u00edficamente para proporcionar una refrigeraci\u00f3n eficiente en aires acondicionados y sistemas de refrigeraci\u00f3n comercial. Cuando compras <strong>refrigerante R407C al por mayor<\/strong>, no s\u00f3lo obtienes el m\u00e1ximo rendimiento, sino que tambi\u00e9n est\u00e1s cumpliendo la normativa medioambiental. Adem\u00e1s, este refrigerante ofrece una mayor eficiencia energ\u00e9tica y es compatible con los sistemas R-22 existentes tras un proceso de adaptaci\u00f3n.<\/p>\n<h3>Ventajas de comprar refrigerante R407C al por mayor<\/h3>\n<p>Comprar <strong>refrigerante R-407C a granel<\/strong> ofrece varias ventajas:<\/p>\n<ul>\n<li><strong>Ahorro de costes<\/strong>: <a href=\"https:\/\/www.google.com\/search?q=R-407C+Refrigerant+Wholesale&amp;sca_esv=ae835b5694662882&amp;biw=1463&amp;bih=662&amp;sxsrf=ADLYWIJQafxM6p61Qn0K5SyJmOrd6LB6cA%3A1728733984906&amp;ei=IGMKZ5P7NoC8xc8PhIrYiA0&amp;ved=0ahUKEwiTi9P444iJAxUAXvEDHQQFFtE4HhDh1QMIDw&amp;uact=5&amp;oq=R-407C+Refrigerant+Wholesale&amp;gs_lp=Egxnd3Mtd2l6LXNlcnAiHFItNDA3QyBSZWZyaWdlcmFudCBXaG9sZXNhbGUyChAAGAgYDRgeGA8yCxAAGIAEGIYDGIoFMgsQABiABBiGAxiKBTILEAAYgAQYhgMYigUyCxAAGIAEGIYDGIoFMggQABiABBiiBDIIEAAYgAQYogQyCBAAGIAEGKIEMggQABiABBiiBDIIEAAYgAQYogRI1AdQAFgAcAB4AJABAJgBtgGgAbYBqgEDMC4xuAEDyAEA-AEC-AEBmAIBoAK_AZgDAJIHAzAuMaAHuQg&amp;sclient=gws-wiz-serp\">Los precios al por mayor del refrigerante R-407C<\/a> te permiten ahorrar dinero, sobre todo si necesitas refrigerante regularmente para grandes proyectos.<\/li>\n<li><strong>Alta disponibilidad<\/strong>: Cuando compras a un proveedor de confianza, te aseguras de que tus necesidades de refrigerante est\u00e9n siempre cubiertas. Evitas retrasos que pueden afectar a los plazos del proyecto.<\/li>\n<li><strong>Sostenibilidad<\/strong>: El R-407C es un refrigerante sostenible y respetuoso con el medio ambiente. Esto ayuda a tu empresa a alinearse con las pr\u00e1cticas ecol\u00f3gicas, lo que puede ser un importante argumento de venta en el mercado actual.<\/li>\n<li><strong>Rendimiento<\/strong>: El R-407C ofrece un rendimiento fiable en diversos sistemas, garantizando que las necesidades de refrigeraci\u00f3n y enfriamiento se satisfagan de forma eficiente.<\/li>\n<\/ul>\n<h2>\u00bfPor qu\u00e9 comprarnos a nosotros?<\/h2>\n<p>Entendemos que comprar refrigerantes al por mayor es una inversi\u00f3n importante. Por eso ofrecemos no s\u00f3lo el producto, sino una soluci\u00f3n completa para tus necesidades de climatizaci\u00f3n y refrigeraci\u00f3n. He aqu\u00ed algunas razones por las que los clientes conf\u00edan en nosotros como su <strong>proveedor de refrigerante R-407C<\/strong>:<\/p>\n<ul>\n<li><strong>Precios competitivos al por mayor<\/strong>: Ofrecemos precios muy competitivos en las compras al por mayor, para que maximices tu presupuesto.<\/li>\n<li><strong>Env\u00edo r\u00e1pido<\/strong>: Ofrecemos opciones de env\u00edo r\u00e1pidas y fiables para que tu refrigerante te llegue r\u00e1pidamente, minimizando el tiempo de inactividad.<\/li>\n<li><strong>Normas de alta calidad<\/strong>: Nuestro <strong>refrigerante R-407C<\/strong> cumple todas las normas internacionales de calidad y seguridad, lo que garantiza su buen rendimiento en diversas aplicaciones.<\/li>\n<li><strong>Atenci\u00f3n al cliente experta<\/strong>: Nuestro equipo de expertos en climatizaci\u00f3n y refrigeraci\u00f3n est\u00e1 preparado para ayudarte con la selecci\u00f3n de productos, el uso y la resoluci\u00f3n de problemas.<\/li>\n<\/ul>\n<h2>\u00a1Pide hoy tu refrigerante R-407C!<\/h2>\n<p>Cuando necesites pedir <strong>refrigerante R-407C al por mayor<\/strong>, estamos aqu\u00ed para ayudarte. Tanto si est\u00e1s gestionando grandes proyectos comerciales de climatizaci\u00f3n, actualizando sistemas antiguos o almacenando para futuras necesidades, nuestro suministro de refrigerante R-407C de alta calidad es perfecto para tu negocio. Con nuestros precios competitivos y nuestro excelente servicio de atenci\u00f3n al cliente, ver\u00e1s que somos tu proveedor de confianza.<\/p>\n<p>No esperes: ponte en contacto con nosotros hoy mismo para conseguir tu <strong>refrigerante R407C a precio de mayorista<\/strong>. \u00a1Mant\u00e9n tus sistemas funcionando sin problemas y eficientemente con nuestros productos de m\u00e1xima calidad!<\/p>\n","protected":false},"excerpt":{"rendered":"<p><img loading=\"lazy\" decoding=\"async\" class=\"alignnone wp-image-437 aligncenter\" src=\"http:\/\/refrigerant-wholesale.com\/wp-content\/uploads\/2024\/03\/Screenshot-69.png\" alt=\"\" width=\"207\" height=\"50\" \/><\/p>\n<h4 style=\"text-align: center;\"><img loading=\"lazy\" decoding=\"async\" class=\"alignnone wp-image-744\" src=\"http:\/\/refrigerant-wholesale.com\/wp-content\/uploads\/2024\/07\/removal.ai_8ca2a79e-d09f-4bd1-a4fe-c4c69f1a4386_Trade-Assurance-381x400.png\" alt=\"Refrigerantes WS\" width=\"24\" height=\"25\" srcset=\"https:\/\/refrigerant-wholesale.com\/wp-content\/uploads\/2024\/07\/removal.ai_8ca2a79e-d09f-4bd1-a4fe-c4c69f1a4386_Trade-Assurance-381x400.png 381w, https:\/\/refrigerant-wholesale.com\/wp-content\/uploads\/2024\/07\/removal.ai_8ca2a79e-d09f-4bd1-a4fe-c4c69f1a4386_Trade-Assurance-100x100.png 100w, https:\/\/refrigerant-wholesale.com\/wp-content\/uploads\/2024\/07\/removal.ai_8ca2a79e-d09f-4bd1-a4fe-c4c69f1a4386_Trade-Assurance-280x280.png 280w, https:\/\/refrigerant-wholesale.com\/wp-content\/uploads\/2024\/07\/removal.ai_8ca2a79e-d09f-4bd1-a4fe-c4c69f1a4386_Trade-Assurance.png 388w\" sizes=\"auto, (max-width: 24px) 100vw, 24px\" \/>GARANT\u00cdA COMERCIAL<\/h4>\n<div class=\"gmail-textwidget gmail-custom-html-widget\">\n<h6 style=\"text-align: center;\">Env\u00edo : Entrega en todo el mundo<\/h6>\n<h6 style=\"text-align: center;\">(Se aceptan solicitudes personalizadas)<\/h6>\n<p style=\"text-align: center;\">100% VIRGEN Sellado de f\u00e1brica GARANTIZADO<\/p>\n<p style=\"text-align: center;\"><a href=\"http:\/\/refrigerant-wholesale.com\/wp-content\/uploads\/2024\/07\/SDS-R134a.pdf\" target=\"_self\" class=\"button primary is-green is-small\"  >\n    <span>Descargar la ficha de seguridad<\/span>\n  <\/a>\n\n<\/div>\n","protected":false},"featured_media":1567,"comment_status":"open","ping_status":"closed","template":"","meta":[],"product_brand":[],"product_cat":[336,270],"product_tag":[],"class_list":{"0":"post-2105","1":"product","2":"type-product","3":"status-publish","4":"has-post-thumbnail","6":"product_cat-r407c-es","7":"product_cat-sin-categoria","9":"first","10":"instock","11":"shipping-taxable","12":"product-type-simple"},"yoast_head":"<!-- This site is optimized with the Yoast SEO Premium plugin v27.0 (Yoast SEO v27.3) - https:\/\/yoast.com\/product\/yoast-seo-premium-wordpress\/ -->\n<title>Refrigerante R-407C Precio al por mayor | Refrigerante R-407C<\/title>\n<meta name=\"description\" content=\"Comprar Refrigerante R-407C Precio al por mayor. Refrigerante R-407C a granel. Productos 100% aut\u00e9nticos. R407C al por mayor Entrega r\u00e1pida en todo el mundo\" \/>\n<meta name=\"robots\" content=\"index, follow, max-snippet:-1, max-image-preview:large, max-video-preview:-1\" \/>\n<link rel=\"canonical\" href=\"https:\/\/refrigerant-wholesale.com\/es\/product\/pale-completo-r-407c-40-cilindros\/\" \/>\n<meta property=\"og:locale\" content=\"es_ES\" \/>\n<meta property=\"og:type\" content=\"article\" \/>\n<meta property=\"og:title\" content=\"Pal\u00e9 completo R-407C (40 cilindros)\" \/>\n<meta property=\"og:description\" content=\"Comprar Refrigerante R-407C Precio al por mayor. Refrigerante R-407C a granel. Productos 100% aut\u00e9nticos. R407C al por mayor Entrega r\u00e1pida en todo el mundo\" \/>\n<meta property=\"og:url\" content=\"https:\/\/refrigerant-wholesale.com\/es\/product\/pale-completo-r-407c-40-cilindros\/\" \/>\n<meta property=\"og:site_name\" content=\"Refrigerant Gas Wholesale\" \/>\n<meta property=\"article:publisher\" content=\"https:\/\/www.facebook.com\/refrigerantwholesale\" \/>\n<meta property=\"article:modified_time\" content=\"2025-03-01T23:27:19+00:00\" \/>\n<meta property=\"og:image\" content=\"http:\/\/refrigerant-wholesale.com\/wp-content\/uploads\/2024\/07\/407C-40.jpg\" \/>\n\t<meta property=\"og:image:width\" content=\"1000\" \/>\n\t<meta property=\"og:image:height\" content=\"1000\" \/>\n\t<meta property=\"og:image:type\" content=\"image\/jpeg\" \/>\n<meta name=\"twitter:card\" content=\"summary_large_image\" \/>\n<meta name=\"twitter:label1\" content=\"Tiempo de lectura\" \/>\n\t<meta name=\"twitter:data1\" content=\"3 minutos\" \/>\n<script type=\"application\/ld+json\" class=\"yoast-schema-graph\">{\"@context\":\"https:\\\/\\\/schema.org\",\"@graph\":[{\"@type\":\"WebPage\",\"@id\":\"https:\\\/\\\/refrigerant-wholesale.com\\\/es\\\/product\\\/pale-completo-r-407c-40-cilindros\\\/\",\"url\":\"https:\\\/\\\/refrigerant-wholesale.com\\\/es\\\/product\\\/pale-completo-r-407c-40-cilindros\\\/\",\"name\":\"Refrigerante R-407C Precio al por mayor | Refrigerante R-407C\",\"isPartOf\":{\"@id\":\"https:\\\/\\\/refrigerant-wholesale.com\\\/es\\\/#website\"},\"primaryImageOfPage\":{\"@id\":\"https:\\\/\\\/refrigerant-wholesale.com\\\/es\\\/product\\\/pale-completo-r-407c-40-cilindros\\\/#primaryimage\"},\"image\":{\"@id\":\"https:\\\/\\\/refrigerant-wholesale.com\\\/es\\\/product\\\/pale-completo-r-407c-40-cilindros\\\/#primaryimage\"},\"thumbnailUrl\":\"https:\\\/\\\/refrigerant-wholesale.com\\\/wp-content\\\/uploads\\\/2024\\\/07\\\/407C-40.jpg\",\"datePublished\":\"2024-07-13T23:51:21+00:00\",\"dateModified\":\"2025-03-01T23:27:19+00:00\",\"description\":\"Comprar Refrigerante R-407C Precio al por mayor. Refrigerante R-407C a granel. Productos 100% aut\u00e9nticos. R407C al por mayor Entrega r\u00e1pida en todo el mundo\",\"breadcrumb\":{\"@id\":\"https:\\\/\\\/refrigerant-wholesale.com\\\/es\\\/product\\\/pale-completo-r-407c-40-cilindros\\\/#breadcrumb\"},\"inLanguage\":\"es\",\"potentialAction\":[{\"@type\":\"ReadAction\",\"target\":[\"https:\\\/\\\/refrigerant-wholesale.com\\\/es\\\/product\\\/pale-completo-r-407c-40-cilindros\\\/\"]}]},{\"@type\":\"ImageObject\",\"inLanguage\":\"es\",\"@id\":\"https:\\\/\\\/refrigerant-wholesale.com\\\/es\\\/product\\\/pale-completo-r-407c-40-cilindros\\\/#primaryimage\",\"url\":\"https:\\\/\\\/refrigerant-wholesale.com\\\/wp-content\\\/uploads\\\/2024\\\/07\\\/407C-40.jpg\",\"contentUrl\":\"https:\\\/\\\/refrigerant-wholesale.com\\\/wp-content\\\/uploads\\\/2024\\\/07\\\/407C-40.jpg\",\"width\":1000,\"height\":1000,\"caption\":\"Proveedor de refrigerante R407c, Refrigerante R407c, R407c, Refrigerante R407c, fre\u00f3n R 407c\"},{\"@type\":\"BreadcrumbList\",\"@id\":\"https:\\\/\\\/refrigerant-wholesale.com\\\/es\\\/product\\\/pale-completo-r-407c-40-cilindros\\\/#breadcrumb\",\"itemListElement\":[{\"@type\":\"ListItem\",\"position\":1,\"name\":\"Home\",\"item\":\"https:\\\/\\\/refrigerant-wholesale.com\\\/es\\\/\"},{\"@type\":\"ListItem\",\"position\":2,\"name\":\"Tienda\",\"item\":\"https:\\\/\\\/refrigerant-wholesale.com\\\/es\\\/tienda\\\/\"},{\"@type\":\"ListItem\",\"position\":3,\"name\":\"Pal\u00e9 completo R-407C (40 cilindros)\"}]},{\"@type\":\"WebSite\",\"@id\":\"https:\\\/\\\/refrigerant-wholesale.com\\\/es\\\/#website\",\"url\":\"https:\\\/\\\/refrigerant-wholesale.com\\\/es\\\/\",\"name\":\"Refrigerant Gas Wholesale\",\"description\":\"AC Gas supplier\",\"publisher\":{\"@id\":\"https:\\\/\\\/refrigerant-wholesale.com\\\/es\\\/#organization\"},\"potentialAction\":[{\"@type\":\"SearchAction\",\"target\":{\"@type\":\"EntryPoint\",\"urlTemplate\":\"https:\\\/\\\/refrigerant-wholesale.com\\\/es\\\/?s={search_term_string}\"},\"query-input\":{\"@type\":\"PropertyValueSpecification\",\"valueRequired\":true,\"valueName\":\"search_term_string\"}}],\"inLanguage\":\"es\"},{\"@type\":\"Organization\",\"@id\":\"https:\\\/\\\/refrigerant-wholesale.com\\\/es\\\/#organization\",\"name\":\"Refrigerant Gas Wholesale\",\"url\":\"https:\\\/\\\/refrigerant-wholesale.com\\\/es\\\/\",\"logo\":{\"@type\":\"ImageObject\",\"inLanguage\":\"es\",\"@id\":\"https:\\\/\\\/refrigerant-wholesale.com\\\/es\\\/#\\\/schema\\\/logo\\\/image\\\/\",\"url\":\"http:\\\/\\\/refrigerant-wholesale.com\\\/wp-content\\\/uploads\\\/2024\\\/04\\\/refrigerant-logo.png\",\"contentUrl\":\"http:\\\/\\\/refrigerant-wholesale.com\\\/wp-content\\\/uploads\\\/2024\\\/04\\\/refrigerant-logo.png\",\"width\":400,\"height\":84,\"caption\":\"Refrigerant Gas Wholesale\"},\"image\":{\"@id\":\"https:\\\/\\\/refrigerant-wholesale.com\\\/es\\\/#\\\/schema\\\/logo\\\/image\\\/\"},\"sameAs\":[\"https:\\\/\\\/www.facebook.com\\\/refrigerantwholesale\"]}]}<\/script>\n<!-- \/ Yoast SEO Premium plugin. -->","yoast_head_json":{"title":"Refrigerante R-407C Precio al por mayor | Refrigerante R-407C","description":"Comprar Refrigerante R-407C Precio al por mayor. Refrigerante R-407C a granel. Productos 100% aut\u00e9nticos. R407C al por mayor Entrega r\u00e1pida en todo el mundo","robots":{"index":"index","follow":"follow","max-snippet":"max-snippet:-1","max-image-preview":"max-image-preview:large","max-video-preview":"max-video-preview:-1"},"canonical":"https:\/\/refrigerant-wholesale.com\/es\/product\/pale-completo-r-407c-40-cilindros\/","og_locale":"es_ES","og_type":"article","og_title":"Pal\u00e9 completo R-407C (40 cilindros)","og_description":"Comprar Refrigerante R-407C Precio al por mayor. Refrigerante R-407C a granel. Productos 100% aut\u00e9nticos. R407C al por mayor Entrega r\u00e1pida en todo el mundo","og_url":"https:\/\/refrigerant-wholesale.com\/es\/product\/pale-completo-r-407c-40-cilindros\/","og_site_name":"Refrigerant Gas Wholesale","article_publisher":"https:\/\/www.facebook.com\/refrigerantwholesale","article_modified_time":"2025-03-01T23:27:19+00:00","og_image":[{"width":1000,"height":1000,"url":"http:\/\/refrigerant-wholesale.com\/wp-content\/uploads\/2024\/07\/407C-40.jpg","type":"image\/jpeg"}],"twitter_card":"summary_large_image","twitter_misc":{"Tiempo de lectura":"3 minutos"},"schema":{"@context":"https:\/\/schema.org","@graph":[{"@type":"WebPage","@id":"https:\/\/refrigerant-wholesale.com\/es\/product\/pale-completo-r-407c-40-cilindros\/","url":"https:\/\/refrigerant-wholesale.com\/es\/product\/pale-completo-r-407c-40-cilindros\/","name":"Refrigerante R-407C Precio al por mayor | Refrigerante R-407C","isPartOf":{"@id":"https:\/\/refrigerant-wholesale.com\/es\/#website"},"primaryImageOfPage":{"@id":"https:\/\/refrigerant-wholesale.com\/es\/product\/pale-completo-r-407c-40-cilindros\/#primaryimage"},"image":{"@id":"https:\/\/refrigerant-wholesale.com\/es\/product\/pale-completo-r-407c-40-cilindros\/#primaryimage"},"thumbnailUrl":"https:\/\/refrigerant-wholesale.com\/wp-content\/uploads\/2024\/07\/407C-40.jpg","datePublished":"2024-07-13T23:51:21+00:00","dateModified":"2025-03-01T23:27:19+00:00","description":"Comprar Refrigerante R-407C Precio al por mayor. Refrigerante R-407C a granel. Productos 100% aut\u00e9nticos. R407C al por mayor Entrega r\u00e1pida en todo el mundo","breadcrumb":{"@id":"https:\/\/refrigerant-wholesale.com\/es\/product\/pale-completo-r-407c-40-cilindros\/#breadcrumb"},"inLanguage":"es","potentialAction":[{"@type":"ReadAction","target":["https:\/\/refrigerant-wholesale.com\/es\/product\/pale-completo-r-407c-40-cilindros\/"]}]},{"@type":"ImageObject","inLanguage":"es","@id":"https:\/\/refrigerant-wholesale.com\/es\/product\/pale-completo-r-407c-40-cilindros\/#primaryimage","url":"https:\/\/refrigerant-wholesale.com\/wp-content\/uploads\/2024\/07\/407C-40.jpg","contentUrl":"https:\/\/refrigerant-wholesale.com\/wp-content\/uploads\/2024\/07\/407C-40.jpg","width":1000,"height":1000,"caption":"Proveedor de refrigerante R407c, Refrigerante R407c, R407c, Refrigerante R407c, fre\u00f3n R 407c"},{"@type":"BreadcrumbList","@id":"https:\/\/refrigerant-wholesale.com\/es\/product\/pale-completo-r-407c-40-cilindros\/#breadcrumb","itemListElement":[{"@type":"ListItem","position":1,"name":"Home","item":"https:\/\/refrigerant-wholesale.com\/es\/"},{"@type":"ListItem","position":2,"name":"Tienda","item":"https:\/\/refrigerant-wholesale.com\/es\/tienda\/"},{"@type":"ListItem","position":3,"name":"Pal\u00e9 completo R-407C (40 cilindros)"}]},{"@type":"WebSite","@id":"https:\/\/refrigerant-wholesale.com\/es\/#website","url":"https:\/\/refrigerant-wholesale.com\/es\/","name":"Refrigerant Gas Wholesale","description":"AC Gas supplier","publisher":{"@id":"https:\/\/refrigerant-wholesale.com\/es\/#organization"},"potentialAction":[{"@type":"SearchAction","target":{"@type":"EntryPoint","urlTemplate":"https:\/\/refrigerant-wholesale.com\/es\/?s={search_term_string}"},"query-input":{"@type":"PropertyValueSpecification","valueRequired":true,"valueName":"search_term_string"}}],"inLanguage":"es"},{"@type":"Organization","@id":"https:\/\/refrigerant-wholesale.com\/es\/#organization","name":"Refrigerant Gas Wholesale","url":"https:\/\/refrigerant-wholesale.com\/es\/","logo":{"@type":"ImageObject","inLanguage":"es","@id":"https:\/\/refrigerant-wholesale.com\/es\/#\/schema\/logo\/image\/","url":"http:\/\/refrigerant-wholesale.com\/wp-content\/uploads\/2024\/04\/refrigerant-logo.png","contentUrl":"http:\/\/refrigerant-wholesale.com\/wp-content\/uploads\/2024\/04\/refrigerant-logo.png","width":400,"height":84,"caption":"Refrigerant Gas Wholesale"},"image":{"@id":"https:\/\/refrigerant-wholesale.com\/es\/#\/schema\/logo\/image\/"},"sameAs":["https:\/\/www.facebook.com\/refrigerantwholesale"]}]}},"_links":{"self":[{"href":"https:\/\/refrigerant-wholesale.com\/es\/wp-json\/wp\/v2\/product\/2105","targetHints":{"allow":["GET"]}}],"collection":[{"href":"https:\/\/refrigerant-wholesale.com\/es\/wp-json\/wp\/v2\/product"}],"about":[{"href":"https:\/\/refrigerant-wholesale.com\/es\/wp-json\/wp\/v2\/types\/product"}],"replies":[{"embeddable":true,"href":"https:\/\/refrigerant-wholesale.com\/es\/wp-json\/wp\/v2\/comments?post=2105"}],"wp:featuredmedia":[{"embeddable":true,"href":"https:\/\/refrigerant-wholesale.com\/es\/wp-json\/wp\/v2\/media\/1567"}],"wp:attachment":[{"href":"https:\/\/refrigerant-wholesale.com\/es\/wp-json\/wp\/v2\/media?parent=2105"}],"wp:term":[{"taxonomy":"product_brand","embeddable":true,"href":"https:\/\/refrigerant-wholesale.com\/es\/wp-json\/wp\/v2\/product_brand?post=2105"},{"taxonomy":"product_cat","embeddable":true,"href":"https:\/\/refrigerant-wholesale.com\/es\/wp-json\/wp\/v2\/product_cat?post=2105"},{"taxonomy":"product_tag","embeddable":true,"href":"https:\/\/refrigerant-wholesale.com\/es\/wp-json\/wp\/v2\/product_tag?post=2105"}],"curies":[{"name":"wp","href":"https:\/\/api.w.org\/{rel}","templated":true}]}}