{"id":2101,"date":"2024-10-01T18:46:38","date_gmt":"2024-10-01T18:46:38","guid":{"rendered":"https:\/\/refrigerant-wholesale.com\/product\/refrigerante-r507\/"},"modified":"2025-03-01T20:35:21","modified_gmt":"2025-03-01T20:35:21","slug":"refrigerante-r507","status":"publish","type":"product","link":"https:\/\/refrigerant-wholesale.com\/es\/product\/refrigerante-r507\/","title":{"rendered":"Refrigerante R507"},"content":{"rendered":"<p><strong>Suministro al por mayor de refrigerante R507 &#8211; Distribuci\u00f3n mundial<\/strong><\/p>\n<p>\u00bfBuscas una soluci\u00f3n fiable y eficiente para tus necesidades de refrigeraci\u00f3n? <strong>El<\/strong> refrigerante R507 es la elecci\u00f3n ideal para aplicaciones comerciales e industriales, ya que ofrece refrigeraci\u00f3n de alto rendimiento para una amplia gama de usos. Como <strong>proveedor mayorista<\/strong> l\u00edder <strong>de refrigerante<\/strong> R507, garantizamos productos de m\u00e1xima calidad con distribuci\u00f3n mundial para satisfacer tus demandas. Con nuestra amplia red mundial, garantizamos una entrega r\u00e1pida, precios competitivos y un servicio al cliente excepcional.  <\/p>\n<h3>\u00bfPor qu\u00e9 elegir el refrigerante R507 para tu empresa?<\/h3>\n<p><strong>El refrigerante R507<\/strong> es una mezcla que no agota la capa de ozono, por lo que es una opci\u00f3n ecol\u00f3gica que cumple la normativa medioambiental. Su <strong>bajo potencial de calentamiento global (PCG<\/strong> ) y su <strong>nulo potencial de agotamiento de la capa de ozono (PAO<\/strong> ) lo convierten en un refrigerante popular para supermercados, c\u00e1maras frigor\u00edficas y sistemas de calefacci\u00f3n, ventilaci\u00f3n y aire acondicionado. Este refrigerante est\u00e1 dise\u00f1ado como sustituto a largo plazo del R502 y ofrece un rendimiento de refrigeraci\u00f3n estable y fiable en diversos rangos de temperatura. Tanto si te dedicas a la industria alimentaria como al transporte o a la farmac\u00e9utica, <strong>el refrigerante R507<\/strong> garantiza una eficacia frigor\u00edfica superior.   <\/p>\n<h3>Opciones de compra a granel &#8211; Precios asequibles<\/h3>\n<p>En  [Your Company Name]Estamos especializados en suministrar <strong>refrigerante R507 al por mayor<\/strong> a precios muy competitivos. Nuestro <strong>suministro de refrigerante R507 al por mayor<\/strong> permite a las empresas ahorrar significativamente comprando en grandes cantidades. Entendemos que cada empresa tiene necesidades diferentes, por lo que ofrecemos opciones de compra flexibles para garantizar que obtienes la cantidad adecuada de refrigerante para tu aplicaci\u00f3n. Nuestro <strong>suministro de refrigerante R507 al por<\/strong> mayor est\u00e1 disponible en varios tama\u00f1os de envase, lo que garantiza que dispongas de la cantidad \u00f3ptima para tus operaciones.   <\/p>\n<h3>Entrega en todo el mundo y asistencia experta<\/h3>\n<p>Como l\u00edder mundial en la <strong>venta al por mayor de refrigerantes<\/strong>, ofrecemos <strong>distribuci\u00f3n mundial<\/strong> para satisfacer las demandas de clientes de distintos continentes. Tanto si te encuentras en Norteam\u00e9rica, Europa, Asia o cualquier otra regi\u00f3n, podemos suministrar <strong>refrigerante R507<\/strong> a tu ubicaci\u00f3n de forma r\u00e1pida y eficaz. Nuestro equipo de expertos en refrigerantes est\u00e1 a tu disposici\u00f3n para ofrecerte asistencia t\u00e9cnica y orientaci\u00f3n, garantizando que selecciones el refrigerante adecuado para tus sistemas de refrigeraci\u00f3n.  <\/p>\n<p>Ponte en contacto con nosotros hoy mismo para solicitar un <strong>presupuesto al por mayor de refrigerante R507<\/strong> y experimenta la diferencia que la calidad y la fiabilidad pueden marcar en tus sistemas de refrigeraci\u00f3n.<\/p>\n","protected":false},"excerpt":{"rendered":"<p><img loading=\"lazy\" decoding=\"async\" class=\"alignnone wp-image-437 aligncenter\" src=\"http:\/\/refrigerant-wholesale.com\/wp-content\/uploads\/2024\/03\/Screenshot-69.png\" alt=\"\" width=\"207\" height=\"50\"><\/p>\n<h4 style=\"text-align: center;\"><img loading=\"lazy\" decoding=\"async\" class=\"alignnone wp-image-744\" src=\"http:\/\/refrigerant-wholesale.com\/wp-content\/uploads\/2024\/07\/removal.ai_8ca2a79e-d09f-4bd1-a4fe-c4c69f1a4386_Trade-Assurance-381x400.png\" alt=\"Refrigerantes WS\" width=\"26\" height=\"27\" srcset=\"https:\/\/refrigerant-wholesale.com\/wp-content\/uploads\/2024\/07\/removal.ai_8ca2a79e-d09f-4bd1-a4fe-c4c69f1a4386_Trade-Assurance-381x400.png 381w, https:\/\/refrigerant-wholesale.com\/wp-content\/uploads\/2024\/07\/removal.ai_8ca2a79e-d09f-4bd1-a4fe-c4c69f1a4386_Trade-Assurance-100x100.png 100w, https:\/\/refrigerant-wholesale.com\/wp-content\/uploads\/2024\/07\/removal.ai_8ca2a79e-d09f-4bd1-a4fe-c4c69f1a4386_Trade-Assurance-280x280.png 280w, https:\/\/refrigerant-wholesale.com\/wp-content\/uploads\/2024\/07\/removal.ai_8ca2a79e-d09f-4bd1-a4fe-c4c69f1a4386_Trade-Assurance.png 388w\" sizes=\"auto, (max-width: 26px) 100vw, 26px\" \/>GARANT\u00cdA COMERCIAL<\/h4>\n<div class=\"gmail-textwidget gmail-custom-html-widget\">\n<h6 style=\"text-align: center;\">Env\u00edo : Entrega en todo el mundo<\/h6>\n<h6 style=\"text-align: center;\">(Se aceptan solicitudes personalizadas)<\/h6>\n<p style=\"text-align: center;\">100% VIRGEN Sellado de f\u00e1brica GARANTIZADO<\/p>\n<\/div>\n","protected":false},"featured_media":1612,"comment_status":"open","ping_status":"closed","template":"","meta":[],"product_brand":[],"product_cat":[340,270],"product_tag":[],"class_list":{"0":"post-2101","1":"product","2":"type-product","3":"status-publish","4":"has-post-thumbnail","6":"product_cat-r507c-es","7":"product_cat-sin-categoria","9":"first","10":"instock","11":"shipping-taxable","12":"product-type-simple"},"yoast_head":"<!-- This site is optimized with the Yoast SEO Premium plugin v27.0 (Yoast SEO v27.3) - https:\/\/yoast.com\/product\/yoast-seo-premium-wordpress\/ -->\n<title>Refrigerante R507 - Refrigerant Gas Wholesale<\/title>\n<meta name=\"robots\" content=\"index, follow, max-snippet:-1, max-image-preview:large, max-video-preview:-1\" \/>\n<link rel=\"canonical\" href=\"https:\/\/refrigerant-wholesale.com\/es\/product\/refrigerante-r507\/\" \/>\n<meta property=\"og:locale\" content=\"es_ES\" \/>\n<meta property=\"og:type\" content=\"article\" \/>\n<meta property=\"og:title\" content=\"Refrigerante R507\" \/>\n<meta property=\"og:description\" content=\"GARANT\u00cdA COMERCIAL Env\u00edo : Entrega en todo el mundo (Se aceptan solicitudes personalizadas) 100% VIRGEN Sellado de f\u00e1brica GARANTIZADO\" \/>\n<meta property=\"og:url\" content=\"https:\/\/refrigerant-wholesale.com\/es\/product\/refrigerante-r507\/\" \/>\n<meta property=\"og:site_name\" content=\"Refrigerant Gas Wholesale\" \/>\n<meta property=\"article:publisher\" content=\"https:\/\/www.facebook.com\/refrigerantwholesale\" \/>\n<meta property=\"article:modified_time\" content=\"2025-03-01T20:35:21+00:00\" \/>\n<meta property=\"og:image\" content=\"http:\/\/refrigerant-wholesale.com\/wp-content\/uploads\/2024\/10\/R507-Refrigerant.webp\" \/>\n\t<meta property=\"og:image:width\" content=\"823\" \/>\n\t<meta property=\"og:image:height\" content=\"823\" \/>\n\t<meta property=\"og:image:type\" content=\"image\/webp\" \/>\n<meta name=\"twitter:card\" content=\"summary_large_image\" \/>\n<meta name=\"twitter:label1\" content=\"Tiempo de lectura\" \/>\n\t<meta name=\"twitter:data1\" content=\"2 minutos\" \/>\n<script type=\"application\/ld+json\" class=\"yoast-schema-graph\">{\"@context\":\"https:\\\/\\\/schema.org\",\"@graph\":[{\"@type\":\"WebPage\",\"@id\":\"https:\\\/\\\/refrigerant-wholesale.com\\\/es\\\/product\\\/refrigerante-r507\\\/\",\"url\":\"https:\\\/\\\/refrigerant-wholesale.com\\\/es\\\/product\\\/refrigerante-r507\\\/\",\"name\":\"Refrigerante R507 - Refrigerant Gas Wholesale\",\"isPartOf\":{\"@id\":\"https:\\\/\\\/refrigerant-wholesale.com\\\/es\\\/#website\"},\"primaryImageOfPage\":{\"@id\":\"https:\\\/\\\/refrigerant-wholesale.com\\\/es\\\/product\\\/refrigerante-r507\\\/#primaryimage\"},\"image\":{\"@id\":\"https:\\\/\\\/refrigerant-wholesale.com\\\/es\\\/product\\\/refrigerante-r507\\\/#primaryimage\"},\"thumbnailUrl\":\"https:\\\/\\\/refrigerant-wholesale.com\\\/wp-content\\\/uploads\\\/2024\\\/10\\\/R507-Refrigerant.webp\",\"datePublished\":\"2024-10-01T18:46:38+00:00\",\"dateModified\":\"2025-03-01T20:35:21+00:00\",\"breadcrumb\":{\"@id\":\"https:\\\/\\\/refrigerant-wholesale.com\\\/es\\\/product\\\/refrigerante-r507\\\/#breadcrumb\"},\"inLanguage\":\"es\",\"potentialAction\":[{\"@type\":\"ReadAction\",\"target\":[\"https:\\\/\\\/refrigerant-wholesale.com\\\/es\\\/product\\\/refrigerante-r507\\\/\"]}]},{\"@type\":\"ImageObject\",\"inLanguage\":\"es\",\"@id\":\"https:\\\/\\\/refrigerant-wholesale.com\\\/es\\\/product\\\/refrigerante-r507\\\/#primaryimage\",\"url\":\"https:\\\/\\\/refrigerant-wholesale.com\\\/wp-content\\\/uploads\\\/2024\\\/10\\\/R507-Refrigerant.webp\",\"contentUrl\":\"https:\\\/\\\/refrigerant-wholesale.com\\\/wp-content\\\/uploads\\\/2024\\\/10\\\/R507-Refrigerant.webp\",\"width\":823,\"height\":823,\"caption\":\"Refrigerante R507\"},{\"@type\":\"BreadcrumbList\",\"@id\":\"https:\\\/\\\/refrigerant-wholesale.com\\\/es\\\/product\\\/refrigerante-r507\\\/#breadcrumb\",\"itemListElement\":[{\"@type\":\"ListItem\",\"position\":1,\"name\":\"Home\",\"item\":\"https:\\\/\\\/refrigerant-wholesale.com\\\/es\\\/\"},{\"@type\":\"ListItem\",\"position\":2,\"name\":\"Tienda\",\"item\":\"https:\\\/\\\/refrigerant-wholesale.com\\\/es\\\/tienda\\\/\"},{\"@type\":\"ListItem\",\"position\":3,\"name\":\"Refrigerante R507\"}]},{\"@type\":\"WebSite\",\"@id\":\"https:\\\/\\\/refrigerant-wholesale.com\\\/es\\\/#website\",\"url\":\"https:\\\/\\\/refrigerant-wholesale.com\\\/es\\\/\",\"name\":\"Refrigerant Gas Wholesale\",\"description\":\"AC Gas supplier\",\"publisher\":{\"@id\":\"https:\\\/\\\/refrigerant-wholesale.com\\\/es\\\/#organization\"},\"potentialAction\":[{\"@type\":\"SearchAction\",\"target\":{\"@type\":\"EntryPoint\",\"urlTemplate\":\"https:\\\/\\\/refrigerant-wholesale.com\\\/es\\\/?s={search_term_string}\"},\"query-input\":{\"@type\":\"PropertyValueSpecification\",\"valueRequired\":true,\"valueName\":\"search_term_string\"}}],\"inLanguage\":\"es\"},{\"@type\":\"Organization\",\"@id\":\"https:\\\/\\\/refrigerant-wholesale.com\\\/es\\\/#organization\",\"name\":\"Refrigerant Gas Wholesale\",\"url\":\"https:\\\/\\\/refrigerant-wholesale.com\\\/es\\\/\",\"logo\":{\"@type\":\"ImageObject\",\"inLanguage\":\"es\",\"@id\":\"https:\\\/\\\/refrigerant-wholesale.com\\\/es\\\/#\\\/schema\\\/logo\\\/image\\\/\",\"url\":\"http:\\\/\\\/refrigerant-wholesale.com\\\/wp-content\\\/uploads\\\/2024\\\/04\\\/refrigerant-logo.png\",\"contentUrl\":\"http:\\\/\\\/refrigerant-wholesale.com\\\/wp-content\\\/uploads\\\/2024\\\/04\\\/refrigerant-logo.png\",\"width\":400,\"height\":84,\"caption\":\"Refrigerant Gas Wholesale\"},\"image\":{\"@id\":\"https:\\\/\\\/refrigerant-wholesale.com\\\/es\\\/#\\\/schema\\\/logo\\\/image\\\/\"},\"sameAs\":[\"https:\\\/\\\/www.facebook.com\\\/refrigerantwholesale\"]}]}<\/script>\n<!-- \/ Yoast SEO Premium plugin. -->","yoast_head_json":{"title":"Refrigerante R507 - Refrigerant Gas Wholesale","robots":{"index":"index","follow":"follow","max-snippet":"max-snippet:-1","max-image-preview":"max-image-preview:large","max-video-preview":"max-video-preview:-1"},"canonical":"https:\/\/refrigerant-wholesale.com\/es\/product\/refrigerante-r507\/","og_locale":"es_ES","og_type":"article","og_title":"Refrigerante R507","og_description":"GARANT\u00cdA COMERCIAL Env\u00edo : Entrega en todo el mundo (Se aceptan solicitudes personalizadas) 100% VIRGEN Sellado de f\u00e1brica GARANTIZADO","og_url":"https:\/\/refrigerant-wholesale.com\/es\/product\/refrigerante-r507\/","og_site_name":"Refrigerant Gas Wholesale","article_publisher":"https:\/\/www.facebook.com\/refrigerantwholesale","article_modified_time":"2025-03-01T20:35:21+00:00","og_image":[{"width":823,"height":823,"url":"http:\/\/refrigerant-wholesale.com\/wp-content\/uploads\/2024\/10\/R507-Refrigerant.webp","type":"image\/webp"}],"twitter_card":"summary_large_image","twitter_misc":{"Tiempo de lectura":"2 minutos"},"schema":{"@context":"https:\/\/schema.org","@graph":[{"@type":"WebPage","@id":"https:\/\/refrigerant-wholesale.com\/es\/product\/refrigerante-r507\/","url":"https:\/\/refrigerant-wholesale.com\/es\/product\/refrigerante-r507\/","name":"Refrigerante R507 - Refrigerant Gas Wholesale","isPartOf":{"@id":"https:\/\/refrigerant-wholesale.com\/es\/#website"},"primaryImageOfPage":{"@id":"https:\/\/refrigerant-wholesale.com\/es\/product\/refrigerante-r507\/#primaryimage"},"image":{"@id":"https:\/\/refrigerant-wholesale.com\/es\/product\/refrigerante-r507\/#primaryimage"},"thumbnailUrl":"https:\/\/refrigerant-wholesale.com\/wp-content\/uploads\/2024\/10\/R507-Refrigerant.webp","datePublished":"2024-10-01T18:46:38+00:00","dateModified":"2025-03-01T20:35:21+00:00","breadcrumb":{"@id":"https:\/\/refrigerant-wholesale.com\/es\/product\/refrigerante-r507\/#breadcrumb"},"inLanguage":"es","potentialAction":[{"@type":"ReadAction","target":["https:\/\/refrigerant-wholesale.com\/es\/product\/refrigerante-r507\/"]}]},{"@type":"ImageObject","inLanguage":"es","@id":"https:\/\/refrigerant-wholesale.com\/es\/product\/refrigerante-r507\/#primaryimage","url":"https:\/\/refrigerant-wholesale.com\/wp-content\/uploads\/2024\/10\/R507-Refrigerant.webp","contentUrl":"https:\/\/refrigerant-wholesale.com\/wp-content\/uploads\/2024\/10\/R507-Refrigerant.webp","width":823,"height":823,"caption":"Refrigerante R507"},{"@type":"BreadcrumbList","@id":"https:\/\/refrigerant-wholesale.com\/es\/product\/refrigerante-r507\/#breadcrumb","itemListElement":[{"@type":"ListItem","position":1,"name":"Home","item":"https:\/\/refrigerant-wholesale.com\/es\/"},{"@type":"ListItem","position":2,"name":"Tienda","item":"https:\/\/refrigerant-wholesale.com\/es\/tienda\/"},{"@type":"ListItem","position":3,"name":"Refrigerante R507"}]},{"@type":"WebSite","@id":"https:\/\/refrigerant-wholesale.com\/es\/#website","url":"https:\/\/refrigerant-wholesale.com\/es\/","name":"Refrigerant Gas Wholesale","description":"AC Gas supplier","publisher":{"@id":"https:\/\/refrigerant-wholesale.com\/es\/#organization"},"potentialAction":[{"@type":"SearchAction","target":{"@type":"EntryPoint","urlTemplate":"https:\/\/refrigerant-wholesale.com\/es\/?s={search_term_string}"},"query-input":{"@type":"PropertyValueSpecification","valueRequired":true,"valueName":"search_term_string"}}],"inLanguage":"es"},{"@type":"Organization","@id":"https:\/\/refrigerant-wholesale.com\/es\/#organization","name":"Refrigerant Gas Wholesale","url":"https:\/\/refrigerant-wholesale.com\/es\/","logo":{"@type":"ImageObject","inLanguage":"es","@id":"https:\/\/refrigerant-wholesale.com\/es\/#\/schema\/logo\/image\/","url":"http:\/\/refrigerant-wholesale.com\/wp-content\/uploads\/2024\/04\/refrigerant-logo.png","contentUrl":"http:\/\/refrigerant-wholesale.com\/wp-content\/uploads\/2024\/04\/refrigerant-logo.png","width":400,"height":84,"caption":"Refrigerant Gas Wholesale"},"image":{"@id":"https:\/\/refrigerant-wholesale.com\/es\/#\/schema\/logo\/image\/"},"sameAs":["https:\/\/www.facebook.com\/refrigerantwholesale"]}]}},"_links":{"self":[{"href":"https:\/\/refrigerant-wholesale.com\/es\/wp-json\/wp\/v2\/product\/2101","targetHints":{"allow":["GET"]}}],"collection":[{"href":"https:\/\/refrigerant-wholesale.com\/es\/wp-json\/wp\/v2\/product"}],"about":[{"href":"https:\/\/refrigerant-wholesale.com\/es\/wp-json\/wp\/v2\/types\/product"}],"replies":[{"embeddable":true,"href":"https:\/\/refrigerant-wholesale.com\/es\/wp-json\/wp\/v2\/comments?post=2101"}],"wp:featuredmedia":[{"embeddable":true,"href":"https:\/\/refrigerant-wholesale.com\/es\/wp-json\/wp\/v2\/media\/1612"}],"wp:attachment":[{"href":"https:\/\/refrigerant-wholesale.com\/es\/wp-json\/wp\/v2\/media?parent=2101"}],"wp:term":[{"taxonomy":"product_brand","embeddable":true,"href":"https:\/\/refrigerant-wholesale.com\/es\/wp-json\/wp\/v2\/product_brand?post=2101"},{"taxonomy":"product_cat","embeddable":true,"href":"https:\/\/refrigerant-wholesale.com\/es\/wp-json\/wp\/v2\/product_cat?post=2101"},{"taxonomy":"product_tag","embeddable":true,"href":"https:\/\/refrigerant-wholesale.com\/es\/wp-json\/wp\/v2\/product_tag?post=2101"}],"curies":[{"name":"wp","href":"https:\/\/api.w.org\/{rel}","templated":true}]}}