{"id":2086,"date":"2025-02-17T15:10:14","date_gmt":"2025-02-17T15:10:14","guid":{"rendered":"https:\/\/refrigerant-wholesale.com\/product\/refrigerante-r-450a\/"},"modified":"2025-03-01T23:19:56","modified_gmt":"2025-03-01T23:19:56","slug":"refrigerante-r-450a","status":"publish","type":"product","link":"https:\/\/refrigerant-wholesale.com\/es\/product\/refrigerante-r-450a\/","title":{"rendered":"Refrigerante R-450A"},"content":{"rendered":"<p>\u00bfNecesitas refrigerantes ecol\u00f3gicos de alta calidad a precios competitivos? \u00a1No busques m\u00e1s! Somos un <strong>proveedor<\/strong> l\u00edder de <strong>R-450A, que ofrece Refrigerante R-450A<\/strong> de primera calidad <strong>al por mayor<\/strong> a clientes de todo el mundo. Tanto si eres un profesional de la climatizaci\u00f3n, un contratista comercial o un distribuidor a gran escala, te tenemos cubierto. Con env\u00edos r\u00e1pidos, precios inmejorables y un servicio de atenci\u00f3n al cliente de primer nivel, somos tu soluci\u00f3n integral para todas tus necesidades de refrigerante.<\/p>\n<hr \/>\n<h3><strong>\u00bfPor qu\u00e9 elegir el refrigerante R-450A?<\/strong><\/h3>\n<p>El R-450A es un refrigerante de nueva generaci\u00f3n que no agota la capa de ozono, dise\u00f1ado para sustituir <a href=\"https:\/\/refrigerant-wholesale.com\/es\/product\/medio-palet-hvac-r134a-20-cilindros\/\">al R-134a<\/a> en diversas aplicaciones. Es una mezcla de R-1234ze y R-134a, que ofrece excelentes propiedades termodin\u00e1micas al tiempo que reduce el potencial de calentamiento global (PCG). He aqu\u00ed por qu\u00e9 destaca el R-450A:<\/p>\n<ul>\n<li><strong>Ecol\u00f3gico<\/strong>: Con un GWP de s\u00f3lo 547, <a href=\"https:\/\/www.google.com\/search?sca_esv=46e212da3fac3ef4&amp;rlz=1C1CHZN_en__1007__1007&amp;sxsrf=AHTn8zqkcY0v042IYMMRkNtYEY_hyEFPpg:1739804130731&amp;q=r-450a+refrigerant&amp;source=lnms&amp;fbs=ABzOT_AeWVZgM1ygG9loIv1sab0j2HB687sEni7_6XgT5zHBctPQQWJnv2cP3Dmrkn2lJOgDwZrMNv46EJI3VkcEdA60AF3CvcxGGqWanbrf4R5scYWSapL3iKOZrazLhtKzAkMiSVcgh16PkjTRTZsEi7lmHq_IyKbwWxypaUA2GTUZdQIoNCjC6kHsuybIU_YzDPVwftxAjFIzkI4w5WOZE4ZAPIqChw&amp;sa=X&amp;ved=2ahUKEwj-nsO5-8qLAxUASvEDHcriGHwQ0pQJegQIFBAB&amp;biw=1463&amp;bih=662&amp;dpr=1.75\">el R-450A<\/a> es una opci\u00f3n sostenible.<\/li>\n<li><strong>Eficiencia energ\u00e9tica<\/strong>: Ofrece un rendimiento de refrigeraci\u00f3n \u00f3ptimo con un menor consumo de energ\u00eda.<\/li>\n<li><strong>Seguro y fiable<\/strong>: No inflamable y compatible con los sistemas existentes de R-134a.<\/li>\n<li><strong>Cumplimiento de la normativa<\/strong>: Cumple las normas medioambientales mundiales, incluidas las normativas EPA y F-Gas.<\/li>\n<\/ul>\n<hr \/>\n<h3><strong>Aplicaciones del refrigerante R-450A<\/strong><\/h3>\n<p>El R-450A es vers\u00e1til y se utiliza ampliamente en:<\/p>\n<ul>\n<li>Sistemas de refrigeraci\u00f3n comercial<\/li>\n<li>Enfriadoras y unidades de aire acondicionado<\/li>\n<li>Vitrinas de supermercado<\/li>\n<li>Almacenes frigor\u00edficos<\/li>\n<li>Aire acondicionado para autom\u00f3viles (si procede)<\/li>\n<\/ul>\n<hr \/>\n<h3><strong>Refrigerante R-450A al por mayor &#8211; Precios competitivos<\/strong><\/h3>\n<p>Comprendemos la importancia de la rentabilidad en tu negocio. Por eso ofrecemos <strong>Refrigerante R-450A al por mayor<\/strong> a precios inmejorables. Nuestras opciones de compra al por mayor te garantizan el mejor valor por tu inversi\u00f3n. Adem\u00e1s, realizamos env\u00edos a todo el mundo, por lo que, est\u00e9s donde est\u00e9s, puedes contar con nosotros para una entrega puntual.<\/p>\n<hr \/>\n<h3><strong>Especificaciones t\u00e9cnicas del refrigerante R-450A<\/strong><\/h3>\n<table>\n<thead>\n<tr>\n<th><strong>Propiedad<\/strong><\/th>\n<th><strong>Valor<\/strong><\/th>\n<\/tr>\n<\/thead>\n<tbody>\n<tr>\n<td>Nombre qu\u00edmico<\/td>\n<td>Mezcla R-1234ze \/ R-134a<\/td>\n<\/tr>\n<tr>\n<td>Potencial de Calentamiento Global (PCG)<\/td>\n<td>547<\/td>\n<\/tr>\n<tr>\n<td>Potencial de agotamiento de la capa de ozono (PAO)<\/td>\n<td>0<\/td>\n<\/tr>\n<tr>\n<td>Punto de ebullici\u00f3n<\/td>\n<td>-27,4\u00b0C (-17,3\u00b0F)<\/td>\n<\/tr>\n<tr>\n<td>Temperatura cr\u00edtica<\/td>\n<td>109,4\u00b0C (228,9\u00b0F)<\/td>\n<\/tr>\n<tr>\n<td>Presi\u00f3n cr\u00edtica<\/td>\n<td>34,7 bar (503,2 psi)<\/td>\n<\/tr>\n<tr>\n<td>Inflamabilidad<\/td>\n<td>No inflamable<\/td>\n<\/tr>\n<tr>\n<td>Compatibilidad<\/td>\n<td>Sistemas R-134a<\/td>\n<\/tr>\n<\/tbody>\n<\/table>\n<hr \/>\n<h3><strong>Ventajas de comprarnos a nosotros<\/strong><\/h3>\n<ol start=\"1\">\n<li><strong>Env\u00edos internacionales<\/strong>: Enviamos <strong>Refrigerante R-450A al por mayor<\/strong> a m\u00e1s de 100 pa\u00edses.<\/li>\n<li><strong>Descuentos por volumen<\/strong>: Ahorra m\u00e1s con nuestros precios al por mayor para pedidos grandes.<\/li>\n<li><strong>Garant\u00eda de calidad<\/strong>: Nuestros productos cumplen las normas internacionales y se someten a pruebas rigurosas.<\/li>\n<li><strong>Asistencia experta<\/strong>: Nuestro equipo est\u00e1 disponible 24 horas al d\u00eda, 7 d\u00edas a la semana, para ayudarte con tus consultas t\u00e9cnicas.<\/li>\n<li><strong>Entrega r\u00e1pida<\/strong>: Recibe tu pedido siempre a tiempo.<\/li>\n<\/ol>\n<hr \/>\n<h3><strong>C\u00f3mo pedir refrigerante R-450A al por mayor<\/strong><\/h3>\n<p>Hacernos un pedido es sencillo y sin complicaciones. Sigue estos pasos:<\/p>\n<ol start=\"1\">\n<li><strong>Ponte en contacto con nosotros<\/strong>: Ponte en contacto con nosotros por correo electr\u00f3nico, tel\u00e9fono o a trav\u00e9s de nuestro sitio web.<\/li>\n<li><strong>Obt\u00e9n un presupuesto<\/strong>: Te proporcionaremos un presupuesto competitivo basado en tus requisitos.<\/li>\n<li><strong>Haz tu pedido<\/strong>: Confirma tu pedido y lo tramitaremos inmediatamente.<\/li>\n<li><strong>Rastrea tu env\u00edo<\/strong>: Recibe actualizaciones en tiempo real sobre tu entrega.<\/li>\n<\/ol>\n<hr \/>\n<h3><strong>Preguntas m\u00e1s frecuentes (FAQ)<\/strong><\/h3>\n<p><strong>P: \u00bfEs compatible el R-450A con los sistemas de R-134a?<\/strong><br \/>\nR: S\u00ed, el R-450A est\u00e1 dise\u00f1ado para sustituir directamente al R-134a en la mayor\u00eda de los sistemas.<\/p>\n<p><strong>P: \u00bfCu\u00e1l es la vida \u00fatil del R-450A?<\/strong><br \/>\nR: Si se almacena adecuadamente, el R-450A tiene una vida \u00fatil de hasta 10 a\u00f1os.<\/p>\n<p><strong>P: \u00bfOfrec\u00e9is envases personalizados?<\/strong><br \/>\nR: S\u00ed, ofrecemos opciones de embalaje personalizado para pedidos al por mayor.<\/p>\n<p><strong>P: \u00bfCu\u00e1l es la cantidad m\u00ednima de pedido?<\/strong><br \/>\nR: Ponte en contacto con nosotros para obtener informaci\u00f3n sobre cantidades m\u00ednimas de pedido y precios.<\/p>\n<hr \/>\n<h3><strong>Por qu\u00e9 somos el mejor proveedor de R-450A<\/strong><\/h3>\n<p>Con a\u00f1os de experiencia en el sector de los refrigerantes, nos hemos forjado una reputaci\u00f3n de fiabilidad, calidad y satisfacci\u00f3n del cliente. Nuestro compromiso con la sostenibilidad y la innovaci\u00f3n nos diferencia de la competencia. Cuando nos eliges como <strong>proveedor de R-450A<\/strong>, no s\u00f3lo compras un producto, sino que inviertes en una asociaci\u00f3n que valora tu \u00e9xito.<\/p>\n<hr \/>\n<h3><strong>Testimonios de clientes<\/strong><\/h3>\n<p><em>\u00abEl refrigerante R-450A que compramos era de primera calidad. La entrega fue r\u00e1pida y el precio inmejorable. Muy recomendable\u00bb.<\/em> &#8211; John D., Contratista de HVAC<\/p>\n<p><em>\u00abUn servicio excelente y productos de alta calidad. Llevamos a\u00f1os trabajando con ellos y no podr\u00edamos estar m\u00e1s contentos\u00bb.<\/em> &#8211; Sarah L., Propietaria de un almac\u00e9n frigor\u00edfico<\/p>\n<hr \/>\n<h3><strong>Contacta con nosotros<\/strong><\/h3>\n<p>\u00bfEst\u00e1s listo para hacer tu pedido o necesitas m\u00e1s informaci\u00f3n? Ponte en contacto con nosotros<\/p>\n<hr \/>\n<h3><strong>Conclusi\u00f3n<\/strong><\/h3>\n<p>Cuando se trata de la <strong>venta al por mayor de refrigerante R-450A<\/strong>, somos la elecci\u00f3n de confianza de empresas de todo el mundo. Nuestros productos ecol\u00f3gicos, precios competitivos y env\u00edos a todo el mundo nos convierten en el <strong>proveedor de R-450A<\/strong> al que acudir. No esperes, ponte en contacto con nosotros hoy mismo y experimenta la diferencia.<\/p>\n","protected":false},"excerpt":{"rendered":"<p>\u00bfNecesitas refrigerantes ecol\u00f3gicos de alta calidad a precios competitivos? \u00a1No busques m\u00e1s! Somos un proveedor l\u00edder de R-450A, que ofrece Refrigerante R-450A de primera calidad al por mayor a clientes de todo el mundo. Tanto si eres un profesional de la climatizaci\u00f3n, un contratista comercial o un distribuidor a gran escala, te tenemos cubierto. Con [&#8230;]\n","protected":false},"featured_media":1993,"comment_status":"open","ping_status":"closed","template":"","meta":[],"product_brand":[],"product_cat":[270],"product_tag":[293,291,284,286,294,288,282,285,292,287,283,289,290,281],"class_list":{"0":"post-2086","1":"product","2":"type-product","3":"status-publish","4":"has-post-thumbnail","6":"product_cat-sin-categoria","7":"product_tag-aplicaciones-r-450a","8":"product_tag-compatibilidad-con-r-450a","9":"product_tag-comprar-r-450a","10":"product_tag-envio-mundial-de-r-450a","11":"product_tag-especificaciones-tecnicas-del-r-450a","12":"product_tag-precio-del-r-450a","13":"product_tag-proveedor-de-r-450a","14":"product_tag-r-450a-a-granel","15":"product_tag-r-450a-gwp-es","16":"product_tag-refrigerante-ecologico","17":"product_tag-refrigerante-r-450a","18":"product_tag-se-vende-r-450a","19":"product_tag-sustitucion-de-r-450a","20":"product_tag-venta-al-por-mayor-de-refrigerante-r-450a","22":"first","23":"instock","24":"shipping-taxable","25":"product-type-simple"},"yoast_head":"<!-- This site is optimized with the Yoast SEO Premium plugin v27.0 (Yoast SEO v27.3) - https:\/\/yoast.com\/product\/yoast-seo-premium-wordpress\/ -->\n<title>Venta al por mayor de refrigerante R-450A - Tu proveedor mundial de confianza<\/title>\n<meta name=\"description\" content=\"R-450A Refrigerante al por mayor, R-450A Proveedor, R-450A a granel, R-450A precio, R-450A compatibilidad, R-450A GWP, R-450A especificaciones t\u00e9cnicas.\" \/>\n<meta name=\"robots\" content=\"index, follow, max-snippet:-1, max-image-preview:large, max-video-preview:-1\" \/>\n<link rel=\"canonical\" href=\"https:\/\/refrigerant-wholesale.com\/es\/product\/refrigerante-r-450a\/\" \/>\n<meta property=\"og:locale\" content=\"es_ES\" \/>\n<meta property=\"og:type\" content=\"article\" \/>\n<meta property=\"og:title\" content=\"Refrigerante R-450A\" \/>\n<meta property=\"og:description\" content=\"R-450A Refrigerante al por mayor, R-450A Proveedor, R-450A a granel, R-450A precio, R-450A compatibilidad, R-450A GWP, R-450A especificaciones t\u00e9cnicas.\" \/>\n<meta property=\"og:url\" content=\"https:\/\/refrigerant-wholesale.com\/es\/product\/refrigerante-r-450a\/\" \/>\n<meta property=\"og:site_name\" content=\"Refrigerant Gas Wholesale\" \/>\n<meta property=\"article:publisher\" content=\"https:\/\/www.facebook.com\/refrigerantwholesale\" \/>\n<meta property=\"article:modified_time\" content=\"2025-03-01T23:19:56+00:00\" \/>\n<meta property=\"og:image\" content=\"http:\/\/refrigerant-wholesale.com\/wp-content\/uploads\/2025\/02\/R450A-Refrigerant.jpg\" \/>\n\t<meta property=\"og:image:width\" content=\"500\" \/>\n\t<meta property=\"og:image:height\" content=\"500\" \/>\n\t<meta property=\"og:image:type\" content=\"image\/jpeg\" \/>\n<meta name=\"twitter:card\" content=\"summary_large_image\" \/>\n<meta name=\"twitter:label1\" content=\"Tiempo de lectura\" \/>\n\t<meta name=\"twitter:data1\" content=\"4 minutos\" \/>\n<script type=\"application\/ld+json\" class=\"yoast-schema-graph\">{\"@context\":\"https:\\\/\\\/schema.org\",\"@graph\":[{\"@type\":\"WebPage\",\"@id\":\"https:\\\/\\\/refrigerant-wholesale.com\\\/es\\\/product\\\/refrigerante-r-450a\\\/\",\"url\":\"https:\\\/\\\/refrigerant-wholesale.com\\\/es\\\/product\\\/refrigerante-r-450a\\\/\",\"name\":\"Venta al por mayor de refrigerante R-450A - Tu proveedor mundial de confianza\",\"isPartOf\":{\"@id\":\"https:\\\/\\\/refrigerant-wholesale.com\\\/es\\\/#website\"},\"primaryImageOfPage\":{\"@id\":\"https:\\\/\\\/refrigerant-wholesale.com\\\/es\\\/product\\\/refrigerante-r-450a\\\/#primaryimage\"},\"image\":{\"@id\":\"https:\\\/\\\/refrigerant-wholesale.com\\\/es\\\/product\\\/refrigerante-r-450a\\\/#primaryimage\"},\"thumbnailUrl\":\"https:\\\/\\\/refrigerant-wholesale.com\\\/wp-content\\\/uploads\\\/2025\\\/02\\\/R450A-Refrigerant.jpg\",\"datePublished\":\"2025-02-17T15:10:14+00:00\",\"dateModified\":\"2025-03-01T23:19:56+00:00\",\"description\":\"R-450A Refrigerante al por mayor, R-450A Proveedor, R-450A a granel, R-450A precio, R-450A compatibilidad, R-450A GWP, R-450A especificaciones t\u00e9cnicas.\",\"breadcrumb\":{\"@id\":\"https:\\\/\\\/refrigerant-wholesale.com\\\/es\\\/product\\\/refrigerante-r-450a\\\/#breadcrumb\"},\"inLanguage\":\"es\",\"potentialAction\":[{\"@type\":\"ReadAction\",\"target\":[\"https:\\\/\\\/refrigerant-wholesale.com\\\/es\\\/product\\\/refrigerante-r-450a\\\/\"]}]},{\"@type\":\"ImageObject\",\"inLanguage\":\"es\",\"@id\":\"https:\\\/\\\/refrigerant-wholesale.com\\\/es\\\/product\\\/refrigerante-r-450a\\\/#primaryimage\",\"url\":\"https:\\\/\\\/refrigerant-wholesale.com\\\/wp-content\\\/uploads\\\/2025\\\/02\\\/R450A-Refrigerant.jpg\",\"contentUrl\":\"https:\\\/\\\/refrigerant-wholesale.com\\\/wp-content\\\/uploads\\\/2025\\\/02\\\/R450A-Refrigerant.jpg\",\"width\":500,\"height\":500,\"caption\":\"R-450A Refrigerante al por mayor, R-450A Proveedor, R-450A a granel, R-450A precio, R-450A compatibilidad, R-450A GWP, R-450A especificaciones t\u00e9cnicas.\"},{\"@type\":\"BreadcrumbList\",\"@id\":\"https:\\\/\\\/refrigerant-wholesale.com\\\/es\\\/product\\\/refrigerante-r-450a\\\/#breadcrumb\",\"itemListElement\":[{\"@type\":\"ListItem\",\"position\":1,\"name\":\"Home\",\"item\":\"https:\\\/\\\/refrigerant-wholesale.com\\\/es\\\/\"},{\"@type\":\"ListItem\",\"position\":2,\"name\":\"Tienda\",\"item\":\"https:\\\/\\\/refrigerant-wholesale.com\\\/es\\\/tienda\\\/\"},{\"@type\":\"ListItem\",\"position\":3,\"name\":\"Refrigerante R-450A\"}]},{\"@type\":\"WebSite\",\"@id\":\"https:\\\/\\\/refrigerant-wholesale.com\\\/es\\\/#website\",\"url\":\"https:\\\/\\\/refrigerant-wholesale.com\\\/es\\\/\",\"name\":\"Refrigerant Gas Wholesale\",\"description\":\"AC Gas supplier\",\"publisher\":{\"@id\":\"https:\\\/\\\/refrigerant-wholesale.com\\\/es\\\/#organization\"},\"potentialAction\":[{\"@type\":\"SearchAction\",\"target\":{\"@type\":\"EntryPoint\",\"urlTemplate\":\"https:\\\/\\\/refrigerant-wholesale.com\\\/es\\\/?s={search_term_string}\"},\"query-input\":{\"@type\":\"PropertyValueSpecification\",\"valueRequired\":true,\"valueName\":\"search_term_string\"}}],\"inLanguage\":\"es\"},{\"@type\":\"Organization\",\"@id\":\"https:\\\/\\\/refrigerant-wholesale.com\\\/es\\\/#organization\",\"name\":\"Refrigerant Gas Wholesale\",\"url\":\"https:\\\/\\\/refrigerant-wholesale.com\\\/es\\\/\",\"logo\":{\"@type\":\"ImageObject\",\"inLanguage\":\"es\",\"@id\":\"https:\\\/\\\/refrigerant-wholesale.com\\\/es\\\/#\\\/schema\\\/logo\\\/image\\\/\",\"url\":\"http:\\\/\\\/refrigerant-wholesale.com\\\/wp-content\\\/uploads\\\/2024\\\/04\\\/refrigerant-logo.png\",\"contentUrl\":\"http:\\\/\\\/refrigerant-wholesale.com\\\/wp-content\\\/uploads\\\/2024\\\/04\\\/refrigerant-logo.png\",\"width\":400,\"height\":84,\"caption\":\"Refrigerant Gas Wholesale\"},\"image\":{\"@id\":\"https:\\\/\\\/refrigerant-wholesale.com\\\/es\\\/#\\\/schema\\\/logo\\\/image\\\/\"},\"sameAs\":[\"https:\\\/\\\/www.facebook.com\\\/refrigerantwholesale\"]}]}<\/script>\n<!-- \/ Yoast SEO Premium plugin. -->","yoast_head_json":{"title":"Venta al por mayor de refrigerante R-450A - Tu proveedor mundial de confianza","description":"R-450A Refrigerante al por mayor, R-450A Proveedor, R-450A a granel, R-450A precio, R-450A compatibilidad, R-450A GWP, R-450A especificaciones t\u00e9cnicas.","robots":{"index":"index","follow":"follow","max-snippet":"max-snippet:-1","max-image-preview":"max-image-preview:large","max-video-preview":"max-video-preview:-1"},"canonical":"https:\/\/refrigerant-wholesale.com\/es\/product\/refrigerante-r-450a\/","og_locale":"es_ES","og_type":"article","og_title":"Refrigerante R-450A","og_description":"R-450A Refrigerante al por mayor, R-450A Proveedor, R-450A a granel, R-450A precio, R-450A compatibilidad, R-450A GWP, R-450A especificaciones t\u00e9cnicas.","og_url":"https:\/\/refrigerant-wholesale.com\/es\/product\/refrigerante-r-450a\/","og_site_name":"Refrigerant Gas Wholesale","article_publisher":"https:\/\/www.facebook.com\/refrigerantwholesale","article_modified_time":"2025-03-01T23:19:56+00:00","og_image":[{"width":500,"height":500,"url":"http:\/\/refrigerant-wholesale.com\/wp-content\/uploads\/2025\/02\/R450A-Refrigerant.jpg","type":"image\/jpeg"}],"twitter_card":"summary_large_image","twitter_misc":{"Tiempo de lectura":"4 minutos"},"schema":{"@context":"https:\/\/schema.org","@graph":[{"@type":"WebPage","@id":"https:\/\/refrigerant-wholesale.com\/es\/product\/refrigerante-r-450a\/","url":"https:\/\/refrigerant-wholesale.com\/es\/product\/refrigerante-r-450a\/","name":"Venta al por mayor de refrigerante R-450A - Tu proveedor mundial de confianza","isPartOf":{"@id":"https:\/\/refrigerant-wholesale.com\/es\/#website"},"primaryImageOfPage":{"@id":"https:\/\/refrigerant-wholesale.com\/es\/product\/refrigerante-r-450a\/#primaryimage"},"image":{"@id":"https:\/\/refrigerant-wholesale.com\/es\/product\/refrigerante-r-450a\/#primaryimage"},"thumbnailUrl":"https:\/\/refrigerant-wholesale.com\/wp-content\/uploads\/2025\/02\/R450A-Refrigerant.jpg","datePublished":"2025-02-17T15:10:14+00:00","dateModified":"2025-03-01T23:19:56+00:00","description":"R-450A Refrigerante al por mayor, R-450A Proveedor, R-450A a granel, R-450A precio, R-450A compatibilidad, R-450A GWP, R-450A especificaciones t\u00e9cnicas.","breadcrumb":{"@id":"https:\/\/refrigerant-wholesale.com\/es\/product\/refrigerante-r-450a\/#breadcrumb"},"inLanguage":"es","potentialAction":[{"@type":"ReadAction","target":["https:\/\/refrigerant-wholesale.com\/es\/product\/refrigerante-r-450a\/"]}]},{"@type":"ImageObject","inLanguage":"es","@id":"https:\/\/refrigerant-wholesale.com\/es\/product\/refrigerante-r-450a\/#primaryimage","url":"https:\/\/refrigerant-wholesale.com\/wp-content\/uploads\/2025\/02\/R450A-Refrigerant.jpg","contentUrl":"https:\/\/refrigerant-wholesale.com\/wp-content\/uploads\/2025\/02\/R450A-Refrigerant.jpg","width":500,"height":500,"caption":"R-450A Refrigerante al por mayor, R-450A Proveedor, R-450A a granel, R-450A precio, R-450A compatibilidad, R-450A GWP, R-450A especificaciones t\u00e9cnicas."},{"@type":"BreadcrumbList","@id":"https:\/\/refrigerant-wholesale.com\/es\/product\/refrigerante-r-450a\/#breadcrumb","itemListElement":[{"@type":"ListItem","position":1,"name":"Home","item":"https:\/\/refrigerant-wholesale.com\/es\/"},{"@type":"ListItem","position":2,"name":"Tienda","item":"https:\/\/refrigerant-wholesale.com\/es\/tienda\/"},{"@type":"ListItem","position":3,"name":"Refrigerante R-450A"}]},{"@type":"WebSite","@id":"https:\/\/refrigerant-wholesale.com\/es\/#website","url":"https:\/\/refrigerant-wholesale.com\/es\/","name":"Refrigerant Gas Wholesale","description":"AC Gas supplier","publisher":{"@id":"https:\/\/refrigerant-wholesale.com\/es\/#organization"},"potentialAction":[{"@type":"SearchAction","target":{"@type":"EntryPoint","urlTemplate":"https:\/\/refrigerant-wholesale.com\/es\/?s={search_term_string}"},"query-input":{"@type":"PropertyValueSpecification","valueRequired":true,"valueName":"search_term_string"}}],"inLanguage":"es"},{"@type":"Organization","@id":"https:\/\/refrigerant-wholesale.com\/es\/#organization","name":"Refrigerant Gas Wholesale","url":"https:\/\/refrigerant-wholesale.com\/es\/","logo":{"@type":"ImageObject","inLanguage":"es","@id":"https:\/\/refrigerant-wholesale.com\/es\/#\/schema\/logo\/image\/","url":"http:\/\/refrigerant-wholesale.com\/wp-content\/uploads\/2024\/04\/refrigerant-logo.png","contentUrl":"http:\/\/refrigerant-wholesale.com\/wp-content\/uploads\/2024\/04\/refrigerant-logo.png","width":400,"height":84,"caption":"Refrigerant Gas Wholesale"},"image":{"@id":"https:\/\/refrigerant-wholesale.com\/es\/#\/schema\/logo\/image\/"},"sameAs":["https:\/\/www.facebook.com\/refrigerantwholesale"]}]}},"_links":{"self":[{"href":"https:\/\/refrigerant-wholesale.com\/es\/wp-json\/wp\/v2\/product\/2086","targetHints":{"allow":["GET"]}}],"collection":[{"href":"https:\/\/refrigerant-wholesale.com\/es\/wp-json\/wp\/v2\/product"}],"about":[{"href":"https:\/\/refrigerant-wholesale.com\/es\/wp-json\/wp\/v2\/types\/product"}],"replies":[{"embeddable":true,"href":"https:\/\/refrigerant-wholesale.com\/es\/wp-json\/wp\/v2\/comments?post=2086"}],"wp:featuredmedia":[{"embeddable":true,"href":"https:\/\/refrigerant-wholesale.com\/es\/wp-json\/wp\/v2\/media\/1993"}],"wp:attachment":[{"href":"https:\/\/refrigerant-wholesale.com\/es\/wp-json\/wp\/v2\/media?parent=2086"}],"wp:term":[{"taxonomy":"product_brand","embeddable":true,"href":"https:\/\/refrigerant-wholesale.com\/es\/wp-json\/wp\/v2\/product_brand?post=2086"},{"taxonomy":"product_cat","embeddable":true,"href":"https:\/\/refrigerant-wholesale.com\/es\/wp-json\/wp\/v2\/product_cat?post=2086"},{"taxonomy":"product_tag","embeddable":true,"href":"https:\/\/refrigerant-wholesale.com\/es\/wp-json\/wp\/v2\/product_tag?post=2086"}],"curies":[{"name":"wp","href":"https:\/\/api.w.org\/{rel}","templated":true}]}}