{"id":2049,"date":"2024-03-21T20:19:23","date_gmt":"2024-03-21T20:19:23","guid":{"rendered":"https:\/\/refrigerant-wholesale.com\/envio-y-entrega\/"},"modified":"2025-03-01T20:34:50","modified_gmt":"2025-03-01T20:34:50","slug":"envio-y-entrega","status":"publish","type":"page","link":"https:\/\/refrigerant-wholesale.com\/es\/envio-y-entrega\/","title":{"rendered":"Env\u00edo y entrega"},"content":{"rendered":"\n<div class=\"row\"  id=\"row-931875556\">\n\n\n\t<div id=\"col-1177120688\" class=\"col small-12 large-12\"  >\n\t\t\t\t<div class=\"col-inner\"  >\n\t\t\t\n\t\t\t\n\n<div class=\"row\"  id=\"row-317262421\">\n\n\n\t<div id=\"col-1490504097\" class=\"col small-12 large-12\"  >\n\t\t\t\t<div class=\"col-inner\"  >\n\t\t\t\n\t\t\t\n\n<h2 style=\"text-align: center;\">Env\u00edo y entrega<\/h2>\n\n\t\t<\/div>\n\t\t\t\t\t<\/div>\n\n\t\n\n<\/div>\n\t<div id=\"text-3065924707\" class=\"text\">\n\t\t\n\n<div>&#8211; Para los productos m\u00e1s peque\u00f1os, utilizamos m\u00e9todos de env\u00edo est\u00e1ndar. Los productos m\u00e1s grandes requieren entrega en acera. Los plazos de env\u00edo son medios, pero los env\u00edos a lugares remotos, los env\u00edos durante las vacaciones de invierno y los casos de condiciones meteorol\u00f3gicas extremas pueden superar los plazos de env\u00edo estimados.<\/div>\n<div> <\/div>\n<div>&#8211; Para nuestro env\u00edo est\u00e1ndar, utilizamos una variedad de transportistas comunes que proporcionan seguro y seguimiento. A menudo es necesario firmar la recepci\u00f3n de los env\u00edos, aunque tambi\u00e9n pueden dejarse a discreci\u00f3n del conductor.  <\/div>\n<div> <\/div>\n\t\t\n<style>\n#text-3065924707 {\n  font-size: 1rem;\n}\n<\/style>\n\t<\/div>\n\t\n<div class=\"row align-middle\"  id=\"row-82196212\">\n\n\n\t<div id=\"col-895502129\" class=\"col medium-6 small-12 large-6\"  >\n\t\t\t\t<div class=\"col-inner\"  >\n\t\t\t\n\t\t\t\n\n\t<div class=\"img has-hover x md-x lg-x y md-y lg-y\" id=\"image_2089672993\">\n\t\t\t\t\t\t\t\t<div class=\"img-inner dark\" >\n\t\t\t<img loading=\"lazy\" decoding=\"async\" width=\"1020\" height=\"729\" src=\"https:\/\/refrigerant-wholesale.com\/wp-content\/uploads\/2024\/03\/410A-pal-1120x800.webp\" class=\"attachment-large size-large\" alt=\"R410a Refrigerant Supplier, R410a Refrigerant, R410a, Refrigerant R410a, R 410a freon, Buy R410a refrigerant, R410a refrigerant for sale\" srcset=\"https:\/\/refrigerant-wholesale.com\/wp-content\/uploads\/2024\/03\/410A-pal-1120x800.webp 1120w, https:\/\/refrigerant-wholesale.com\/wp-content\/uploads\/2024\/03\/410A-pal-510x364.webp 510w, https:\/\/refrigerant-wholesale.com\/wp-content\/uploads\/2024\/03\/410A-pal-560x400.webp 560w, https:\/\/refrigerant-wholesale.com\/wp-content\/uploads\/2024\/03\/410A-pal-768x548.webp 768w, https:\/\/refrigerant-wholesale.com\/wp-content\/uploads\/2024\/03\/410A-pal.webp 1200w\" sizes=\"auto, (max-width: 1020px) 100vw, 1020px\" \/>\t\t\t\t\t\t\n\t\t\t\t\t<\/div>\n\t\t\t\t\t\t\t\t\n<style>\n#image_2089672993 {\n  width: 100%;\n}\n<\/style>\n\t<\/div>\n\t\n\n\n\t\t<\/div>\n\t\t\t\t\t<\/div>\n\n\t\n\n\t<div id=\"col-863638822\" class=\"col medium-6 small-12 large-6\"  >\n\t\t\t\t<div class=\"col-inner\"  >\n\t\t\t\n\t\t\t\n\n<h5 class=\"uppercase\">Envases<\/h5>\n<ol>\n<li>Cilindro desechable:24lb,25lb,30lb,50lb<\/li>\n<\/ol>\n<p>2. Ton cylinder:400L,800L,926L,1000L<\/p>\n<p>3. Tanque ISO<\/p>\n<p>4. Cilindro rellenable:12L,14,3L,50L,60L<br>5. Refrigerant can:340g,500g,1000g<\/p>\n\n\t\t<\/div>\n\t\t\t\t\t<\/div>\n\n\t\n\n<\/div>\n<div class=\"row\"  id=\"row-964463265\">\n\n\n\t<div id=\"col-1575796814\" class=\"col small-12 large-12\"  >\n\t\t\t\t<div class=\"col-inner\"  >\n\t\t\t\n\t\t\t\n\n<h3>EMBALAJE<\/h3>\n<div>Una compuerta elevadora es una plataforma hidr\u00e1ulica fijada a la parte trasera del cami\u00f3n que permite bajar el producto del cami\u00f3n a la calle de forma segura, lo que tambi\u00e9n se conoce como entrega \u00aben la acera\u00bb.  <\/div>\n<div> <\/div>\n<div>Dependiendo del tama\u00f1o, la mayor\u00eda de los productos que pesan m\u00e1s de 100 lbs. env\u00edo mediante semirremolque. Te recomendamos encarecidamente que selecciones la casilla \u00abServicio de puerta elevadora\u00bb durante la compra si no tienes un muelle de carga o una carretilla elevadora para descargar tu env\u00edo del remolque con seguridad.<\/div>\n<div> <\/div>\n<div>Debido a la responsabilidad civil, las empresas de transporte por cami\u00f3n no retroceder\u00e1n hasta las entradas de las viviendas ni trasladar\u00e1n el producto desde la acera hasta la puerta de tu casa.<\/div>\n<div> <\/div>\n<div class=\"row\"  id=\"row-1521429930\">\n\n\n\t<div id=\"col-416971235\" class=\"col medium-6 small-12 large-6\"  >\n\t\t\t\t<div class=\"col-inner\"  >\n\t\t\t\n\t\t\t\n\n\t<div class=\"img has-hover x md-x lg-x y md-y lg-y\" id=\"image_2007948982\">\n\t\t\t\t\t\t\t\t<div class=\"img-inner image-cover dark\" style=\"padding-top:384px;\">\n\t\t\t<img loading=\"lazy\" decoding=\"async\" width=\"514\" height=\"400\" src=\"https:\/\/refrigerant-wholesale.com\/wp-content\/uploads\/2024\/03\/2018110-514x400.jpg\" class=\"attachment-medium size-medium\" alt=\"WS Refrigerants - Container Packing\" srcset=\"https:\/\/refrigerant-wholesale.com\/wp-content\/uploads\/2024\/03\/2018110-514x400.jpg 514w, https:\/\/refrigerant-wholesale.com\/wp-content\/uploads\/2024\/03\/2018110-510x397.jpg 510w, https:\/\/refrigerant-wholesale.com\/wp-content\/uploads\/2024\/03\/2018110-768x597.jpg 768w, https:\/\/refrigerant-wholesale.com\/wp-content\/uploads\/2024\/03\/2018110.jpg 800w\" sizes=\"auto, (max-width: 514px) 100vw, 514px\" \/>\t\t\t\t\t\t\n\t\t\t\t\t<\/div>\n\t\t\t\t\t\t\t\t\n<style>\n#image_2007948982 {\n  width: 100%;\n}\n<\/style>\n\t<\/div>\n\t\n\n\n\t\t<\/div>\n\t\t\t\t\t<\/div>\n\n\t\n\n\t<div id=\"col-820717462\" class=\"col medium-6 small-12 large-6\"  >\n\t\t\t\t<div class=\"col-inner\"  >\n\t\t\t\n\t\t\t\n\n\t<div class=\"img has-hover x md-x lg-x y md-y lg-y\" id=\"image_1382608317\">\n\t\t\t\t\t\t\t\t<div class=\"img-inner dark\" >\n\t\t\t<img loading=\"lazy\" decoding=\"async\" width=\"655\" height=\"491\" src=\"https:\/\/refrigerant-wholesale.com\/wp-content\/uploads\/2024\/03\/refrigerant-shipment-1.jpg\" class=\"attachment-large size-large\" alt=\"WS Refrigerants - Packing\" srcset=\"https:\/\/refrigerant-wholesale.com\/wp-content\/uploads\/2024\/03\/refrigerant-shipment-1.jpg 655w, https:\/\/refrigerant-wholesale.com\/wp-content\/uploads\/2024\/03\/refrigerant-shipment-1-510x382.jpg 510w, https:\/\/refrigerant-wholesale.com\/wp-content\/uploads\/2024\/03\/refrigerant-shipment-1-534x400.jpg 534w\" sizes=\"auto, (max-width: 655px) 100vw, 655px\" \/>\t\t\t\t\t\t\n\t\t\t\t\t<\/div>\n\t\t\t\t\t\t\t\t\n<style>\n#image_1382608317 {\n  width: 100%;\n}\n<\/style>\n\t<\/div>\n\t\n\n\n\t\t<\/div>\n\t\t\t\t\t<\/div>\n\n\t\n\n<\/div>\n<div class=\"row\"  id=\"row-842605023\">\n\n\n\t<div id=\"col-1171504408\" class=\"col small-12 large-12\"  >\n\t\t\t\t<div class=\"col-inner\"  >\n\t\t\t\n\t\t\t\n\n\t<div id=\"text-2574720590\" class=\"text\">\n\t\t\n\n<h3 class=\"no-margin\" style=\"text-align: center;\">Gastos de env\u00edo urgente<\/h3>\n<p style=\"text-align: center;\">Los pedidos urgentes se tramitar\u00e1n con prioridad. Sin embargo, las tarifas pagadas por los env\u00edos a\u00e9reos al d\u00eda siguiente y a los dos d\u00edas <strong>no son reembolsables.<\/strong> Los transportistas har\u00e1n todo lo que est\u00e9 en su mano para entregar tu pedido a tiempo. Aun as\u00ed, si experimentan retrasos en los env\u00edos debido a condiciones meteorol\u00f3gicas adversas, evacuaciones obligatorias, aumento de la demanda, etc., no pueden reembolsar las tasas pagadas, ya que siguen prestando el servicio acelerado.  <\/p>\n\t\t\n<style>\n#text-2574720590 {\n  font-size: 0.95rem;\n}\n<\/style>\n\t<\/div>\n\t\n\n\t\t<\/div>\n\t\t\t\t\t<\/div>\n\n\t\n\n<\/div>\n<div class=\"row align-middle\"  id=\"row-387090666\">\n\n\n\t<div id=\"col-1641451567\" class=\"col medium-6 small-12 large-6\"  >\n\t\t\t\t<div class=\"col-inner\"  >\n\t\t\t\n\t\t\t\n\n<h5 class=\"uppercase\">Disponibilidad de existencias<\/h5>\n<p>Tu pedido puede llegar tan pronto como el siguiente d\u00eda laborable una vez que salga de nuestro almac\u00e9n. Ofrecemos entrega r\u00e1pida en todos los EQUIPOS DE ENERG\u00cdA EN ALMAC\u00c9N ELEGIBLES. S\u00f3lo tienes que buscar \u00abAire al d\u00eda siguiente disponible\u00bb para ver si el equipo cumple los requisitos.<\/p>\n<p class=\"no-margin\">Aunque haremos todo lo posible para dar prioridad a los pedidos urgentes, debes esperar que tu pedido se env\u00ede dentro de los plazos de entrega indicados en nuestras p\u00e1ginas de productos.  <\/p>\n\n\t\t<\/div>\n\t\t\t\t\t<\/div>\n\n\t\n\n\t<div id=\"col-1337459904\" class=\"col medium-6 small-12 large-6\"  >\n\t\t\t\t<div class=\"col-inner\"  >\n\t\t\t\n\t\t\t\n\n\t<div class=\"img has-hover x md-x lg-x y md-y lg-y\" id=\"image_613324860\">\n\t\t\t\t\t\t\t\t<div class=\"img-inner dark\" >\n\t\t\t<img loading=\"lazy\" decoding=\"async\" width=\"640\" height=\"640\" src=\"https:\/\/refrigerant-wholesale.com\/wp-content\/uploads\/2024\/03\/Freon-Shipping.jpg\" class=\"attachment-large size-large\" alt=\"WS Refrigerants - Warehouse\" srcset=\"https:\/\/refrigerant-wholesale.com\/wp-content\/uploads\/2024\/03\/Freon-Shipping.jpg 640w, https:\/\/refrigerant-wholesale.com\/wp-content\/uploads\/2024\/03\/Freon-Shipping-100x100.jpg 100w, https:\/\/refrigerant-wholesale.com\/wp-content\/uploads\/2024\/03\/Freon-Shipping-510x510.jpg 510w, https:\/\/refrigerant-wholesale.com\/wp-content\/uploads\/2024\/03\/Freon-Shipping-400x400.jpg 400w, https:\/\/refrigerant-wholesale.com\/wp-content\/uploads\/2024\/03\/Freon-Shipping-280x280.jpg 280w\" sizes=\"auto, (max-width: 640px) 100vw, 640px\" \/>\t\t\t\t\t\t\n\t\t\t\t\t<\/div>\n\t\t\t\t\t\t\t\t\n<style>\n#image_613324860 {\n  width: 100%;\n}\n<\/style>\n\t<\/div>\n\t\n\n\n\t\t<\/div>\n\t\t\t\t\t<\/div>\n\n\t\n\n<\/div>\n\n\t\t<\/div>\n\t\t\t\t\t<\/div>\n\n\t\n\n<\/div>\n\n\t\t<\/div>\n\t\t\t\t\t<\/div>\n\n\t\n\n<\/div>\n\n","protected":false},"excerpt":{"rendered":"","protected":false},"author":1,"featured_media":0,"parent":0,"menu_order":0,"comment_status":"closed","ping_status":"closed","template":"","meta":{"footnotes":""},"class_list":["post-2049","page","type-page","status-publish","hentry"],"yoast_head":"<!-- This site is optimized with the Yoast SEO Premium plugin v27.0 (Yoast SEO v27.3) - https:\/\/yoast.com\/product\/yoast-seo-premium-wordpress\/ -->\n<title>Refrigerant Wholesale - Global Shipping - WS Refrigerants<\/title>\n<meta name=\"description\" content=\"Buy Refrigerant Gas from the Best Refrigerant Suppliers. Huge Discounts. Authentic products from Major Brands. Worldwide Shipping\" \/>\n<meta name=\"robots\" content=\"index, follow, max-snippet:-1, max-image-preview:large, max-video-preview:-1\" \/>\n<link rel=\"canonical\" href=\"https:\/\/refrigerant-wholesale.com\/es\/envio-y-entrega\/\" \/>\n<meta property=\"og:locale\" content=\"es_ES\" \/>\n<meta property=\"og:type\" content=\"article\" \/>\n<meta property=\"og:title\" content=\"Refrigerant Gas Wholesale\" \/>\n<meta property=\"og:description\" content=\"Buy Refrigerant Gas from the Best Refrigerant Suppliers. Huge Discounts. Authentic products from Major Brands. Worldwide Shipping\" \/>\n<meta property=\"og:url\" content=\"https:\/\/refrigerant-wholesale.com\/es\/envio-y-entrega\/\" \/>\n<meta property=\"og:site_name\" content=\"Refrigerant Gas Wholesale\" \/>\n<meta property=\"article:publisher\" content=\"https:\/\/www.facebook.com\/refrigerantwholesale\" \/>\n<meta property=\"article:modified_time\" content=\"2025-03-01T20:34:50+00:00\" \/>\n<meta name=\"twitter:card\" content=\"summary_large_image\" \/>\n<meta name=\"twitter:label1\" content=\"Tiempo de lectura\" \/>\n\t<meta name=\"twitter:data1\" content=\"3 minutos\" \/>\n<script type=\"application\/ld+json\" class=\"yoast-schema-graph\">{\"@context\":\"https:\\\/\\\/schema.org\",\"@graph\":[{\"@type\":\"WebPage\",\"@id\":\"https:\\\/\\\/refrigerant-wholesale.com\\\/es\\\/envio-y-entrega\\\/\",\"url\":\"https:\\\/\\\/refrigerant-wholesale.com\\\/es\\\/envio-y-entrega\\\/\",\"name\":\"Refrigerant Wholesale - Global Shipping - WS Refrigerants\",\"isPartOf\":{\"@id\":\"https:\\\/\\\/refrigerant-wholesale.com\\\/es\\\/#website\"},\"datePublished\":\"2024-03-21T20:19:23+00:00\",\"dateModified\":\"2025-03-01T20:34:50+00:00\",\"description\":\"Buy Refrigerant Gas from the Best Refrigerant Suppliers. Huge Discounts. Authentic products from Major Brands. Worldwide Shipping\",\"breadcrumb\":{\"@id\":\"https:\\\/\\\/refrigerant-wholesale.com\\\/es\\\/envio-y-entrega\\\/#breadcrumb\"},\"inLanguage\":\"es\",\"potentialAction\":[{\"@type\":\"ReadAction\",\"target\":[\"https:\\\/\\\/refrigerant-wholesale.com\\\/es\\\/envio-y-entrega\\\/\"]}]},{\"@type\":\"BreadcrumbList\",\"@id\":\"https:\\\/\\\/refrigerant-wholesale.com\\\/es\\\/envio-y-entrega\\\/#breadcrumb\",\"itemListElement\":[{\"@type\":\"ListItem\",\"position\":1,\"name\":\"Home\",\"item\":\"https:\\\/\\\/refrigerant-wholesale.com\\\/es\\\/\"},{\"@type\":\"ListItem\",\"position\":2,\"name\":\"Env\u00edo y entrega\"}]},{\"@type\":\"WebSite\",\"@id\":\"https:\\\/\\\/refrigerant-wholesale.com\\\/es\\\/#website\",\"url\":\"https:\\\/\\\/refrigerant-wholesale.com\\\/es\\\/\",\"name\":\"Refrigerant Gas Wholesale\",\"description\":\"AC Gas supplier\",\"publisher\":{\"@id\":\"https:\\\/\\\/refrigerant-wholesale.com\\\/es\\\/#organization\"},\"potentialAction\":[{\"@type\":\"SearchAction\",\"target\":{\"@type\":\"EntryPoint\",\"urlTemplate\":\"https:\\\/\\\/refrigerant-wholesale.com\\\/es\\\/?s={search_term_string}\"},\"query-input\":{\"@type\":\"PropertyValueSpecification\",\"valueRequired\":true,\"valueName\":\"search_term_string\"}}],\"inLanguage\":\"es\"},{\"@type\":\"Organization\",\"@id\":\"https:\\\/\\\/refrigerant-wholesale.com\\\/es\\\/#organization\",\"name\":\"Refrigerant Gas Wholesale\",\"url\":\"https:\\\/\\\/refrigerant-wholesale.com\\\/es\\\/\",\"logo\":{\"@type\":\"ImageObject\",\"inLanguage\":\"es\",\"@id\":\"https:\\\/\\\/refrigerant-wholesale.com\\\/es\\\/#\\\/schema\\\/logo\\\/image\\\/\",\"url\":\"http:\\\/\\\/refrigerant-wholesale.com\\\/wp-content\\\/uploads\\\/2024\\\/04\\\/refrigerant-logo.png\",\"contentUrl\":\"http:\\\/\\\/refrigerant-wholesale.com\\\/wp-content\\\/uploads\\\/2024\\\/04\\\/refrigerant-logo.png\",\"width\":400,\"height\":84,\"caption\":\"Refrigerant Gas Wholesale\"},\"image\":{\"@id\":\"https:\\\/\\\/refrigerant-wholesale.com\\\/es\\\/#\\\/schema\\\/logo\\\/image\\\/\"},\"sameAs\":[\"https:\\\/\\\/www.facebook.com\\\/refrigerantwholesale\"]}]}<\/script>\n<!-- \/ Yoast SEO Premium plugin. -->","yoast_head_json":{"title":"Refrigerant Wholesale - Global Shipping - WS Refrigerants","description":"Buy Refrigerant Gas from the Best Refrigerant Suppliers. Huge Discounts. Authentic products from Major Brands. Worldwide Shipping","robots":{"index":"index","follow":"follow","max-snippet":"max-snippet:-1","max-image-preview":"max-image-preview:large","max-video-preview":"max-video-preview:-1"},"canonical":"https:\/\/refrigerant-wholesale.com\/es\/envio-y-entrega\/","og_locale":"es_ES","og_type":"article","og_title":"Refrigerant Gas Wholesale","og_description":"Buy Refrigerant Gas from the Best Refrigerant Suppliers. Huge Discounts. Authentic products from Major Brands. Worldwide Shipping","og_url":"https:\/\/refrigerant-wholesale.com\/es\/envio-y-entrega\/","og_site_name":"Refrigerant Gas Wholesale","article_publisher":"https:\/\/www.facebook.com\/refrigerantwholesale","article_modified_time":"2025-03-01T20:34:50+00:00","twitter_card":"summary_large_image","twitter_misc":{"Tiempo de lectura":"3 minutos"},"schema":{"@context":"https:\/\/schema.org","@graph":[{"@type":"WebPage","@id":"https:\/\/refrigerant-wholesale.com\/es\/envio-y-entrega\/","url":"https:\/\/refrigerant-wholesale.com\/es\/envio-y-entrega\/","name":"Refrigerant Wholesale - Global Shipping - WS Refrigerants","isPartOf":{"@id":"https:\/\/refrigerant-wholesale.com\/es\/#website"},"datePublished":"2024-03-21T20:19:23+00:00","dateModified":"2025-03-01T20:34:50+00:00","description":"Buy Refrigerant Gas from the Best Refrigerant Suppliers. Huge Discounts. Authentic products from Major Brands. Worldwide Shipping","breadcrumb":{"@id":"https:\/\/refrigerant-wholesale.com\/es\/envio-y-entrega\/#breadcrumb"},"inLanguage":"es","potentialAction":[{"@type":"ReadAction","target":["https:\/\/refrigerant-wholesale.com\/es\/envio-y-entrega\/"]}]},{"@type":"BreadcrumbList","@id":"https:\/\/refrigerant-wholesale.com\/es\/envio-y-entrega\/#breadcrumb","itemListElement":[{"@type":"ListItem","position":1,"name":"Home","item":"https:\/\/refrigerant-wholesale.com\/es\/"},{"@type":"ListItem","position":2,"name":"Env\u00edo y entrega"}]},{"@type":"WebSite","@id":"https:\/\/refrigerant-wholesale.com\/es\/#website","url":"https:\/\/refrigerant-wholesale.com\/es\/","name":"Refrigerant Gas Wholesale","description":"AC Gas supplier","publisher":{"@id":"https:\/\/refrigerant-wholesale.com\/es\/#organization"},"potentialAction":[{"@type":"SearchAction","target":{"@type":"EntryPoint","urlTemplate":"https:\/\/refrigerant-wholesale.com\/es\/?s={search_term_string}"},"query-input":{"@type":"PropertyValueSpecification","valueRequired":true,"valueName":"search_term_string"}}],"inLanguage":"es"},{"@type":"Organization","@id":"https:\/\/refrigerant-wholesale.com\/es\/#organization","name":"Refrigerant Gas Wholesale","url":"https:\/\/refrigerant-wholesale.com\/es\/","logo":{"@type":"ImageObject","inLanguage":"es","@id":"https:\/\/refrigerant-wholesale.com\/es\/#\/schema\/logo\/image\/","url":"http:\/\/refrigerant-wholesale.com\/wp-content\/uploads\/2024\/04\/refrigerant-logo.png","contentUrl":"http:\/\/refrigerant-wholesale.com\/wp-content\/uploads\/2024\/04\/refrigerant-logo.png","width":400,"height":84,"caption":"Refrigerant Gas Wholesale"},"image":{"@id":"https:\/\/refrigerant-wholesale.com\/es\/#\/schema\/logo\/image\/"},"sameAs":["https:\/\/www.facebook.com\/refrigerantwholesale"]}]}},"_links":{"self":[{"href":"https:\/\/refrigerant-wholesale.com\/es\/wp-json\/wp\/v2\/pages\/2049","targetHints":{"allow":["GET"]}}],"collection":[{"href":"https:\/\/refrigerant-wholesale.com\/es\/wp-json\/wp\/v2\/pages"}],"about":[{"href":"https:\/\/refrigerant-wholesale.com\/es\/wp-json\/wp\/v2\/types\/page"}],"author":[{"embeddable":true,"href":"https:\/\/refrigerant-wholesale.com\/es\/wp-json\/wp\/v2\/users\/1"}],"replies":[{"embeddable":true,"href":"https:\/\/refrigerant-wholesale.com\/es\/wp-json\/wp\/v2\/comments?post=2049"}],"version-history":[{"count":2,"href":"https:\/\/refrigerant-wholesale.com\/es\/wp-json\/wp\/v2\/pages\/2049\/revisions"}],"predecessor-version":[{"id":2065,"href":"https:\/\/refrigerant-wholesale.com\/es\/wp-json\/wp\/v2\/pages\/2049\/revisions\/2065"}],"wp:attachment":[{"href":"https:\/\/refrigerant-wholesale.com\/es\/wp-json\/wp\/v2\/media?parent=2049"}],"curies":[{"name":"wp","href":"https:\/\/api.w.org\/{rel}","templated":true}]}}