{"id":2015,"date":"2013-08-11T19:06:15","date_gmt":"2013-08-11T19:06:15","guid":{"rendered":"https:\/\/refrigerant-wholesale.com\/acerca-de\/"},"modified":"2025-03-01T20:34:44","modified_gmt":"2025-03-01T20:34:44","slug":"acerca-de","status":"publish","type":"page","link":"https:\/\/refrigerant-wholesale.com\/es\/acerca-de\/","title":{"rendered":"Acerca de"},"content":{"rendered":"\n\n  <div class=\"banner has-hover has-parallax\" id=\"banner-829807851\">\n          <div class=\"banner-inner fill\">\n        <div class=\"banner-bg fill\" data-parallax=\"-3\" data-parallax-container=\".banner\" data-parallax-background>\n            <div class=\"bg fill bg-fill \"><\/div>\n                        <div class=\"overlay\"><\/div>            \n                    <\/div>\n        <div class=\"banner-layers container\">\n            <div class=\"fill banner-link\"><\/div>            \n\n\n        <\/div>\n      <\/div>\n\n            \n<style>\n#banner-829807851 {\n  padding-top: 167px;\n}\n#banner-829807851 .bg.bg-loaded {\n  background-image: url(https:\/\/refrigerant-wholesale.com\/wp-content\/uploads\/2016\/08\/dummy-2.jpg);\n}\n#banner-829807851 .overlay {\n  background-color: rgba(0, 0, 0, 0.49);\n}\n<\/style>\n  <\/div>\n\n\n<div class=\"row\"  id=\"row-658925466\">\n\n\n\t<div id=\"col-113346920\" class=\"col small-12 large-12\"  >\n\t\t\t\t<div class=\"col-inner\"  >\n\t\t\t\n\t\t\t\n\n<div class=\"row\"  id=\"row-1323013443\">\n\n\n\t<div id=\"col-1443103454\" class=\"col small-12 large-12\"  >\n\t\t\t\t<div class=\"col-inner\"  >\n\t\t\t\n\t\t\t\n\n<div class=\"row\"  id=\"row-469892836\">\n\n\n\t<div id=\"col-992458729\" class=\"col small-12 large-12\"  >\n\t\t\t\t<div class=\"col-inner\"  >\n\t\t\t\n\t\t\t\n\n<h2 class=\"uppercase\">Qui\u00e9nes somos<\/h2>\n<div class=\"row\"  id=\"row-743946584\">\n\n\n\t<div id=\"col-1873727075\" class=\"col small-12 large-12\"  >\n\t\t\t\t<div class=\"col-inner\"  >\n\t\t\t\n\t\t\t\n\n\t<div class=\"img has-hover x md-x lg-x y md-y lg-y\" id=\"image_1230553674\">\n\t\t\t\t\t\t\t\t<div class=\"img-inner image-cover dark\" style=\"padding-top:322px;\">\n\t\t\t<img loading=\"lazy\" decoding=\"async\" width=\"1020\" height=\"398\" src=\"https:\/\/refrigerant-wholesale.com\/wp-content\/uploads\/2024\/03\/Refrigeration-system.jpg\" class=\"attachment-large size-large\" alt=\"WS Refrigerants\" srcset=\"https:\/\/refrigerant-wholesale.com\/wp-content\/uploads\/2024\/03\/Refrigeration-system.jpg 1140w, https:\/\/refrigerant-wholesale.com\/wp-content\/uploads\/2024\/03\/Refrigeration-system-510x199.jpg 510w, https:\/\/refrigerant-wholesale.com\/wp-content\/uploads\/2024\/03\/Refrigeration-system-800x312.jpg 800w, https:\/\/refrigerant-wholesale.com\/wp-content\/uploads\/2024\/03\/Refrigeration-system-768x300.jpg 768w\" sizes=\"auto, (max-width: 1020px) 100vw, 1020px\" \/>\t\t\t\t\t\t\n\t\t\t\t\t<\/div>\n\t\t\t\t\t\t\t\t\n<style>\n#image_1230553674 {\n  width: 100%;\n}\n<\/style>\n\t<\/div>\n\t\n\n\n\t\t<\/div>\n\t\t\t\t\t<\/div>\n\n\t\n\n<\/div>\n<div class=\"row\"  id=\"row-578872025\">\n\n\n\t<div id=\"col-1041223848\" class=\"col small-12 large-12\"  >\n\t\t\t\t<div class=\"col-inner\"  >\n\t\t\t\n\t\t\t\n\n<h3 class=\"thin-font\">Qui\u00e9nes somos<\/h3>\n\n\t\t<\/div>\n\t\t\t\t\t<\/div>\n\n\t\n\n<\/div>\n\t<div id=\"text-3032416689\" class=\"text\">\n\t\t\n\n<p>Desde nuestros humildes comienzos en 2011 como WS Refrigerants, una empresa contratista de sistemas y proyectos de aire acondicionado, hemos crecido hasta convertirnos en uno de los l\u00edderes del mercado en el sector del gas de calefacci\u00f3n, ventilaci\u00f3n, aire acondicionado y refrigeraci\u00f3n. Bajo el liderazgo din\u00e1mico y la visi\u00f3n progresista del fundador de FRIG, la empresa experiment\u00f3 un desarrollo asombroso en s\u00f3lo siete a\u00f1os. En 2013, la corporaci\u00f3n ha establecido firmemente importantes servicios comerciales en el \u00e1mbito de los proveedores de aire acondicionado, refrigeraci\u00f3n y gas. En la actualidad, WS Refrigerants, con sede en Estambul (Turqu\u00eda) y Pa\u00edses Bajos, atiende a los mercados de Oriente Medio, \u00c1frica y Eurasia con 10 salas de exposici\u00f3n especializadas y filiales.<\/p>\n<p> <\/p>\n<p>La siempre cambiante demanda industrial de aire acondicionado y gas refrigerante requiere grandes conocimientos t\u00e9cnicos y un enfoque inventivo. Como resultado, nuestros equipos de gesti\u00f3n de productos se centran en la mejora continua del mix de productos. Esto nos permiti\u00f3 lanzar al mercado las primeras marcas multinacionales de refrigerantes, como MAXRON, AMETRON COOLIB y otras. La estrecha asociaci\u00f3n absoluta con fabricantes de primera calidad e iconos industriales ha aumentado nuestro alcance a todos los segmentos del comercio, proporcionando mercanc\u00edas excelentes con una ventaja competitiva. En consonancia con la versi\u00f3n cada vez mejorada de la atenci\u00f3n al cliente, nuestras redes de distribuidores est\u00e1n vinculadas a nuestro departamento central de la cadena de suministro para garantizar la m\u00e1xima eficacia.<\/p>\n<p> <\/p>\n<p>Aunque atendemos a categor\u00edas comerciales clave como la fabricaci\u00f3n, la gesti\u00f3n de inventarios, el almacenamiento, el comercio, la importaci\u00f3n y la reexportaci\u00f3n a mercados regionales, nos comprometemos a garantizar que nuestros clientes reciban nuestros bienes y servicios a los precios m\u00e1s asequibles, siendo al mismo tiempo lo m\u00e1s eficientes posible. Por \u00faltimo, pero no por ello menos importante, el servicio de atenci\u00f3n al cliente es algo m\u00e1s que una rutina empresarial; es un aspecto integral de nuestra filosof\u00eda empresarial total.<\/p>\n\t\t\n<style>\n#text-3032416689 {\n  font-size: 0.85rem;\n}\n<\/style>\n\t<\/div>\n\t\n\n\t\t<\/div>\n\t\t\t\t\t<\/div>\n\n\t\n\n<\/div>\n\t<section class=\"section\" id=\"section_489444677\">\n\t\t<div class=\"bg section-bg fill bg-fill  bg-loaded\" >\n\n\t\t\t\n\t\t\t\n\t\t\t\n\n\t\t<\/div>\n\n\t\t<div class=\"section-content relative\">\n\t\t\t\n\n<div class=\"row\"  id=\"row-232271765\">\n\n\n\t<div id=\"col-293364603\" class=\"col small-12 large-12\"  >\n\t\t\t\t<div class=\"col-inner\"  >\n\t\t\t\n\t\t\t\n\n<div class=\"row\"  id=\"row-1244590952\">\n\n\n\t<div id=\"col-1701967659\" class=\"col medium-6 small-12 large-6\"  >\n\t\t\t\t<div class=\"col-inner\"  >\n\t\t\t\n\t\t\t\n\n\t<div class=\"img has-hover x md-x lg-x y md-y lg-y\" id=\"image_618284998\">\n\t\t\t\t\t\t\t\t<div class=\"img-inner dark\" >\n\t\t\t<img loading=\"lazy\" decoding=\"async\" width=\"600\" height=\"360\" src=\"https:\/\/refrigerant-wholesale.com\/wp-content\/uploads\/2024\/03\/H03a3aaa.jpg\" class=\"attachment-large size-large\" alt=\"\" srcset=\"https:\/\/refrigerant-wholesale.com\/wp-content\/uploads\/2024\/03\/H03a3aaa.jpg 600w, https:\/\/refrigerant-wholesale.com\/wp-content\/uploads\/2024\/03\/H03a3aaa-510x306.jpg 510w\" sizes=\"auto, (max-width: 600px) 100vw, 600px\" \/>\t\t\t\t\t\t\n\t\t\t\t\t<\/div>\n\t\t\t\t\t\t\t\t\n<style>\n#image_618284998 {\n  width: 100%;\n}\n<\/style>\n\t<\/div>\n\t\n\n\n\t\t<\/div>\n\t\t\t\t\t<\/div>\n\n\t\n\n\t<div id=\"col-1515705345\" class=\"col medium-6 small-12 large-6\"  >\n\t\t\t\t<div class=\"col-inner\"  >\n\t\t\t\n\t\t\t\n\n\t<div class=\"img has-hover x md-x lg-x y md-y lg-y\" id=\"image_821275151\">\n\t\t\t\t\t\t\t\t<div class=\"img-inner image-cover dark\" style=\"padding-top:289px;\">\n\t\t\t<img loading=\"lazy\" decoding=\"async\" width=\"816\" height=\"800\" src=\"https:\/\/refrigerant-wholesale.com\/wp-content\/uploads\/2024\/03\/20231129173546001f38c95f9c420b9c40b1c0f74fcf69-816x800.webp\" class=\"attachment-large size-large\" alt=\"WS Refrigerants - Warehouse\" srcset=\"https:\/\/refrigerant-wholesale.com\/wp-content\/uploads\/2024\/03\/20231129173546001f38c95f9c420b9c40b1c0f74fcf69-816x800.webp 816w, https:\/\/refrigerant-wholesale.com\/wp-content\/uploads\/2024\/03\/20231129173546001f38c95f9c420b9c40b1c0f74fcf69-510x500.webp 510w, https:\/\/refrigerant-wholesale.com\/wp-content\/uploads\/2024\/03\/20231129173546001f38c95f9c420b9c40b1c0f74fcf69-408x400.webp 408w, https:\/\/refrigerant-wholesale.com\/wp-content\/uploads\/2024\/03\/20231129173546001f38c95f9c420b9c40b1c0f74fcf69-768x753.webp 768w, https:\/\/refrigerant-wholesale.com\/wp-content\/uploads\/2024\/03\/20231129173546001f38c95f9c420b9c40b1c0f74fcf69.webp 864w\" sizes=\"auto, (max-width: 816px) 100vw, 816px\" \/>\t\t\t\t\t\t\n\t\t\t\t\t<\/div>\n\t\t\t\t\t\t\t\t\n<style>\n#image_821275151 {\n  width: 100%;\n}\n<\/style>\n\t<\/div>\n\t\n\n\n\t\t<\/div>\n\t\t\t\t\t<\/div>\n\n\t\n\n<\/div>\n\n\t\t<\/div>\n\t\t\t\t\t<\/div>\n\n\t\n\n<\/div>\n\t<div id=\"text-2937332124\" class=\"text\">\n\t\t\n\n<h5 class=\"uppercase\">Nuestra misi\u00f3n<\/h5>\n<p>Nuestro objetivo es ampliar constantemente las empresas que dan prioridad al m\u00e1ximo placer del cliente, protegiendo al mismo tiempo los intereses de todas las partes interesadas y cumpliendo los requisitos medioambientales.<\/p>\n\t\t\n<style>\n#text-2937332124 {\n  font-size: 0.85rem;\n  line-height: 1.65;\n  text-align: center;\n}\n<\/style>\n\t<\/div>\n\t\n\t<div id=\"text-428606111\" class=\"text\">\n\t\t\n\n<h5 class=\"uppercase\">Nuestra visi\u00f3n<\/h5>\n<p>Nuestra misi\u00f3n es convertirnos en el mejor proveedor de aire acondicionado y refrigeraci\u00f3n de nuestro mercado seleccionado, conociendo y satisfaciendo las necesidades de nuestros clientes y superando sus est\u00e1ndares de servicio.<\/p>\n\t\t\n<style>\n#text-428606111 {\n  font-size: 0.9rem;\n  text-align: center;\n}\n<\/style>\n\t<\/div>\n\t\n\t<div id=\"text-4197749761\" class=\"text\">\n\t\t\n\n<h5 class=\"uppercase\">Nuestro mercado<\/h5>\n<p>Nuestra pol\u00edtica empresarial se basa en la dedicaci\u00f3n, la calidad y la satisfacci\u00f3n del cliente en el suministro de productos y servicios dentro de nuestra \u00e1rea. Como prueba de nuestra determinaci\u00f3n, las siguientes marcas tienen competitividad, calidad y preferencia de los clientes en los mercados regionales y mundiales.<\/p>\n\t\t\n<style>\n#text-4197749761 {\n  font-size: 0.9rem;\n  text-align: center;\n}\n<\/style>\n\t<\/div>\n\t\n\n\t\t<\/div>\n\n\t\t\n<style>\n#section_489444677 {\n  padding-top: 30px;\n  padding-bottom: 30px;\n}\n<\/style>\n\t<\/section>\n\t\n\n\t\t<\/div>\n\t\t\t\t\t<\/div>\n\n\t\n\n<\/div>\n<div class=\"text-center\"><div class=\"is-divider divider clearfix\" ><\/div><\/div>\n\n\n\t\t<\/div>\n\t\t\t\t\t<\/div>\n\n\t\n\n<\/div>\n\n","protected":false},"excerpt":{"rendered":"","protected":false},"author":1,"featured_media":0,"parent":0,"menu_order":0,"comment_status":"closed","ping_status":"closed","template":"page-transparent-header-light.php","meta":{"footnotes":""},"class_list":["post-2015","page","type-page","status-publish","hentry"],"yoast_head":"<!-- This site is optimized with the Yoast SEO Premium plugin v27.0 (Yoast SEO v27.3) - https:\/\/yoast.com\/product\/yoast-seo-premium-wordpress\/ -->\n<title>Refrigerant Wholesale - Global Shipping - WS Refrigerants<\/title>\n<meta name=\"description\" content=\"Buy Refrigerant Gas from the Best Refrigerant Suppliers. Huge Discounts. Authentic products from Major Brands. Worldwide Shipping\" \/>\n<meta name=\"robots\" content=\"index, follow, max-snippet:-1, max-image-preview:large, max-video-preview:-1\" \/>\n<link rel=\"canonical\" href=\"https:\/\/refrigerant-wholesale.com\/es\/acerca-de\/\" \/>\n<meta property=\"og:locale\" content=\"es_ES\" \/>\n<meta property=\"og:type\" content=\"article\" \/>\n<meta property=\"og:title\" content=\"Refrigerant Gas Wholesale\" \/>\n<meta property=\"og:description\" content=\"Buy Refrigerant Gas from the Best Refrigerant Suppliers. Huge Discounts. Authentic products from Major Brands. Worldwide Shipping\" \/>\n<meta property=\"og:url\" content=\"https:\/\/refrigerant-wholesale.com\/es\/acerca-de\/\" \/>\n<meta property=\"og:site_name\" content=\"Refrigerant Gas Wholesale\" \/>\n<meta property=\"article:publisher\" content=\"https:\/\/www.facebook.com\/refrigerantwholesale\" \/>\n<meta property=\"article:modified_time\" content=\"2025-03-01T20:34:44+00:00\" \/>\n<meta name=\"twitter:card\" content=\"summary_large_image\" \/>\n<meta name=\"twitter:label1\" content=\"Tiempo de lectura\" \/>\n\t<meta name=\"twitter:data1\" content=\"3 minutos\" \/>\n<script type=\"application\/ld+json\" class=\"yoast-schema-graph\">{\"@context\":\"https:\\\/\\\/schema.org\",\"@graph\":[{\"@type\":\"WebPage\",\"@id\":\"https:\\\/\\\/refrigerant-wholesale.com\\\/es\\\/acerca-de\\\/\",\"url\":\"https:\\\/\\\/refrigerant-wholesale.com\\\/es\\\/acerca-de\\\/\",\"name\":\"Refrigerant Wholesale - Global Shipping - WS Refrigerants\",\"isPartOf\":{\"@id\":\"https:\\\/\\\/refrigerant-wholesale.com\\\/es\\\/#website\"},\"datePublished\":\"2013-08-11T19:06:15+00:00\",\"dateModified\":\"2025-03-01T20:34:44+00:00\",\"description\":\"Buy Refrigerant Gas from the Best Refrigerant Suppliers. Huge Discounts. Authentic products from Major Brands. Worldwide Shipping\",\"breadcrumb\":{\"@id\":\"https:\\\/\\\/refrigerant-wholesale.com\\\/es\\\/acerca-de\\\/#breadcrumb\"},\"inLanguage\":\"es\",\"potentialAction\":[{\"@type\":\"ReadAction\",\"target\":[\"https:\\\/\\\/refrigerant-wholesale.com\\\/es\\\/acerca-de\\\/\"]}]},{\"@type\":\"BreadcrumbList\",\"@id\":\"https:\\\/\\\/refrigerant-wholesale.com\\\/es\\\/acerca-de\\\/#breadcrumb\",\"itemListElement\":[{\"@type\":\"ListItem\",\"position\":1,\"name\":\"Home\",\"item\":\"https:\\\/\\\/refrigerant-wholesale.com\\\/es\\\/\"},{\"@type\":\"ListItem\",\"position\":2,\"name\":\"Acerca de\"}]},{\"@type\":\"WebSite\",\"@id\":\"https:\\\/\\\/refrigerant-wholesale.com\\\/es\\\/#website\",\"url\":\"https:\\\/\\\/refrigerant-wholesale.com\\\/es\\\/\",\"name\":\"Refrigerant Gas Wholesale\",\"description\":\"AC Gas supplier\",\"publisher\":{\"@id\":\"https:\\\/\\\/refrigerant-wholesale.com\\\/es\\\/#organization\"},\"potentialAction\":[{\"@type\":\"SearchAction\",\"target\":{\"@type\":\"EntryPoint\",\"urlTemplate\":\"https:\\\/\\\/refrigerant-wholesale.com\\\/es\\\/?s={search_term_string}\"},\"query-input\":{\"@type\":\"PropertyValueSpecification\",\"valueRequired\":true,\"valueName\":\"search_term_string\"}}],\"inLanguage\":\"es\"},{\"@type\":\"Organization\",\"@id\":\"https:\\\/\\\/refrigerant-wholesale.com\\\/es\\\/#organization\",\"name\":\"Refrigerant Gas Wholesale\",\"url\":\"https:\\\/\\\/refrigerant-wholesale.com\\\/es\\\/\",\"logo\":{\"@type\":\"ImageObject\",\"inLanguage\":\"es\",\"@id\":\"https:\\\/\\\/refrigerant-wholesale.com\\\/es\\\/#\\\/schema\\\/logo\\\/image\\\/\",\"url\":\"http:\\\/\\\/refrigerant-wholesale.com\\\/wp-content\\\/uploads\\\/2024\\\/04\\\/refrigerant-logo.png\",\"contentUrl\":\"http:\\\/\\\/refrigerant-wholesale.com\\\/wp-content\\\/uploads\\\/2024\\\/04\\\/refrigerant-logo.png\",\"width\":400,\"height\":84,\"caption\":\"Refrigerant Gas Wholesale\"},\"image\":{\"@id\":\"https:\\\/\\\/refrigerant-wholesale.com\\\/es\\\/#\\\/schema\\\/logo\\\/image\\\/\"},\"sameAs\":[\"https:\\\/\\\/www.facebook.com\\\/refrigerantwholesale\"]}]}<\/script>\n<!-- \/ Yoast SEO Premium plugin. -->","yoast_head_json":{"title":"Refrigerant Wholesale - Global Shipping - WS Refrigerants","description":"Buy Refrigerant Gas from the Best Refrigerant Suppliers. Huge Discounts. Authentic products from Major Brands. Worldwide Shipping","robots":{"index":"index","follow":"follow","max-snippet":"max-snippet:-1","max-image-preview":"max-image-preview:large","max-video-preview":"max-video-preview:-1"},"canonical":"https:\/\/refrigerant-wholesale.com\/es\/acerca-de\/","og_locale":"es_ES","og_type":"article","og_title":"Refrigerant Gas Wholesale","og_description":"Buy Refrigerant Gas from the Best Refrigerant Suppliers. Huge Discounts. Authentic products from Major Brands. Worldwide Shipping","og_url":"https:\/\/refrigerant-wholesale.com\/es\/acerca-de\/","og_site_name":"Refrigerant Gas Wholesale","article_publisher":"https:\/\/www.facebook.com\/refrigerantwholesale","article_modified_time":"2025-03-01T20:34:44+00:00","twitter_card":"summary_large_image","twitter_misc":{"Tiempo de lectura":"3 minutos"},"schema":{"@context":"https:\/\/schema.org","@graph":[{"@type":"WebPage","@id":"https:\/\/refrigerant-wholesale.com\/es\/acerca-de\/","url":"https:\/\/refrigerant-wholesale.com\/es\/acerca-de\/","name":"Refrigerant Wholesale - Global Shipping - WS Refrigerants","isPartOf":{"@id":"https:\/\/refrigerant-wholesale.com\/es\/#website"},"datePublished":"2013-08-11T19:06:15+00:00","dateModified":"2025-03-01T20:34:44+00:00","description":"Buy Refrigerant Gas from the Best Refrigerant Suppliers. Huge Discounts. Authentic products from Major Brands. Worldwide Shipping","breadcrumb":{"@id":"https:\/\/refrigerant-wholesale.com\/es\/acerca-de\/#breadcrumb"},"inLanguage":"es","potentialAction":[{"@type":"ReadAction","target":["https:\/\/refrigerant-wholesale.com\/es\/acerca-de\/"]}]},{"@type":"BreadcrumbList","@id":"https:\/\/refrigerant-wholesale.com\/es\/acerca-de\/#breadcrumb","itemListElement":[{"@type":"ListItem","position":1,"name":"Home","item":"https:\/\/refrigerant-wholesale.com\/es\/"},{"@type":"ListItem","position":2,"name":"Acerca de"}]},{"@type":"WebSite","@id":"https:\/\/refrigerant-wholesale.com\/es\/#website","url":"https:\/\/refrigerant-wholesale.com\/es\/","name":"Refrigerant Gas Wholesale","description":"AC Gas supplier","publisher":{"@id":"https:\/\/refrigerant-wholesale.com\/es\/#organization"},"potentialAction":[{"@type":"SearchAction","target":{"@type":"EntryPoint","urlTemplate":"https:\/\/refrigerant-wholesale.com\/es\/?s={search_term_string}"},"query-input":{"@type":"PropertyValueSpecification","valueRequired":true,"valueName":"search_term_string"}}],"inLanguage":"es"},{"@type":"Organization","@id":"https:\/\/refrigerant-wholesale.com\/es\/#organization","name":"Refrigerant Gas Wholesale","url":"https:\/\/refrigerant-wholesale.com\/es\/","logo":{"@type":"ImageObject","inLanguage":"es","@id":"https:\/\/refrigerant-wholesale.com\/es\/#\/schema\/logo\/image\/","url":"http:\/\/refrigerant-wholesale.com\/wp-content\/uploads\/2024\/04\/refrigerant-logo.png","contentUrl":"http:\/\/refrigerant-wholesale.com\/wp-content\/uploads\/2024\/04\/refrigerant-logo.png","width":400,"height":84,"caption":"Refrigerant Gas Wholesale"},"image":{"@id":"https:\/\/refrigerant-wholesale.com\/es\/#\/schema\/logo\/image\/"},"sameAs":["https:\/\/www.facebook.com\/refrigerantwholesale"]}]}},"_links":{"self":[{"href":"https:\/\/refrigerant-wholesale.com\/es\/wp-json\/wp\/v2\/pages\/2015","targetHints":{"allow":["GET"]}}],"collection":[{"href":"https:\/\/refrigerant-wholesale.com\/es\/wp-json\/wp\/v2\/pages"}],"about":[{"href":"https:\/\/refrigerant-wholesale.com\/es\/wp-json\/wp\/v2\/types\/page"}],"author":[{"embeddable":true,"href":"https:\/\/refrigerant-wholesale.com\/es\/wp-json\/wp\/v2\/users\/1"}],"replies":[{"embeddable":true,"href":"https:\/\/refrigerant-wholesale.com\/es\/wp-json\/wp\/v2\/comments?post=2015"}],"version-history":[{"count":2,"href":"https:\/\/refrigerant-wholesale.com\/es\/wp-json\/wp\/v2\/pages\/2015\/revisions"}],"predecessor-version":[{"id":2033,"href":"https:\/\/refrigerant-wholesale.com\/es\/wp-json\/wp\/v2\/pages\/2015\/revisions\/2033"}],"wp:attachment":[{"href":"https:\/\/refrigerant-wholesale.com\/es\/wp-json\/wp\/v2\/media?parent=2015"}],"curies":[{"name":"wp","href":"https:\/\/api.w.org\/{rel}","templated":true}]}}